{"id":136,"date":"2023-04-03T18:23:20","date_gmt":"2023-04-03T16:23:20","guid":{"rendered":"https:\/\/conscharleroi.esteri.it\/chi-siamo\/"},"modified":"2026-03-31T10:45:47","modified_gmt":"2026-03-31T08:45:47","slug":"chi-siamo","status":"publish","type":"page","link":"https:\/\/conscharleroi.esteri.it\/fr\/chi-siamo\/","title":{"rendered":"Qui sommes-nous"},"content":{"rendered":"<p style=\"text-align: justify;\">La circonscription consulaire du Consulat G\u00e9n\u00e9ral d&rsquo;Italie comprend les provinces de Hainaut, Namur, Li\u00e8ge et Luxembourg.<\/p>\n<p style=\"text-align: justify;\"><strong>Le Consul G\u00e9n\u00e9ral : Pier Luigi Gentile<\/strong><\/p>\n<p><strong>Adresse :<\/strong> Rue Willy Ernst, 23 &#8211; 6000 Charleroi (Belgio) \u00a0<strong><a href=\"https:\/\/www.google.be\/maps\/place\/Rue+Willy+Ernst+23,+6000+Charleroi\/@50.4093663,4.4465616,17z\/data=!3m1!4b1!4m5!3m4!1s0x47c2260d22320ffb:0x336165e7db9c7c34!8m2!3d50.4093663!4d4.4487503?hl=fr\">GPS<\/a><\/strong><\/p>\n<p><strong>Telefono:<\/strong> +32 (0) 71 32 86 50<\/p>\n<p><strong>Prendre un rendez-vous: <a href=\"https:\/\/conscharleroi.esteri.it\/fr\/servizi-consolari-e-visti\/servizi-per-il-cittadino-italiano\/prendre-un-rendez-vous\/\"><span style=\"text-decoration: underline;\">ici<\/span><\/a><\/strong><\/p>\n<p>Les services sont accessibles uniquement sur rendez-vous du lundi au vendredi, de 9h \u00e0 12h30 et \u00e9galement le mercredi de 14h \u00e0 16h.<\/p>\n","protected":false},"excerpt":{"rendered":"La circonscription consulaire du Consulat G\u00e9n\u00e9ral d&rsquo;Italie comprend les provinces de Hainaut, Namur, Li\u00e8ge et Luxembourg. Le Consul G\u00e9n\u00e9ral : Pier Luigi Gentile Adresse : Rue Willy Ernst, 23 &#8211; 6000 Charleroi (Belgio) \u00a0GPS Telefono: +32 (0) 71 32 86 50 Prendre un rendez-vous: ici Les services sont accessibles uniquement sur rendez-vous du lundi au [&hellip;]","protected":false},"author":1,"featured_media":0,"parent":0,"menu_order":2,"comment_status":"closed","ping_status":"closed","template":"","meta":{"footnotes":""},"class_list":["post-136","page","type-page","status-publish","hentry"],"_links":{"self":[{"href":"https:\/\/conscharleroi.esteri.it\/fr\/wp-json\/wp\/v2\/pages\/136","targetHints":{"allow":["GET"]}}],"collection":[{"href":"https:\/\/conscharleroi.esteri.it\/fr\/wp-json\/wp\/v2\/pages"}],"about":[{"href":"https:\/\/conscharleroi.esteri.it\/fr\/wp-json\/wp\/v2\/types\/page"}],"author":[{"embeddable":true,"href":"https:\/\/conscharleroi.esteri.it\/fr\/wp-json\/wp\/v2\/users\/1"}],"replies":[{"embeddable":true,"href":"https:\/\/conscharleroi.esteri.it\/fr\/wp-json\/wp\/v2\/comments?post=136"}],"version-history":[{"count":7,"href":"https:\/\/conscharleroi.esteri.it\/fr\/wp-json\/wp\/v2\/pages\/136\/revisions"}],"predecessor-version":[{"id":3613,"href":"https:\/\/conscharleroi.esteri.it\/fr\/wp-json\/wp\/v2\/pages\/136\/revisions\/3613"}],"wp:attachment":[{"href":"https:\/\/conscharleroi.esteri.it\/fr\/wp-json\/wp\/v2\/media?parent=136"}],"curies":[{"name":"wp","href":"https:\/\/api.w.org\/{rel}","templated":true}]}}