{"id":139,"date":"2023-04-03T19:15:30","date_gmt":"2023-04-03T17:15:30","guid":{"rendered":"https:\/\/conscharleroi.esteri.it\/chi-siamo\/la-sede\/"},"modified":"2023-10-02T15:54:35","modified_gmt":"2023-10-02T13:54:35","slug":"la-sede","status":"publish","type":"page","link":"https:\/\/conscharleroi.esteri.it\/fr\/chi-siamo\/la-sede\/","title":{"rendered":"Le Consulat"},"content":{"rendered":"<p>Le si\u00e8ge actuel du Consulat G\u00e9n\u00e9ral d&rsquo;Italie de Charleroi, sis rue Willy Ernst 23, a \u00e9t\u00e9 inaugur\u00e9 le 12 novembre 2012 en pr\u00e9sence de nombreux repr\u00e9sentants des autorit\u00e9s italiennes et belges.<\/p>\n<p style=\"text-align: justify;\">Il s&rsquo;agit d&rsquo;un batiment moderne, caract\u00e9ris\u00e9 par de grandes baies vitr\u00e9es donnant sur le Parc Astrid.<\/p>\n<p style=\"text-align: justify;\">Pour en savoir plus sur le si\u00e8ge actuel du Consulat, vous pouvez consulter les liens suivants:<\/p>\n<ul>\n<li><a href=\"https:\/\/conscharleroi.esteri.it\/wp-content\/uploads\/2023\/09\/15243_f_cons97Inaugurazionenuovasede.pdf\">Report inaugurazione Sede<\/a> (it)<\/li>\n<li><a href=\"https:\/\/www.youtube.com\/watch?v=SCExVz364DM\">Video inaugurazione Sede<\/a> (fr)<\/li>\n<\/ul>\n<p><img loading=\"lazy\" decoding=\"async\" class=\"img-fluid alignnone wp-image-286 \" src=\"https:\/\/conscharleroi.esteri.it\/wp-content\/uploads\/2023\/06\/sede-imm-siti-fotone-1-1024x768.jpg\" alt=\"\" width=\"583\" height=\"437\" srcset=\"https:\/\/conscharleroi.esteri.it\/wp-content\/uploads\/2023\/06\/sede-imm-siti-fotone-1-1024x768.jpg 1024w, https:\/\/conscharleroi.esteri.it\/wp-content\/uploads\/2023\/06\/sede-imm-siti-fotone-1-300x225.jpg 300w, https:\/\/conscharleroi.esteri.it\/wp-content\/uploads\/2023\/06\/sede-imm-siti-fotone-1-768x576.jpg 768w\" sizes=\"auto, (max-width: 583px) 100vw, 583px\" \/><\/p>\n<p><strong>Dans l&rsquo;histoire:<\/strong><\/p>\n<p>Avant 2012, le b\u00e2timent o\u00f9 \u00e9tait h\u00e9berg\u00e9 le Consulat G\u00e9n\u00e9ral d&rsquo;Italie \u00e0 Charleroi se trouvait au Boulevard Audent, dans un \u00e9difice consid\u00e9r\u00e9 patrimoine artistique et culturel de la ville de Charleroi. Ce b\u00e2timent avait \u00e9t\u00e9 \u00e9rig\u00e9 en 1877 par Jules Audent , alors bourgmestre de Charleroi. Cet \u00e9difice, toujours visible aujourd&rsquo;hui, est caract\u00e9ris\u00e9 par un style achitectural n\u00e9o-renaissance. Avant d&rsquo;\u00eatre le si\u00e8ge du Consulat, il a h\u00e9berg\u00e9 le commandement militaire allemand et alli\u00e9<span lang=\"IT\">. On retrouve \u00e0 l&rsquo;int\u00e9rieur de ce b\u00e2timent un impressionnant escalier en bois, de pr\u00e9cieux vitraux et des plafonds peints avec dorures.<br \/>\n<\/span><\/p>\n","protected":false},"excerpt":{"rendered":"Le si\u00e8ge actuel du Consulat G\u00e9n\u00e9ral d&rsquo;Italie de Charleroi, sis rue Willy Ernst 23, a \u00e9t\u00e9 inaugur\u00e9 le 12 novembre 2012 en pr\u00e9sence de nombreux repr\u00e9sentants des autorit\u00e9s italiennes et belges. Il s&rsquo;agit d&rsquo;un batiment moderne, caract\u00e9ris\u00e9 par de grandes baies vitr\u00e9es donnant sur le Parc Astrid. Pour en savoir plus sur le si\u00e8ge actuel [&hellip;]","protected":false},"author":1,"featured_media":0,"parent":136,"menu_order":2,"comment_status":"closed","ping_status":"closed","template":"","meta":{"footnotes":""},"class_list":["post-139","page","type-page","status-publish","hentry"],"_links":{"self":[{"href":"https:\/\/conscharleroi.esteri.it\/fr\/wp-json\/wp\/v2\/pages\/139","targetHints":{"allow":["GET"]}}],"collection":[{"href":"https:\/\/conscharleroi.esteri.it\/fr\/wp-json\/wp\/v2\/pages"}],"about":[{"href":"https:\/\/conscharleroi.esteri.it\/fr\/wp-json\/wp\/v2\/types\/page"}],"author":[{"embeddable":true,"href":"https:\/\/conscharleroi.esteri.it\/fr\/wp-json\/wp\/v2\/users\/1"}],"replies":[{"embeddable":true,"href":"https:\/\/conscharleroi.esteri.it\/fr\/wp-json\/wp\/v2\/comments?post=139"}],"version-history":[{"count":5,"href":"https:\/\/conscharleroi.esteri.it\/fr\/wp-json\/wp\/v2\/pages\/139\/revisions"}],"predecessor-version":[{"id":1014,"href":"https:\/\/conscharleroi.esteri.it\/fr\/wp-json\/wp\/v2\/pages\/139\/revisions\/1014"}],"up":[{"embeddable":true,"href":"https:\/\/conscharleroi.esteri.it\/fr\/wp-json\/wp\/v2\/pages\/136"}],"wp:attachment":[{"href":"https:\/\/conscharleroi.esteri.it\/fr\/wp-json\/wp\/v2\/media?parent=139"}],"curies":[{"name":"wp","href":"https:\/\/api.w.org\/{rel}","templated":true}]}}