{"id":141,"date":"2023-04-03T19:15:47","date_gmt":"2023-04-03T17:15:47","guid":{"rendered":"https:\/\/conscharleroi.esteri.it\/chi-siamo\/gli-uffici\/"},"modified":"2026-01-26T10:05:58","modified_gmt":"2026-01-26T08:05:58","slug":"gli-uffici","status":"publish","type":"page","link":"https:\/\/conscharleroi.esteri.it\/fr\/chi-siamo\/gli-uffici\/","title":{"rendered":"Les bureaux"},"content":{"rendered":"<p>Les bureaux sont accessibles <a href=\"https:\/\/conscharleroi.esteri.it\/fr\/servizi-consolari-e-visti\/servizi-per-il-cittadino-italiano\/prendre-un-rendez-vous\/\">uniquement sur rendez-vous<\/a>.<\/p>\n<p>\u00b7 le matin: du lundi au vendredi de 09.00 \u00e0 12.30<br \/>\n\u00b7 les mercredis apr\u00e8s-midi, de 14.00 \u00e0 16.00<\/p>\n<table style=\"height: 1640px;\" width=\"981\">\n<tbody>\n<tr>\n<td width=\"158\"><strong>Service<\/strong><\/td>\n<td width=\"227\"><strong>Adresse email<\/strong><\/td>\n<td width=\"95\"><strong>T\u00e9l\u00e9phone<\/strong><\/td>\n<td width=\"170\"><strong>Horaires de contact l&rsquo;apr\u00e8s-midi<\/strong><\/td>\n<\/tr>\n<tr>\n<td colspan=\"4\" width=\"650\"><strong>SERVICES CONSULAIRES<\/strong><\/td>\n<\/tr>\n<tr>\n<td width=\"158\"><a href=\"https:\/\/conscharleroi.esteri.it\/fr\/servizi-consolari-e-visti\/servizi-per-il-cittadino-italiano\/anagrafe-degli-italiani-residenti-allestero-aire\/\">Anagrafe \/ AIRE<\/a><\/td>\n<td width=\"227\">charleroi.aire@esteri.it<\/td>\n<td width=\"95\">071 32 86 50<\/td>\n<td width=\"170\">Lun, Mar, jeu \u2013 14:30 \/ 16:00<\/td>\n<\/tr>\n<tr>\n<td width=\"158\"><a href=\"https:\/\/conscharleroi.esteri.it\/fr\/servizi-consolari-e-visti\/servizi-per-il-cittadino-italiano\/la-carta-didentita-elettronica-c-i-e\/\">Cartes d\u2019identit\u00e9<\/a><\/td>\n<td width=\"227\">charleroi.ci@esteri.it<\/td>\n<td width=\"95\">071 32 86 50<\/td>\n<td width=\"170\">Lun, Mar, jeu \u2013 14:30 \/ 16:00<\/td>\n<\/tr>\n<tr>\n<td width=\"158\"><a href=\"https:\/\/conscharleroi.esteri.it\/fr\/servizi-consolari-e-visti\/servizi-per-il-cittadino-italiano\/passaporti-e-carte-didentita\/\">Passeports<\/a> \/ <a href=\"https:\/\/conscharleroi.esteri.it\/fr\/servizi-consolari-e-visti\/servizi-per-il-cittadino-italiano\/emergency-travel-documents-etd\/\">ETD<\/a><\/p>\n<p>Passeports de service<\/td>\n<td width=\"227\">charleroi.passaporti@esteri.it \/<\/p>\n<p>charleroi.servpass@esteri.it<\/td>\n<td width=\"95\">071 32 86 50<\/td>\n<td width=\"170\">Lun, Mar, jeu \u2013 14:30 \/ 16:00<\/td>\n<\/tr>\n<tr>\n<td width=\"158\"><a href=\"https:\/\/conscharleroi.esteri.it\/fr\/servizi-consolari-e-visti\/servizi-per-il-cittadino-straniero\/cittadinanza\/\">Nationalit\u00e9<\/a><\/p>\n<p><a href=\"https:\/\/conscharleroi.esteri.it\/it\/servizi-consolari-e-visti\/servizi-per-il-cittadino-italiano\/stato-civile\/matrimonio\/le-pubblicazioni-di-matrimonio\/\">Publications de mariage<\/a><\/td>\n<td width=\"227\">charleroi.cittadinanza@esteri.it<\/td>\n<td width=\"95\">071 32 86 50<\/td>\n<td width=\"170\">Lun, Mar, jeu \u2013 14:30 \/ 16:00<\/td>\n<\/tr>\n<tr>\n<td width=\"158\"><a href=\"https:\/\/conscharleroi.esteri.it\/fr\/servizi-consolari-e-visti\/servizi-per-il-cittadino-italiano\/codice-fiscale\/\">Code<\/a><a href=\"https:\/\/conscharleroi.esteri.it\/fr\/servizi-consolari-e-visti\/servizi-per-il-cittadino-italiano\/codice-fiscale\/\">\u00a0fiscal<\/a><\/td>\n<td width=\"227\">charleroi.codicefiscale@esteri.it<\/td>\n<td width=\"95\">071 32 86 50<\/td>\n<td width=\"170\">Lun, Mar, jeu \u2013 14:30 \/ 16:00<\/td>\n<\/tr>\n<tr>\n<td width=\"158\"><a href=\"https:\/\/conscharleroi.esteri.it\/fr\/servizi-consolari-e-visti\/servizi-per-il-cittadino-italiano\/servizi-notarili\/\">Notari\u00e9<\/a><\/td>\n<td width=\"227\">charleroi.notarile@esteri.it<\/td>\n<td width=\"95\"><\/td>\n<td width=\"170\"><\/td>\n<\/tr>\n<tr>\n<td width=\"158\"><a href=\"https:\/\/conscharleroi.esteri.it\/fr\/servizi-consolari-e-visti\/servizi-per-il-cittadino-italiano\/assistenza-ai-cittadini-allestero\/\">Social<\/a><\/td>\n<td width=\"227\">charleroi.sociale@esteri.it<\/td>\n<td width=\"95\">071 32 86 50<\/td>\n<td width=\"170\">Lun, Mar, jeu \u2013 14:30 \/ 16:00<\/td>\n<\/tr>\n<tr>\n<td width=\"158\"><a href=\"https:\/\/conscharleroi.esteri.it\/fr\/servizi-consolari-e-visti\/servizi-per-il-cittadino-italiano\/service-informations-etudes-et-diplomes\/\">Certificats d\u2019\u00e9tude<\/a><\/td>\n<td width=\"227\">charleroi.studi@esteri.it<\/td>\n<td width=\"95\">071 32 86 50<\/td>\n<td width=\"170\">Lun, Mar, jeu \u2013 14:30 \/ 16:00<\/td>\n<\/tr>\n<tr>\n<td width=\"158\"><a href=\"https:\/\/conscharleroi.esteri.it\/fr\/servizi-consolari-e-visti\/servizi-per-il-cittadino-italiano\/servizi-elettorali\/\">Elections<\/a><\/td>\n<td width=\"227\">charleroi.elezioni@esteri.it<\/td>\n<td width=\"95\">071 32 86 50<\/td>\n<td width=\"170\">Lun, Mar, jeu \u2013 14:30 \/ 16:00<\/td>\n<\/tr>\n<tr>\n<td colspan=\"4\" width=\"650\"><strong>Etat civil<\/strong><\/td>\n<\/tr>\n<tr>\n<td width=\"158\"><a href=\"https:\/\/conscharleroi.esteri.it\/fr\/servizi-consolari-e-visti\/servizi-per-il-cittadino-italiano\/stato-civile\/naissance\/\">Naissance<\/a><\/td>\n<td width=\"227\">charleroi.nascite@esteri.it<\/td>\n<td width=\"95\">071 32 86 50<\/td>\n<td width=\"170\">Lun, Mar, jeu \u2013 14:30 \/ 16:00<\/td>\n<\/tr>\n<tr>\n<td width=\"158\"><a href=\"https:\/\/conscharleroi.esteri.it\/fr\/servizi-consolari-e-visti\/servizi-per-il-cittadino-italiano\/stato-civile\/mariage\/\">Mariage<\/a><\/td>\n<td width=\"227\">charleroi.matrimoni@esteri.it<\/td>\n<td width=\"95\">071 32 86 50<\/td>\n<td width=\"170\">Lun, Mar, jeu \u2013 14:30 \/ 16:00<\/td>\n<\/tr>\n<tr>\n<td width=\"158\"><a href=\"https:\/\/conscharleroi.esteri.it\/fr\/servizi-consolari-e-visti\/servizi-per-il-cittadino-italiano\/stato-civile\/divorces\/\">Divorces<\/a><\/td>\n<td width=\"227\">charleroi.divorzi@esteri.it<\/td>\n<td width=\"95\">071 32 86 50<\/td>\n<td width=\"170\">Lun, Mar, jeu \u2013 14:30 \/ 16:00<\/td>\n<\/tr>\n<tr>\n<td width=\"158\"><a href=\"https:\/\/conscharleroi.esteri.it\/fr\/servizi-consolari-e-visti\/servizi-per-il-cittadino-italiano\/stato-civile\/deces\/\">D\u00e9c\u00e8s<\/a><\/td>\n<td width=\"227\">charleroi.dcd@esteri.it<\/td>\n<td width=\"95\">071 32 86 50<\/td>\n<td width=\"170\">Lun, Mar, jeu \u2013 14:30 \/ 16:00<\/td>\n<\/tr>\n<tr>\n<td width=\"158\"><a href=\"https:\/\/conscharleroi.esteri.it\/fr\/servizi-consolari-e-visti\/servizi-per-il-cittadino-italiano\/stato-civile\/certificats-detat-civil\/\">Certificats d\u2019\u00e9tat civil<\/a><\/td>\n<td width=\"227\">consgencharleroi.certificati@esteri.it<\/td>\n<td width=\"95\">071 32 86 50<\/td>\n<td width=\"170\">Lun, Mar, jeu \u2013 14:30 \/ 16:00<\/td>\n<\/tr>\n<tr>\n<td colspan=\"4\" width=\"650\"><\/td>\n<\/tr>\n<tr>\n<td width=\"158\">Secr\u00e9tariat du Consul G\u00e9n\u00e9ral<\/td>\n<td width=\"227\">charleroi.segreteria@esteri.it<\/td>\n<td width=\"95\"><\/td>\n<td width=\"170\"><\/td>\n<\/tr>\n<\/tbody>\n<\/table>\n<p>&nbsp;<\/p>\n","protected":false},"excerpt":{"rendered":"Les bureaux sont accessibles uniquement sur rendez-vous. \u00b7 le matin: du lundi au vendredi de 09.00 \u00e0 12.30 \u00b7 les mercredis apr\u00e8s-midi, de 14.00 \u00e0 16.00 Service Adresse email T\u00e9l\u00e9phone Horaires de contact l&rsquo;apr\u00e8s-midi SERVICES CONSULAIRES Anagrafe \/ AIRE charleroi.aire@esteri.it 071 32 86 50 Lun, Mar, jeu \u2013 14:30 \/ 16:00 Cartes d\u2019identit\u00e9 charleroi.ci@esteri.it 071 [&hellip;]","protected":false},"author":1,"featured_media":0,"parent":136,"menu_order":6,"comment_status":"closed","ping_status":"closed","template":"","meta":{"footnotes":""},"class_list":["post-141","page","type-page","status-publish","hentry"],"_links":{"self":[{"href":"https:\/\/conscharleroi.esteri.it\/fr\/wp-json\/wp\/v2\/pages\/141","targetHints":{"allow":["GET"]}}],"collection":[{"href":"https:\/\/conscharleroi.esteri.it\/fr\/wp-json\/wp\/v2\/pages"}],"about":[{"href":"https:\/\/conscharleroi.esteri.it\/fr\/wp-json\/wp\/v2\/types\/page"}],"author":[{"embeddable":true,"href":"https:\/\/conscharleroi.esteri.it\/fr\/wp-json\/wp\/v2\/users\/1"}],"replies":[{"embeddable":true,"href":"https:\/\/conscharleroi.esteri.it\/fr\/wp-json\/wp\/v2\/comments?post=141"}],"version-history":[{"count":6,"href":"https:\/\/conscharleroi.esteri.it\/fr\/wp-json\/wp\/v2\/pages\/141\/revisions"}],"predecessor-version":[{"id":3883,"href":"https:\/\/conscharleroi.esteri.it\/fr\/wp-json\/wp\/v2\/pages\/141\/revisions\/3883"}],"up":[{"embeddable":true,"href":"https:\/\/conscharleroi.esteri.it\/fr\/wp-json\/wp\/v2\/pages\/136"}],"wp:attachment":[{"href":"https:\/\/conscharleroi.esteri.it\/fr\/wp-json\/wp\/v2\/media?parent=141"}],"curies":[{"name":"wp","href":"https:\/\/api.w.org\/{rel}","templated":true}]}}