{"id":143,"date":"2023-04-03T19:16:15","date_gmt":"2023-04-03T17:16:15","guid":{"rendered":"https:\/\/conscharleroi.esteri.it\/chi-siamo\/numeri-di-emergenza\/"},"modified":"2026-03-09T11:02:36","modified_gmt":"2026-03-09T09:02:36","slug":"numeri-di-emergenza","status":"publish","type":"page","link":"https:\/\/conscharleroi.esteri.it\/fr\/chi-siamo\/numeri-di-emergenza\/","title":{"rendered":"Num\u00e9ros d\u2019urgence"},"content":{"rendered":"<p style=\"text-align: justify;\">Les services de secours sont accessibles 24\/24 et 7\/7 dans toute l\u2019UE au num\u00e9ro unique : 112<\/p>\n<p style=\"text-align: justify;\">En dehors des horaires d\u2019ouverture du Consulat G\u00e9n\u00e9ral, le num\u00e9ro d\u2019appel en cas d\u2019urgence (\u00e0\u00a0<strong>r\u00e9server aux cas d\u2019urgence<\/strong><br \/>\n<strong>effective et non pour demander des renseignements<\/strong> d&rsquo;ordre g\u00e9n\u00e9ral) est le <strong>+32 (0) 476.221.865<\/strong><\/p>\n<p style=\"text-align: justify;\">Il est actif du lundi au vendredi de 17h \u00e0 22h; le samedi, dimanche et jours f\u00e9ri\u00e9s de 8h \u00e0 22h.<\/p>\n<p style=\"text-align: justify;\"><strong>Toute question concernant le passeport ou autres titres de voyage, informations diverses, prise de rendez-vous, etc. ne peut<\/strong><strong>\u00a0\u00eatre <\/strong><strong>consid\u00e9r\u00e9e comme une urgence.<\/strong><\/p>\n<p>Vous trouverez les coordonn\u00e9es des diff\u00e9rents<a href=\"https:\/\/conscharleroi.esteri.it\/fr\/chi-siamo\/gli-uffici\/\"> services consulaires i\u00e7i<\/a>.<\/p>\n<p>Pour conna\u00eetre les conditions de d\u00e9livrance d&rsquo;un <strong>passeport en cas d&rsquo;urgence<\/strong>, veuillez consulter<a href=\"https:\/\/conscharleroi.esteri.it\/fr\/servizi-consolari-e-visti\/servizi-per-il-cittadino-italiano\/passaporti-e-carte-didentita\/passeport-en-urgence\/\"> cette page<\/a><strong> avant de nous contacter au num\u00e9ro d&rsquo;urgence<\/strong>.<\/p>\n<p>Fonctionnaire de garde du Ministere des Affaires Etrangeres et de la Cooperation Internationale\u00a0 &#8211; 24\/24: tel. + 39 06 3691 2666<\/p>\n","protected":false},"excerpt":{"rendered":"Les services de secours sont accessibles 24\/24 et 7\/7 dans toute l\u2019UE au num\u00e9ro unique : 112 En dehors des horaires d\u2019ouverture du Consulat G\u00e9n\u00e9ral, le num\u00e9ro d\u2019appel en cas d\u2019urgence (\u00e0\u00a0r\u00e9server aux cas d\u2019urgence effective et non pour demander des renseignements d&rsquo;ordre g\u00e9n\u00e9ral) est le +32 (0) 476.221.865 Il est actif du lundi au [&hellip;]","protected":false},"author":1,"featured_media":0,"parent":136,"menu_order":10,"comment_status":"closed","ping_status":"closed","template":"","meta":{"footnotes":""},"class_list":["post-143","page","type-page","status-publish","hentry"],"_links":{"self":[{"href":"https:\/\/conscharleroi.esteri.it\/fr\/wp-json\/wp\/v2\/pages\/143","targetHints":{"allow":["GET"]}}],"collection":[{"href":"https:\/\/conscharleroi.esteri.it\/fr\/wp-json\/wp\/v2\/pages"}],"about":[{"href":"https:\/\/conscharleroi.esteri.it\/fr\/wp-json\/wp\/v2\/types\/page"}],"author":[{"embeddable":true,"href":"https:\/\/conscharleroi.esteri.it\/fr\/wp-json\/wp\/v2\/users\/1"}],"replies":[{"embeddable":true,"href":"https:\/\/conscharleroi.esteri.it\/fr\/wp-json\/wp\/v2\/comments?post=143"}],"version-history":[{"count":6,"href":"https:\/\/conscharleroi.esteri.it\/fr\/wp-json\/wp\/v2\/pages\/143\/revisions"}],"predecessor-version":[{"id":4006,"href":"https:\/\/conscharleroi.esteri.it\/fr\/wp-json\/wp\/v2\/pages\/143\/revisions\/4006"}],"up":[{"embeddable":true,"href":"https:\/\/conscharleroi.esteri.it\/fr\/wp-json\/wp\/v2\/pages\/136"}],"wp:attachment":[{"href":"https:\/\/conscharleroi.esteri.it\/fr\/wp-json\/wp\/v2\/media?parent=143"}],"curies":[{"name":"wp","href":"https:\/\/api.w.org\/{rel}","templated":true}]}}