{"id":144,"date":"2023-04-03T19:16:29","date_gmt":"2023-04-03T17:16:29","guid":{"rendered":"https:\/\/conscharleroi.esteri.it\/chi-siamo\/la-rete-consolare\/"},"modified":"2026-02-25T11:19:00","modified_gmt":"2026-02-25T09:19:00","slug":"la-rete-consolare","status":"publish","type":"page","link":"https:\/\/conscharleroi.esteri.it\/fr\/chi-siamo\/la-rete-consolare\/","title":{"rendered":"Le r\u00e9seau consulaire"},"content":{"rendered":"<p><a href=\"https:\/\/ambbruxelles.esteri.it\/it\/\"><strong>AMBASSADE D\u2019ITALIE AUPR\u00c8S DU ROYAUME DE BELGIQUE<\/strong><\/a><\/p>\n<p>Ambassadeur : Federica Favi<\/p>\n<p>La Chancellerie diplomatique est charg\u00e9e des relations politiques, \u00e9conomiques et culturelles entre l\u2019Italie et le Royaume de Belgique.<\/p>\n<p>Adresse : Rue Joseph II, 24 \u2013 1000 Bruxelles<\/p>\n<p>T\u00e9l. : +32 (0)2 643 38 50<\/p>\n<p>E-mail : ambbruxelles@esteri.it<\/p>\n<p>PEC : amb.bruxelles@cert.esteri.it<\/p>\n<hr \/>\n<p><a href=\"https:\/\/consbruxelles.esteri.it\/it\/\"><strong>CONSULAT G\u00c9N\u00c9RAL D\u2019ITALIE \u00c0 BRUXELLES<\/strong><\/a><\/p>\n<p>Consul G\u00e9n\u00e9ral : Francesco Varriale<\/p>\n<p>Agent Consulaire : Dr Cristiana Cuneo<\/p>\n<p>Adresse : Rue de Livourne, 38 \u2013 1000 Bruxelles<\/p>\n<p>T\u00e9l. : +32 (0)2 543 15 50<\/p>\n<p>E-mail : segreteria.bruxelles@esteri.it<\/p>\n<p>PEC : con.bruxelles@cert.esteri.it<\/p>\n<hr \/>\n<p><strong>CONSULAT G\u00c9N\u00c9RAL D\u2019ITALIE \u00c0 CHARLEROI<\/strong><\/p>\n<p>Consul G\u00e9n\u00e9ral : Pier Luigi Gentile<\/p>\n<p>Agent Consulaire : Dr Serenella Napolitano<\/p>\n<p>Adresse : Rue Willy Ernst, 23 \u2013 6000 Charleroi<\/p>\n<p>T\u00e9l. : +32 (0)71 328 650<\/p>\n<p>E-mail : charleroi.segreteria@esteri.it<\/p>\n<p>PEC : con.charleroi@cert.esteri.it<\/p>\n<hr \/>\n<p><a href=\"https:\/\/conscharleroi.esteri.it\/fr\/chi-siamo\/la-rete-consolare\/le-consulat-onoraire-de-liege\/\"><strong>CONSULAT HONORAIRE D\u2019ITALIE \u00c0 LI\u00c8GE<\/strong><\/a><\/p>\n<p>Consul Honoraire : Domenico Petta<\/p>\n<p>Adresse : Parc de la Boverie, 1 \u2013 4020 Li\u00e8ge<\/p>\n<p>T\u00e9l. : +32 (0)4 223 36 11<\/p>\n<p>E-mail : liegi.onorario@esteri.it<\/p>\n<hr \/>\n<p><strong>CONSULAT HONORAIRE D\u2019ITALIE \u00c0 ANVERS<\/strong><\/p>\n<p>Consul honoraire : Avv. Carlo Tiribelli<\/p>\n<p>Adresse : Leopoldplaats 10\/3 \u2013 2000 Anvers<\/p>\n<p>T\u00e9l. : +32 (0)3 213 13 88<\/p>\n<p>E-mail : consolato.anversa@gmail.com<\/p>\n<hr \/>\n<p><strong>Correspondant consulaire \u00e0 Gand: Dr Armando Barillari<\/strong><\/p>\n<p>Adresse : Oude Heirweg, 6 \u2013 9800 Astene (Deinze)<\/p>\n<p>T\u00e9l. : +32 (0)9 224 03 91 &#8211; Fax : +32 (0)9 380 86 69<\/p>\n<p>E-mail : barillari.consul@skynet.be<\/p>\n<hr \/>\n<p><strong>CONSULAT HONORAIRE D\u2019ITALIE \u00c0 LOUVAIN<br \/>\n<\/strong><\/p>\n<p>Consul honoraire : Avv. Fabrizio Di Gianni<\/p>\n<p>Adresse : Franz Tielemanslaan, 8 \u2013 3000 Louvain<\/p>\n<p>T\u00e9l. : +32 (0)477 22 71 78<\/p>\n<p>E-mail : lovanio.onorario@esteri.it<\/p>\n<hr \/>\n<p><strong>CONSULAT HONORAIRE D\u2019ITALIE \u00c0 OSTENDE<\/strong><\/p>\n<p>Consul honoraire : Avv. Caroline Vanwynsberghe<\/p>\n<p>Adresse : Koningstraat, 45 \u2013 8400 Ostende<\/p>\n<p>T\u00e9l. : +32 (0)59 80 87 09 \u2013 Fax: +32 (0)59 80 85 43<\/p>\n<p>E-mail : caroline.vanwynsberghe@advocaat.be<\/p>\n<p>&nbsp;<\/p>\n<p>&nbsp;<\/p>\n<p>&nbsp;<\/p>\n<p>&nbsp;<\/p>\n<p>&nbsp;<\/p>\n<p>&nbsp;<\/p>\n","protected":false},"excerpt":{"rendered":"AMBASSADE D\u2019ITALIE AUPR\u00c8S DU ROYAUME DE BELGIQUE Ambassadeur : Federica Favi La Chancellerie diplomatique est charg\u00e9e des relations politiques, \u00e9conomiques et culturelles entre l\u2019Italie et le Royaume de Belgique. Adresse : Rue Joseph II, 24 \u2013 1000 Bruxelles T\u00e9l. : +32 (0)2 643 38 50 E-mail : ambbruxelles@esteri.it PEC : amb.bruxelles@cert.esteri.it CONSULAT G\u00c9N\u00c9RAL D\u2019ITALIE \u00c0 [&hellip;]","protected":false},"author":1,"featured_media":0,"parent":136,"menu_order":12,"comment_status":"closed","ping_status":"closed","template":"","meta":{"footnotes":""},"class_list":["post-144","page","type-page","status-publish","hentry"],"_links":{"self":[{"href":"https:\/\/conscharleroi.esteri.it\/fr\/wp-json\/wp\/v2\/pages\/144","targetHints":{"allow":["GET"]}}],"collection":[{"href":"https:\/\/conscharleroi.esteri.it\/fr\/wp-json\/wp\/v2\/pages"}],"about":[{"href":"https:\/\/conscharleroi.esteri.it\/fr\/wp-json\/wp\/v2\/types\/page"}],"author":[{"embeddable":true,"href":"https:\/\/conscharleroi.esteri.it\/fr\/wp-json\/wp\/v2\/users\/1"}],"replies":[{"embeddable":true,"href":"https:\/\/conscharleroi.esteri.it\/fr\/wp-json\/wp\/v2\/comments?post=144"}],"version-history":[{"count":6,"href":"https:\/\/conscharleroi.esteri.it\/fr\/wp-json\/wp\/v2\/pages\/144\/revisions"}],"predecessor-version":[{"id":3932,"href":"https:\/\/conscharleroi.esteri.it\/fr\/wp-json\/wp\/v2\/pages\/144\/revisions\/3932"}],"up":[{"embeddable":true,"href":"https:\/\/conscharleroi.esteri.it\/fr\/wp-json\/wp\/v2\/pages\/136"}],"wp:attachment":[{"href":"https:\/\/conscharleroi.esteri.it\/fr\/wp-json\/wp\/v2\/media?parent=144"}],"curies":[{"name":"wp","href":"https:\/\/api.w.org\/{rel}","templated":true}]}}