{"id":145,"date":"2023-04-03T18:23:50","date_gmt":"2023-04-03T16:23:50","guid":{"rendered":"https:\/\/conscharleroi.esteri.it\/italia-e-belgio\/"},"modified":"2023-09-25T14:39:21","modified_gmt":"2023-09-25T12:39:21","slug":"italia-e-belgio","status":"publish","type":"page","link":"https:\/\/conscharleroi.esteri.it\/fr\/italia-e-belgio\/","title":{"rendered":"Italie et Belgique"},"content":{"rendered":"<p>Les rapports qui unissent l&rsquo;Italie et la Belgique, tous deux membres fondateurs du projet europ\u00e9en, sont issus d&rsquo;une riche et intense collaboration. Les liens historiques, \u00e9conomiques, culturels et politiques qui unissent ces deux pays se rejoignent dans une sensibilit\u00e9 commune et une intense collaboration, notamment au sein de l&rsquo;Alliance Atlantique, des Nations Unies, et des principales crises internationales.<\/p>\n<p>La pr\u00e9sence italienne en Belgique est enracin\u00e9e et perceptible principalement dans la m\u00e9moire de l&rsquo;immigration d&rsquo;apr\u00e8s-guerre, entrainant la pr\u00e9sence de plus de 270.000 italiens sur le territoire belge, dont 180.000 en Wallonie, circonscription du Consulat de Charleroi. Les rapports entre les deux pays sont particuli\u00e8rement d\u00e9velopp\u00e9s sur le plan \u00e9conomique et commercial. La culture italienne enfin, tant classique que contemporaine, jouit en Belgique d&rsquo;un engouement prononc\u00e9.<\/p>\n<p>&nbsp;<\/p>\n","protected":false},"excerpt":{"rendered":"Les rapports qui unissent l&rsquo;Italie et la Belgique, tous deux membres fondateurs du projet europ\u00e9en, sont issus d&rsquo;une riche et intense collaboration. Les liens historiques, \u00e9conomiques, culturels et politiques qui unissent ces deux pays se rejoignent dans une sensibilit\u00e9 commune et une intense collaboration, notamment au sein de l&rsquo;Alliance Atlantique, des Nations Unies, et des [&hellip;]","protected":false},"author":1,"featured_media":0,"parent":0,"menu_order":4,"comment_status":"closed","ping_status":"closed","template":"","meta":{"footnotes":""},"class_list":["post-145","page","type-page","status-publish","hentry"],"_links":{"self":[{"href":"https:\/\/conscharleroi.esteri.it\/fr\/wp-json\/wp\/v2\/pages\/145","targetHints":{"allow":["GET"]}}],"collection":[{"href":"https:\/\/conscharleroi.esteri.it\/fr\/wp-json\/wp\/v2\/pages"}],"about":[{"href":"https:\/\/conscharleroi.esteri.it\/fr\/wp-json\/wp\/v2\/types\/page"}],"author":[{"embeddable":true,"href":"https:\/\/conscharleroi.esteri.it\/fr\/wp-json\/wp\/v2\/users\/1"}],"replies":[{"embeddable":true,"href":"https:\/\/conscharleroi.esteri.it\/fr\/wp-json\/wp\/v2\/comments?post=145"}],"version-history":[{"count":4,"href":"https:\/\/conscharleroi.esteri.it\/fr\/wp-json\/wp\/v2\/pages\/145\/revisions"}],"predecessor-version":[{"id":903,"href":"https:\/\/conscharleroi.esteri.it\/fr\/wp-json\/wp\/v2\/pages\/145\/revisions\/903"}],"wp:attachment":[{"href":"https:\/\/conscharleroi.esteri.it\/fr\/wp-json\/wp\/v2\/media?parent=145"}],"curies":[{"name":"wp","href":"https:\/\/api.w.org\/{rel}","templated":true}]}}