{"id":170,"date":"2023-04-03T18:24:11","date_gmt":"2023-04-03T16:24:11","guid":{"rendered":"https:\/\/conscharleroi.esteri.it\/servizi-consolari-e-visti\/"},"modified":"2026-04-01T16:12:07","modified_gmt":"2026-04-01T14:12:07","slug":"servizi-consolari-e-visti","status":"publish","type":"page","link":"https:\/\/conscharleroi.esteri.it\/fr\/servizi-consolari-e-visti\/","title":{"rendered":"Services consulaires et visas"},"content":{"rendered":"<header class=\"entry-header\"><strong>Bienvenue dans la section d\u00e9di\u00e9e aux services consulaires.<\/strong>Pour faciliter votre recherche nous avons divis\u00e9 les services en deux sections distinctes:<\/header>\n<div class=\"entry-content\">\n<ul>\n<li><a href=\"https:\/\/conscharleroi.esteri.it\/fr\/servizi-consolari-e-visti\/servizi-per-il-cittadino-italiano\/\"><strong>Services accessibles aux citoyens italiens<\/strong><\/a><\/li>\n<li><a href=\"https:\/\/conscharleroi.esteri.it\/fr\/servizi-consolari-e-visti\/servizi-per-il-cittadino-straniero\/\"><strong>Services accessibles aux citoyens \u00e9trangers<\/strong><\/a><\/li>\n<\/ul>\n<p>Une page sp\u00e9cifique est d\u00e9di\u00e9e aux <a href=\"https:\/\/conscharleroi.esteri.it\/fr\/servizi-consolari-e-visti\/servizi-per-il-cittadino-italiano\/altri-servizi\/albo-consolare\/\">Publications des bans, changements de nom, <\/a><a href=\"https:\/\/conscharleroi.esteri.it\/fr\/servizi-consolari-e-visti\/servizi-per-il-cittadino-italiano\/altri-servizi\/albo-consolare\/\">offres d&#8217;emploi, <\/a><a href=\"https:\/\/conscharleroi.esteri.it\/fr\/servizi-consolari-e-visti\/servizi-per-il-cittadino-italiano\/altri-servizi\/albo-consolare\/\">etc. (Albo consolare)<\/a>.<\/p>\n<p>Bonne visite!<\/p>\n<\/div>\n","protected":false},"excerpt":{"rendered":"Bienvenue dans la section d\u00e9di\u00e9e aux services consulaires.Pour faciliter votre recherche nous avons divis\u00e9 les services en deux sections distinctes: Services accessibles aux citoyens italiens Services accessibles aux citoyens \u00e9trangers Une page sp\u00e9cifique est d\u00e9di\u00e9e aux Publications des bans, changements de nom, offres d&#8217;emploi, etc. (Albo consolare). Bonne visite!","protected":false},"author":1,"featured_media":0,"parent":0,"menu_order":6,"comment_status":"closed","ping_status":"closed","template":"","meta":{"footnotes":""},"class_list":["post-170","page","type-page","status-publish","hentry"],"_links":{"self":[{"href":"https:\/\/conscharleroi.esteri.it\/fr\/wp-json\/wp\/v2\/pages\/170","targetHints":{"allow":["GET"]}}],"collection":[{"href":"https:\/\/conscharleroi.esteri.it\/fr\/wp-json\/wp\/v2\/pages"}],"about":[{"href":"https:\/\/conscharleroi.esteri.it\/fr\/wp-json\/wp\/v2\/types\/page"}],"author":[{"embeddable":true,"href":"https:\/\/conscharleroi.esteri.it\/fr\/wp-json\/wp\/v2\/users\/1"}],"replies":[{"embeddable":true,"href":"https:\/\/conscharleroi.esteri.it\/fr\/wp-json\/wp\/v2\/comments?post=170"}],"version-history":[{"count":8,"href":"https:\/\/conscharleroi.esteri.it\/fr\/wp-json\/wp\/v2\/pages\/170\/revisions"}],"predecessor-version":[{"id":941,"href":"https:\/\/conscharleroi.esteri.it\/fr\/wp-json\/wp\/v2\/pages\/170\/revisions\/941"}],"wp:attachment":[{"href":"https:\/\/conscharleroi.esteri.it\/fr\/wp-json\/wp\/v2\/media?parent=170"}],"curies":[{"name":"wp","href":"https:\/\/api.w.org\/{rel}","templated":true}]}}