{"id":171,"date":"2023-04-03T19:27:59","date_gmt":"2023-04-03T17:27:59","guid":{"rendered":"https:\/\/conscharleroi.esteri.it\/passaporti-e-carte-didentita\/"},"modified":"2025-12-01T10:25:05","modified_gmt":"2025-12-01T08:25:05","slug":"passaporti-e-carte-didentita","status":"publish","type":"page","link":"https:\/\/conscharleroi.esteri.it\/fr\/servizi-consolari-e-visti\/servizi-per-il-cittadino-italiano\/passaporti-e-carte-didentita\/","title":{"rendered":"Le passeport"},"content":{"rendered":"<p style=\"text-align: left;\">Les pi\u00e8ces d\u2019identit\u00e9 italiennes sont d\u00e9livr\u00e9es sur rendez-vous, que vous pouvez fixer en vous connectant sur le site <a href=\"https:\/\/prenotami.esteri.it\/\">Prenot@mi<\/a>.<\/p>\n<p style=\"text-align: left;\">Vous trouverez un c<strong>ompl\u00e9ment d\u2019information<\/strong> ainsi qu\u2019une <strong>vid\u00e9o explicative<\/strong> sur la page <a href=\"https:\/\/conscharleroi.esteri.it\/fr\/servizi-consolari-e-visti\/servizi-per-il-cittadino-italiano\/prendre-un-rendez-vous\/\">Prendre un rendez-vous<\/a>.<\/p>\n<p style=\"text-align: left;\">Nous conseillons la prise d\u2019un rendez-vous durant les moments o\u00f9 nous rencontrons le moins d\u2019affluence en nos bureaux, \u00e0 savoir entre <strong>septembre et avril<\/strong>.<br \/>\nNous rappelons que les documents d\u2019identit\u00e9 italiens doivent \u00eatre renouvel\u00e9s avant leur p\u00e9remption,une demande de nouveaux documents d\u2019identit\u00e9 peut \u00eatre pr\u00e9sent\u00e9e dans les <strong>6 mois qui pr\u00e9c\u00e8dent leur date d\u2019\u00e9ch\u00e9ance<\/strong>.<\/p>\n<p>Le passeport est dot\u00e9 des technologies les plus avanc\u00e9es en mati\u00e8re de s\u00e9curit\u00e9 et de protection contre les contrefa\u00e7on. Il est n\u00e9cessaire pour s\u2019identifier et voyager dans tous les pays du monde. Certains pays peuvent exiger un visa ou d\u2019autres formalit\u00e9s\u00a0: vous trouverez de plus amples informations sur le site\u00a0<a href=\"https:\/\/www.viaggiaresicuri.it\/find-country\">viaggiaresicuri.it<\/a>.<\/p>\n<p>&nbsp;<\/p>\n<ul>\n<li><strong>\u00c0 qui peut \u00eatre d\u00e9livr\u00e9 le passeport?<\/strong><\/li>\n<\/ul>\n<p>Le passeport peut \u00eatre d\u00e9livr\u00e9e \u00e0 tout citoyen italien qui r\u00e9side <strong>dans la circonscription consulaire<\/strong> du Consulat de Charleroi (codes postaux de 4000 \u00e0 7999).<\/p>\n<p>Le passeport peut \u00eatre d\u00e9livr\u00e9\u00a0:<\/p>\n<p>\u2013 si vous n\u2019avez jamais eu de passeport auparavant<\/p>\n<p>\u2013 si vous poss\u00e9dez un passeport qui p\u00e9rime dans les 6 mois ou p\u00e9rim\u00e9e<\/p>\n<p>\u2013 en cas de perte, de vol ou si votre passeport en cours de validit\u00e9 est d\u00e9t\u00e9rior\u00e9.<\/p>\n<p>&nbsp;<\/p>\n<ul>\n<li><strong>Est-il possible de demander un passeport \u00e0 Li\u00e8ge?<\/strong><\/li>\n<\/ul>\n<p>Le Consulat Onoraire de Li\u00e8ge re\u00e7oit, uniquement sur <a href=\"https:\/\/conscharleroi.esteri.it\/it\/servizi-consolari-e-visti\/servizi-per-il-cittadino-italiano\/prenota-un-appuntamento\/\">rendez-vous<\/a>, les citoyens italiens ayant leur code postal entre 4000 et 4990 et entre 6600 et 6999).<\/p>\n<p>Les donn\u00e9es biom\u00e9triques (empreintes digitales, signatures, photo) sont prises sur place et le passeport est ensuite envoy\u00e9 par courrier postal au demandeur.<\/p>\n<p>&nbsp;<\/p>\n<ul>\n<li><strong>Comment demander le passeport?<\/strong><\/li>\n<\/ul>\n<p>La demande de passeport se fait uniquement sur le site\u00a0<a href=\"https:\/\/prenotami.esteri.it\/\">Prenot@mi<\/a>\u00a0o\u00f9 vous pourrez choisir le jour de votre rendez-vous apr\u00e8s vous \u00eatre pr\u00e9alablement enregistr\u00e9.<\/p>\n<p>Les demandes re\u00e7ues par d\u2019autres moyens (t\u00e9l\u00e9phone, email ou aux guichets) ne seront pas prises en compte.<\/p>\n<p><u>Si le demandeur du passeport est majeur (&gt;18 ans), il devra se pr\u00e9senter le jour du rendez-vous avec :<\/u><\/p>\n<p>\u2013 une photo d\u2019identit\u00e9 couleur r\u00e9cente (de moins de 6 mois) sur fond blanc conforme aux <u>standards ICAO<\/u><\/p>\n<p>\u2013 le passeport (ou une d\u00e9claration de perte de la police si perdue ou vol\u00e9e)<\/p>\n<p>\u2013 Le permis de s\u00e9jour ou carte d\u2019identit\u00e9 belge<\/p>\n<p><u>Si le demandeur du passeport est mineur d\u2019\u00e2ge (&gt;18 ans):<\/u><\/p>\n<p><strong>L\u2019enfant mineur devra devra \u00eatre accompagn\u00e9 d\u2019au moins un de ses deux parents (ou tuteur l\u00e9gal).<\/strong><\/p>\n<p>\u2013 une photo d\u2019identit\u00e9 couleur r\u00e9cente (de moins de 6 mois) sur fond blanc conforme aux <u>standards ICAO<\/u><\/p>\n<p>\u2013 Le passeport pr\u00e9c\u00e9dent (ou une d\u00e9claration de perte de la police si perdue ou vol\u00e9e)<\/p>\n<p>\u2013 Le permis de s\u00e9jour ou carte d\u2019identit\u00e9 belge<\/p>\n<p>\u2013\u00a0<a href=\"https:\/\/conscharleroi.esteri.it\/wp-content\/uploads\/2024\/07\/ASSENSO-Charleroi.pdf\">Le document \u201cassenso\u201d<\/a>\u00a0compl\u00e9t\u00e9 et sign\u00e9 par le parent qui serait absent le jour du rendez-vous, auquel il devra joindre copie de sa pi\u00e8ce d\u2019identit\u00e9 (<strong>le document \u201cassenso\u201d ne doit pas \u00eatre fourni si les deux parents sont pr\u00e9sents<\/strong>)<br \/>\n<u>ATTENTION:<\/u><\/p>\n<p>Si le parent qui doit compl\u00e9ter le document le document \u201cassenso\u201d\u00a0n\u2019est pas citoyen de l\u2019Union Europ\u00e9enne, sa signature devra \u00eatre authentifi\u00e9e aupr\u00e8s des autorit\u00e9s belges ou au consulat italien le plus proche s\u2019il r\u00e9side \u00e0 l\u2019\u00e9tranger.<\/p>\n<p>&nbsp;<\/p>\n<ul>\n<li><strong><strong>Quand et comment est d\u00e9livr\u00e9 le passeport?<\/strong><\/strong><\/li>\n<\/ul>\n<p>Si le dossier consulaire du demandeur est \u00e0 jour, et que le demandeur produit les documents demand\u00e9s (voir paragraphe pr\u00e9c\u00e9dent), le Consulat G\u00e9n\u00e9ral d\u2019Italie de Charleroi peut d\u00e9livrer le passeport le jour m\u00eame dans les p\u00e9riodes de faible affluence.<\/p>\n<p>Pour les demandes de passeport pr\u00e9sent\u00e9es \u00e0 Li\u00e8ge, le passeport est envoy\u00e9 par la poste dans les 15 jours suivant le rendez-vous.<\/p>\n<p>&nbsp;<\/p>\n<ul>\n<li><strong>Peut-on changer l\u2019adresse mentionn\u00e9e sur le passeport?<\/strong><\/li>\n<\/ul>\n<p>Les changements d\u2019adresse, la profession ou l\u2019\u00e9tat civil du titulaire n\u2019induisent pas le renouvellement du passeport en cours de validit\u00e9. Nous rappelons toutefois qu&rsquo;aux termes des dispositions l\u00e9gales, tout citoyen italien est tenu de communiquer tout changement dans sa situation personnelle (adresse, \u00e9tat civil, etc.) via le site <a href=\"https:\/\/serviziconsolari.esteri.it\/ScoFE\/index.sco\">FastIt.<\/a><\/p>\n<p>&nbsp;<\/p>\n<ul>\n<li><strong>Quelle est la dur\u00e9e de validit\u00e9 du passeport?<\/strong><\/li>\n<\/ul>\n<p>\u2013 3 ans de validit\u00e9 pour les enfants de moins de 3 ans;<br \/>\n\u2013 5 ans de validit\u00e9 pour les enfants ayant entre 3 et 18 ans;<br \/>\n\u2013 10 ans de validit\u00e9 pour les personnes majeures.<\/p>\n<p>&nbsp;<\/p>\n<ul>\n<li><strong>Combien co\u00fbte le passeport<\/strong><strong>?<\/strong><\/li>\n<\/ul>\n<p>Le co\u00fbt du passeport est de <strong>116,20<\/strong> euro. En cas de d\u00e9livrance en urgence, le co\u00fbt est de 166,20 euros.<\/p>\n<p>Le paiement sera effectu\u00e9 le jour du rendez-vous en nos bureaux par carte BANCONTACT uniquement. <u>Les cartes de cr\u00e9dit ne sont pas accept\u00e9es<\/u>.<\/p>\n<p>&nbsp;<\/p>\n<p>&nbsp;<\/p>\n","protected":false},"excerpt":{"rendered":"Les pi\u00e8ces d\u2019identit\u00e9 italiennes sont d\u00e9livr\u00e9es sur rendez-vous, que vous pouvez fixer en vous connectant sur le site Prenot@mi. Vous trouverez un compl\u00e9ment d\u2019information ainsi qu\u2019une vid\u00e9o explicative sur la page Prendre un rendez-vous. Nous conseillons la prise d\u2019un rendez-vous durant les moments o\u00f9 nous rencontrons le moins d\u2019affluence en nos bureaux, \u00e0 savoir entre [&hellip;]","protected":false},"author":1,"featured_media":0,"parent":172,"menu_order":40,"comment_status":"closed","ping_status":"closed","template":"","meta":{"footnotes":""},"class_list":["post-171","page","type-page","status-publish","hentry"],"_links":{"self":[{"href":"https:\/\/conscharleroi.esteri.it\/fr\/wp-json\/wp\/v2\/pages\/171","targetHints":{"allow":["GET"]}}],"collection":[{"href":"https:\/\/conscharleroi.esteri.it\/fr\/wp-json\/wp\/v2\/pages"}],"about":[{"href":"https:\/\/conscharleroi.esteri.it\/fr\/wp-json\/wp\/v2\/types\/page"}],"author":[{"embeddable":true,"href":"https:\/\/conscharleroi.esteri.it\/fr\/wp-json\/wp\/v2\/users\/1"}],"replies":[{"embeddable":true,"href":"https:\/\/conscharleroi.esteri.it\/fr\/wp-json\/wp\/v2\/comments?post=171"}],"version-history":[{"count":7,"href":"https:\/\/conscharleroi.esteri.it\/fr\/wp-json\/wp\/v2\/pages\/171\/revisions"}],"predecessor-version":[{"id":3754,"href":"https:\/\/conscharleroi.esteri.it\/fr\/wp-json\/wp\/v2\/pages\/171\/revisions\/3754"}],"up":[{"embeddable":true,"href":"https:\/\/conscharleroi.esteri.it\/fr\/wp-json\/wp\/v2\/pages\/172"}],"wp:attachment":[{"href":"https:\/\/conscharleroi.esteri.it\/fr\/wp-json\/wp\/v2\/media?parent=171"}],"curies":[{"name":"wp","href":"https:\/\/api.w.org\/{rel}","templated":true}]}}