{"id":172,"date":"2023-04-03T19:25:07","date_gmt":"2023-04-03T17:25:07","guid":{"rendered":"https:\/\/conscharleroi.esteri.it\/servizi-consolari-e-visti\/servizi-per-il-cittadino-italiano\/"},"modified":"2023-11-16T10:42:26","modified_gmt":"2023-11-16T08:42:26","slug":"servizi-per-il-cittadino-italiano","status":"publish","type":"page","link":"https:\/\/conscharleroi.esteri.it\/fr\/servizi-consolari-e-visti\/servizi-per-il-cittadino-italiano\/","title":{"rendered":"Services aux citoyens italiens"},"content":{"rendered":"<ul>\n<li><a href=\"https:\/\/conscharleroi.esteri.it\/fr\/servizi-consolari-e-visti\/servizi-per-il-cittadino-italiano\/anagrafe-degli-italiani-residenti-allestero-aire\/\">Registre des Italiens r\u00e9sidant \u00e0 l\u2019\u00e9tranger (AIRE)<\/a><\/li>\n<li><a href=\"https:\/\/conscharleroi.esteri.it\/it\/servizi-consolari-e-visti\/servizi-per-il-cittadino-italiano\/assistenza-ai-cittadini-allestero\/\">Assistenza ai cittadini all\u2019estero (IT)<\/a><\/li>\n<li><a href=\"https:\/\/conscharleroi.esteri.it\/it\/servizi-consolari-e-visti\/servizi-per-il-cittadino-italiano\/servizi-notarili\/autoveicoli-e-patenti-di-guida\/\">Autoveicoli e Patenti di guida (IT)<\/a><\/li>\n<li><a href=\"https:\/\/conscharleroi.esteri.it\/fr\/servizi-consolari-e-visti\/servizi-per-il-cittadino-italiano\/la-carta-didentita-elettronica-c-i-e\/\">Carte d\u2019identit\u00e9 \u00e9lectronique (C.I.E.) <\/a><\/li>\n<li><a href=\"https:\/\/conscharleroi.esteri.it\/fr\/servizi-consolari-e-visti\/servizi-per-il-cittadino-italiano\/codice-fiscale\/\">Code Fiscal\u00a0<\/a><\/li>\n<li><a href=\"https:\/\/conscharleroi.esteri.it\/it\/servizi-consolari-e-visti\/servizi-per-il-cittadino-italiano\/emergency-travel-documents-etd\/\">Emergency Travel Document (ETD)<\/a><\/li>\n<li class=\"breadcrumb-item active\" aria-current=\"page\"><a href=\"https:\/\/conscharleroi.esteri.it\/fr\/servizi-consolari-e-visti\/servizi-per-il-cittadino-italiano\/stato-civile\/\">\u00c9tat civil\u00a0<\/a><\/li>\n<li><a class=\"focus--mouse\" href=\"https:\/\/conscharleroi.esteri.it\/fr\/servizi-consolari-e-visti\/servizi-per-il-cittadino-italiano\/stato-civile\/naissance\/\" data-focus-mouse=\"true\">Naissances<\/a><\/li>\n<li><a href=\"https:\/\/conscharleroi.esteri.it\/fr\/servizi-consolari-e-visti\/servizi-per-il-cittadino-italiano\/stato-civile\/mariage\/\">Mariage<\/a><\/li>\n<li><a href=\"https:\/\/conscharleroi.esteri.it\/fr\/servizi-consolari-e-visti\/servizi-per-il-cittadino-italiano\/stato-civile\/divorces\/\">Divorce<\/a><\/li>\n<li><a class=\"focus--mouse\" href=\"https:\/\/conscharleroi.esteri.it\/fr\/servizi-consolari-e-visti\/servizi-per-il-cittadino-italiano\/stato-civile\/deces\/\" data-focus-mouse=\"true\">D\u00e9c\u00e8s<\/a><\/li>\n<li><a href=\"https:\/\/conscharleroi.esteri.it\/it\/chi-siamo\/gli-uffici\/lufficio-scolastico\/\">Ufficio Scolastico (IT<\/a>)<\/li>\n<li class=\"breadcrumb-item active\" aria-current=\"page\"><a href=\"https:\/\/conscharleroi.esteri.it\/fr\/servizi-consolari-e-visti\/servizi-per-il-cittadino-italiano\/service-informations-etudes-et-diplomes\/\">Informations Etudes et Dipl\u00f4mes<\/a><\/li>\n<li><a href=\"https:\/\/conscharleroi.esteri.it\/it\/servizi-consolari-e-visti\/servizi-per-il-cittadino-italiano\/organismi-rappresentativi-degli-italiani-allestero\/\">Organismi Rappresentativi degli Italiani all\u2019Estero (IT)<\/a><\/li>\n<li><a href=\"https:\/\/conscharleroi.esteri.it\/fr\/servizi-consolari-e-visti\/servizi-per-il-cittadino-italiano\/passaporti-e-carte-didentita\/\">Passeport<\/a><\/li>\n<li><a href=\"https:\/\/conscharleroi.esteri.it\/it\/servizi-consolari-e-visti\/servizi-per-il-cittadino-italiano\/pensioni-e-sicurezza-sociale\/\">Pensioni e sicurezza sociale (IT)<\/a><\/li>\n<li class=\"breadcrumb-item active\" aria-current=\"page\"><a href=\"https:\/\/conscharleroi.esteri.it\/fr\/servizi-consolari-e-visti\/servizi-per-il-cittadino-italiano\/servizi-notarili\/\">Services notariaux<\/a><\/li>\n<li><a href=\"https:\/\/conscharleroi.esteri.it\/it\/servizi-consolari-e-visti\/servizi-per-il-cittadino-italiano\/spid\/\">SPID (Sistema Pubblico di Identit\u00e0 Digitale) (IT)<\/a><\/li>\n<li><a href=\"https:\/\/conscharleroi.esteri.it\/it\/servizi-consolari-e-visti\/servizi-per-il-cittadino-italiano\/traduzione-e-legalizzazione-dei-documenti\/\">Traduzione e legalizzazione dei documenti (IT)<\/a><\/li>\n<li><a href=\"https:\/\/conscharleroi.esteri.it\/it\/servizi-consolari-e-visti\/servizi-per-il-cittadino-italiano\/servizi-elettorali\/\">Voto all\u2019estero (IT)<\/a><\/li>\n<\/ul>\n<h1 class=\"entry-title h3\"><\/h1>\n<p>&nbsp;<\/p>\n","protected":false},"excerpt":{"rendered":"Registre des Italiens r\u00e9sidant \u00e0 l\u2019\u00e9tranger (AIRE) Assistenza ai cittadini all\u2019estero (IT) Autoveicoli e Patenti di guida (IT) Carte d\u2019identit\u00e9 \u00e9lectronique (C.I.E.) Code Fiscal\u00a0 Emergency Travel Document (ETD) \u00c9tat civil\u00a0 Naissances Mariage Divorce D\u00e9c\u00e8s Ufficio Scolastico (IT) Informations Etudes et Dipl\u00f4mes Organismi Rappresentativi degli Italiani all\u2019Estero (IT) Passeport Pensioni e sicurezza sociale (IT) Services notariaux [&hellip;]","protected":false},"author":1,"featured_media":0,"parent":170,"menu_order":0,"comment_status":"closed","ping_status":"closed","template":"","meta":{"footnotes":""},"class_list":["post-172","page","type-page","status-publish","hentry"],"_links":{"self":[{"href":"https:\/\/conscharleroi.esteri.it\/fr\/wp-json\/wp\/v2\/pages\/172","targetHints":{"allow":["GET"]}}],"collection":[{"href":"https:\/\/conscharleroi.esteri.it\/fr\/wp-json\/wp\/v2\/pages"}],"about":[{"href":"https:\/\/conscharleroi.esteri.it\/fr\/wp-json\/wp\/v2\/types\/page"}],"author":[{"embeddable":true,"href":"https:\/\/conscharleroi.esteri.it\/fr\/wp-json\/wp\/v2\/users\/1"}],"replies":[{"embeddable":true,"href":"https:\/\/conscharleroi.esteri.it\/fr\/wp-json\/wp\/v2\/comments?post=172"}],"version-history":[{"count":6,"href":"https:\/\/conscharleroi.esteri.it\/fr\/wp-json\/wp\/v2\/pages\/172\/revisions"}],"predecessor-version":[{"id":1654,"href":"https:\/\/conscharleroi.esteri.it\/fr\/wp-json\/wp\/v2\/pages\/172\/revisions\/1654"}],"up":[{"embeddable":true,"href":"https:\/\/conscharleroi.esteri.it\/fr\/wp-json\/wp\/v2\/pages\/170"}],"wp:attachment":[{"href":"https:\/\/conscharleroi.esteri.it\/fr\/wp-json\/wp\/v2\/media?parent=172"}],"curies":[{"name":"wp","href":"https:\/\/api.w.org\/{rel}","templated":true}]}}