{"id":189,"date":"2023-04-03T19:29:02","date_gmt":"2023-04-03T17:29:02","guid":{"rendered":"https:\/\/conscharleroi.esteri.it\/servizi-consolari-e-visti\/servizi-per-il-cittadino-italiano\/stato-civile\/"},"modified":"2023-09-22T16:05:23","modified_gmt":"2023-09-22T14:05:23","slug":"stato-civile","status":"publish","type":"page","link":"https:\/\/conscharleroi.esteri.it\/fr\/servizi-consolari-e-visti\/servizi-per-il-cittadino-italiano\/stato-civile\/","title":{"rendered":"\u00c9tat civil"},"content":{"rendered":"<p style=\"text-align: justify;\">Le Service Etat Civil du consulat traite les questions relatives aux :<\/p>\n<ul style=\"text-align: justify;\">\n<li><a href=\"https:\/\/conscharleroi.esteri.it\/fr\/servizi-consolari-e-visti\/servizi-per-il-cittadino-italiano\/stato-civile\/naissance\/\">Naissances<\/a><\/li>\n<li><a href=\"https:\/\/conscharleroi.esteri.it\/fr\/servizi-consolari-e-visti\/servizi-per-il-cittadino-italiano\/stato-civile\/mariage\/\">Mariage<\/a><\/li>\n<li><a href=\"https:\/\/conscharleroi.esteri.it\/fr\/servizi-consolari-e-visti\/servizi-per-il-cittadino-italiano\/stato-civile\/divorces\/\">Divorce<\/a><\/li>\n<li><a href=\"https:\/\/conscharleroi.esteri.it\/fr\/servizi-consolari-e-visti\/servizi-per-il-cittadino-italiano\/stato-civile\/deces\/\">D\u00e9c\u00e8s<\/a><\/li>\n<\/ul>\n<p>Le consulat re\u00e7oit les actes d&rsquo;\u00e9tat civil \u00e9mis par les autorit\u00e9s \u00e9trang\u00e8res et les transmet aux communes italiennes.<\/p>\n<p>Le Service Etat Civil assiste \u00e9galement les citoyens italiens de sa circonscription consulaire pour les demandes suivantes:<\/p>\n<ul style=\"text-align: justify;\">\n<li>R\u00e9daction des publications de mariage<\/li>\n<li>Publication au tableau d&rsquo;affichage; c\u00e9l\u00e9brations de mariage consulaire<\/li>\n<li>Transmission des demandes de changement de nom ou pr\u00e9nom aux pr\u00e9fectures italiennes comp\u00e9tentes en la mati\u00e8re<\/li>\n<li>R\u00e9ception et transmission des jugements de s\u00e9paration et de divorce prononc\u00e9s \u00e0 l&rsquo;\u00e9tranger aux comunes italiennes comp\u00e9tentes pour leur transcription<\/li>\n<li>D\u00e9livrance de certificats<\/li>\n<li>Attribution du nom de famille maternel en plus du nom de famille paternel<\/li>\n<\/ul>\n<p>Le Consulat G\u00e9n\u00e9ral ne s&rsquo;occupe pas des demandes relatives au changement de sexe (ce type de demande est \u00e0 adresser au tribunal italien li\u00e9 \u00e0 la comune de naissance ou de transcription de naissance).<\/p>\n<p style=\"text-align: justify;\"><strong>Le citoyen italien qui r\u00e9side \u00e0 l&rsquo;\u00e9tranger a l&rsquo;obligation de s&rsquo;inscrire \u00e0 l&rsquo;A.I.R.E (<a href=\"https:\/\/conscharleroi.esteri.it\/it\/servizi-consolari-e-visti\/servizi-per-il-cittadino-italiano\/anagrafe-degli-italiani-residenti-allestero-aire\/\">Anagrafe degli Italiani Residenti all&rsquo;Estero <\/a>), avant toute demande d&rsquo;enregistrement de naissance mariage, d\u00e9c\u00e8s ou de certificats.<\/strong><\/p>\n","protected":false},"excerpt":{"rendered":"Le Service Etat Civil du consulat traite les questions relatives aux : Naissances Mariage Divorce D\u00e9c\u00e8s Le consulat re\u00e7oit les actes d&rsquo;\u00e9tat civil \u00e9mis par les autorit\u00e9s \u00e9trang\u00e8res et les transmet aux communes italiennes. Le Service Etat Civil assiste \u00e9galement les citoyens italiens de sa circonscription consulaire pour les demandes suivantes: R\u00e9daction des publications de [&hellip;]","protected":false},"author":1,"featured_media":0,"parent":172,"menu_order":30,"comment_status":"closed","ping_status":"closed","template":"","meta":{"footnotes":""},"class_list":["post-189","page","type-page","status-publish","hentry"],"_links":{"self":[{"href":"https:\/\/conscharleroi.esteri.it\/fr\/wp-json\/wp\/v2\/pages\/189","targetHints":{"allow":["GET"]}}],"collection":[{"href":"https:\/\/conscharleroi.esteri.it\/fr\/wp-json\/wp\/v2\/pages"}],"about":[{"href":"https:\/\/conscharleroi.esteri.it\/fr\/wp-json\/wp\/v2\/types\/page"}],"author":[{"embeddable":true,"href":"https:\/\/conscharleroi.esteri.it\/fr\/wp-json\/wp\/v2\/users\/1"}],"replies":[{"embeddable":true,"href":"https:\/\/conscharleroi.esteri.it\/fr\/wp-json\/wp\/v2\/comments?post=189"}],"version-history":[{"count":7,"href":"https:\/\/conscharleroi.esteri.it\/fr\/wp-json\/wp\/v2\/pages\/189\/revisions"}],"predecessor-version":[{"id":858,"href":"https:\/\/conscharleroi.esteri.it\/fr\/wp-json\/wp\/v2\/pages\/189\/revisions\/858"}],"up":[{"embeddable":true,"href":"https:\/\/conscharleroi.esteri.it\/fr\/wp-json\/wp\/v2\/pages\/172"}],"wp:attachment":[{"href":"https:\/\/conscharleroi.esteri.it\/fr\/wp-json\/wp\/v2\/media?parent=189"}],"curies":[{"name":"wp","href":"https:\/\/api.w.org\/{rel}","templated":true}]}}