{"id":2228,"date":"2024-06-27T14:17:55","date_gmt":"2024-06-27T12:17:55","guid":{"rendered":"https:\/\/conscharleroi.esteri.it\/?page_id=2228"},"modified":"2024-06-28T10:11:10","modified_gmt":"2024-06-28T08:11:10","slug":"passeport-en-urgence","status":"publish","type":"page","link":"https:\/\/conscharleroi.esteri.it\/fr\/servizi-consolari-e-visti\/servizi-per-il-cittadino-italiano\/passaporti-e-carte-didentita\/passeport-en-urgence\/","title":{"rendered":"Passeport en urgence"},"content":{"rendered":"<p style=\"text-align: center;\"><strong>Demande de passeport d\u2019urgence<\/strong><\/p>\n<p>&nbsp;<\/p>\n<p>Le citoyen italien qui r\u00e9side dans la circonscription consulaire de Charleroi et qui poss\u00e8de <a href=\"https:\/\/conscharleroi.esteri.it\/fr\/servizi-consolari-e-visti\/servizi-per-il-cittadino-italiano\/passaporti-e-carte-didentita\/\">les pr\u00e9requis pour la d\u00e9livrance du passeport<\/a> peut, dans le cas d\u2019une urgence av\u00e9r\u00e9e, s\u2019adresser \u00e0 l\u2019adresse <a href=\"mailto:charleroi.passaporti@esteri.it\">charleroi.passaporti@esteri.it<\/a> en indiquant en objet \u00abPasseport en urgence\u00a0\u00bb.<\/p>\n<p>Apr\u00e8s analyse de la demande, le Service Passeports du Consulat proposera une date de rendez-vous pour pr\u00e9senter la demande de passeport en urgence au Consulat de Charleroi.<\/p>\n<p>Le demandeur devra s\u2019acquitter du prix du passeport auquel s\u2019ajouteront les frais de la proc\u00e9dure d\u2019urgence. Vous pouvez consulter les <a href=\"https:\/\/conscharleroi.esteri.it\/wp-content\/uploads\/2024\/06\/Tabella_Diritti_Consolari.pdf\">tarifs consulaires<\/a>\u00a0afin de conna\u00eetre les montants qui sont mis \u00e0 jour chaque trimestre.<\/p>\n<p><strong>Les motifs d\u2019urgence valides sont :<\/strong><\/p>\n<ul>\n<li><strong>Motifs familiaux graves ou de sant\u00e9 personnelle<\/strong>, <span style=\"text-decoration: underline;\">d\u00e9montr\u00e9s par certificat ou attestation provenant d\u2019autorit\u00e9s officielles<\/span>. Si vous devez porter assistance en urgence \u00e0 un proche, le certificat m\u00e9dical devra le mentionner clairement. Les documents justifiant l\u2019urgence seront produits en Italien ou en fran\u00e7ais ou traduits par traducteur en une de ces deux langues.<\/li>\n<li><strong>Motifs imp\u00e9rieux professionnels<\/strong>, <span style=\"text-decoration: underline;\">d\u00e9montr\u00e9s par une demande \u00e9crite et sign\u00e9e par l\u2019employeur<\/span> qui indiquera ses coordonn\u00e9es compl\u00e8tes (fonction et coordonn\u00e9es t\u00e9l\u00e9phoniques personnelles).<\/li>\n<li><strong>Vol ou perte de documents d\u2019identit\u00e9 italien en cours de validit\u00e9<\/strong>, en pr\u00e9sentant une <span style=\"text-decoration: underline;\">d\u00e9claration de perte<\/span> officielle et un <span style=\"text-decoration: underline;\">titre de voyage<\/span>.<\/li>\n<\/ul>\n<p>Nous rappelons que l\u2019octroi de la proc\u00e9dure en urgence pour motifs de sant\u00e9 ou de travail ne peuvent \u00eatre \u00e9tendus aux proches ou \u00e0 la famille du demandeur.<\/p>\n<p>Nous pr\u00e9cisons \u00e0 tout fins utiles que les motifs suivants <strong>ne pourront \u00eatre accept\u00e9s<\/strong> pour une demande de passeport en urgence\u00a0:<\/p>\n<ul>\n<li>Certificats m\u00e9dicaux de personnes hors du cercle familial proche du demandeur\u00a0;<\/li>\n<li>La r\u00e9servation d\u2019un billet d\u2019avion ou un voyage \u00e0 l\u2019\u00e9tranger\u00a0;<\/li>\n<li>Un email, message WhatsApp ou \u00e9quivalents\u00a0;<\/li>\n<li>Une d\u00e9claration sur l\u2019honneur justifiant l\u2019urgence.<\/li>\n<\/ul>\n<p>&nbsp;<\/p>\n","protected":false},"excerpt":{"rendered":"Demande de passeport d\u2019urgence &nbsp; Le citoyen italien qui r\u00e9side dans la circonscription consulaire de Charleroi et qui poss\u00e8de les pr\u00e9requis pour la d\u00e9livrance du passeport peut, dans le cas d\u2019une urgence av\u00e9r\u00e9e, s\u2019adresser \u00e0 l\u2019adresse charleroi.passaporti@esteri.it en indiquant en objet \u00abPasseport en urgence\u00a0\u00bb. Apr\u00e8s analyse de la demande, le Service Passeports du Consulat proposera [&hellip;]","protected":false},"author":4,"featured_media":0,"parent":171,"menu_order":2,"comment_status":"closed","ping_status":"closed","template":"","meta":{"footnotes":""},"class_list":["post-2228","page","type-page","status-publish","hentry"],"_links":{"self":[{"href":"https:\/\/conscharleroi.esteri.it\/fr\/wp-json\/wp\/v2\/pages\/2228","targetHints":{"allow":["GET"]}}],"collection":[{"href":"https:\/\/conscharleroi.esteri.it\/fr\/wp-json\/wp\/v2\/pages"}],"about":[{"href":"https:\/\/conscharleroi.esteri.it\/fr\/wp-json\/wp\/v2\/types\/page"}],"author":[{"embeddable":true,"href":"https:\/\/conscharleroi.esteri.it\/fr\/wp-json\/wp\/v2\/users\/4"}],"replies":[{"embeddable":true,"href":"https:\/\/conscharleroi.esteri.it\/fr\/wp-json\/wp\/v2\/comments?post=2228"}],"version-history":[{"count":5,"href":"https:\/\/conscharleroi.esteri.it\/fr\/wp-json\/wp\/v2\/pages\/2228\/revisions"}],"predecessor-version":[{"id":2240,"href":"https:\/\/conscharleroi.esteri.it\/fr\/wp-json\/wp\/v2\/pages\/2228\/revisions\/2240"}],"up":[{"embeddable":true,"href":"https:\/\/conscharleroi.esteri.it\/fr\/wp-json\/wp\/v2\/pages\/171"}],"wp:attachment":[{"href":"https:\/\/conscharleroi.esteri.it\/fr\/wp-json\/wp\/v2\/media?parent=2228"}],"curies":[{"name":"wp","href":"https:\/\/api.w.org\/{rel}","templated":true}]}}