{"id":305,"date":"2023-06-13T09:55:08","date_gmt":"2023-06-13T07:55:08","guid":{"rendered":"https:\/\/conscharleroi.esteri.it\/servizi-consolari-e-visti\/servizi-per-il-cittadino-italiano\/la-carta-didentita-elettronica-c-i-e\/"},"modified":"2024-09-09T15:04:39","modified_gmt":"2024-09-09T13:04:39","slug":"la-carta-didentita-elettronica-c-i-e","status":"publish","type":"page","link":"https:\/\/conscharleroi.esteri.it\/fr\/servizi-consolari-e-visti\/servizi-per-il-cittadino-italiano\/la-carta-didentita-elettronica-c-i-e\/","title":{"rendered":"La carte d\u2019identit\u00e9 \u00e9lectronique (C.I.E.)"},"content":{"rendered":"<p>Les pi\u00e8ces d\u2019identit\u00e9 italiennes sont d\u00e9livr\u00e9es sur rendez-vous, que vous pouvez fixer en vous connectant sur le site\u00a0<a href=\"https:\/\/prenotami.esteri.it\/\">Prenot@mi<\/a>.<\/p>\n<p>Vous trouverez un c<strong>ompl\u00e9ment d\u2019information<\/strong>\u00a0ainsi qu\u2019une\u00a0<strong>vid\u00e9o explicative<\/strong>\u00a0sur la page\u00a0<a href=\"https:\/\/conscharleroi.esteri.it\/fr\/servizi-consolari-e-visti\/servizi-per-il-cittadino-italiano\/prendre-un-rendez-vous\/\">Prendre un rendez-vous<\/a>.<\/p>\n<p>Nous conseillons la prise d\u2019un rendez-vous durant les moments o\u00f9 nous rencontrons le moins d\u2019affluence en nos bureaux, \u00e0 savoir entre\u00a0<strong>septembre et avril<\/strong>.<br \/>\nNous rappelons que les documents d\u2019identit\u00e9 italiens doivent \u00eatre renouvel\u00e9s avant leur p\u00e9remption,une demande de nouveaux documents d\u2019identit\u00e9 peut \u00eatre pr\u00e9sent\u00e9e dans les\u00a0<strong>6 mois qui pr\u00e9c\u00e8dent leur date d\u2019\u00e9ch\u00e9ance<\/strong>.<\/p>\n<p style=\"text-align: justify;\">La nouvelle carte d\u2019identit\u00e9 \u00e9lectronique (C.I.E.) est dot\u00e9e des technologies les plus avanc\u00e9es en mati\u00e8re de s\u00e9curit\u00e9 et de protection contre les contrefa\u00e7ons, et est au format carte bancaire.<\/p>\n<p style=\"text-align: justify;\">La carte d\u2019identit\u00e9 (C.I.E.) est indispensable pour s\u2019identifier et circuler dans l\u2019Union Europ\u00e9enne, dans certains \u00e9tats adh\u00e9rents aux Accords de Schengen (tels que l\u2019Islande, la Norv\u00e8ge et la Suisse) et dans certains \u00e9tats ayant des accords bilat\u00e9raux avec l\u2019Italie. Vous trouverez de plus amples informations pour la validit\u00e9 de la carte d\u2019identit\u00e9 en fonction du pays visit\u00e9 sur le site\u00a0<a href=\"https:\/\/www.viaggiaresicuri.it\/find-country\">viaggiaresicuri.it<\/a>.<\/p>\n<p style=\"text-align: justify;\">La carte d\u2019identit\u00e9 \u00e9lectronique (C.I.E.) permet \u00e9galement l\u2019acc\u00e8s \u00e0 diff\u00e9rents services en ligne de l\u2019Administration Italienne.<\/p>\n<ul>\n<li><strong>\u00c0 qui peut \u00eatre d\u00e9livr\u00e9e la C.I.E.?<\/strong><\/li>\n<\/ul>\n<p style=\"text-align: justify;\">La carte d\u2019identit\u00e9 \u00e9lectronique (C.I.E.) peut \u00eatre d\u00e9livr\u00e9e \u00e0 tout citoyen italien qui r\u00e9side <strong>dans la circonscription consulaire<\/strong> du Consulat de Charleroi (codes postaux de 4000 \u00e0 7999) et qui est <strong>inscrit \u00e0 l\u2019AIRE<\/strong> (Anagrafe degli Italiani Residenti all\u2019Estero).<\/p>\n<p style=\"text-align: justify;\">La C.I.E. peut \u00eatre d\u00e9livr\u00e9e:<\/p>\n<p style=\"text-align: justify;\">\u2013 si vous n\u2019avez jamais eu de carte d\u2019identit\u00e9 italienne<\/p>\n<p style=\"text-align: justify;\">\u2013 si vous poss\u00e9dez une carte d\u2019identit\u00e9 italienne qui p\u00e9rime dans les 6 mois ou p\u00e9rim\u00e9e<\/p>\n<p style=\"text-align: justify;\">\u2013 en cas de perte, de vol ou si votre carte en cours de validit\u00e9 est d\u00e9terior\u00e9e.<\/p>\n<p>La d\u00e9livrance de la carte d&rsquo;identit\u00e9 est soumise aux conditions \u00e9nonc\u00e9es dans <a href=\"https:\/\/www.normattiva.it\/uri-res\/N2Ls?urn:nir:stato:legge:1967-11-21;1185!vig=#:~:text=Ogni%20cittadino%20%C3%A8%20libero%2C%20salvi,in%20vigore%2C%20e%20di%20rientrarvi.\">l&rsquo;article 3 de la Loi 1185\/1967.<\/a> Des contr\u00f4les al\u00e9atoires pourront \u00eatre effectu\u00e9s pour v\u00e9rifier la v\u00e9racit\u00e9 de vos d\u00e9claration.<\/p>\n<ul>\n<li><strong>Quelle est dur\u00e9e de validit\u00e9 de la C.I.E.?<\/strong><\/li>\n<\/ul>\n<p style=\"text-align: justify;\">\u2013 3 ans de validit\u00e9 pour les enfants de moins de 3 ans,<br \/>\n\u2013 5 ans de validit\u00e9 pour les enfants ayant entre 3 et 18 ans,<br \/>\n\u2013 10 ans de validit\u00e9 pour les personnes majeures.<\/p>\n<ul style=\"text-align: justify;\">\n<li><strong>Combien co\u00fbte la C.I.E.?<\/strong><\/li>\n<\/ul>\n<p style=\"text-align: justify;\">\u2013\u00a0<u>21,95<\/u>\u00a0euro<br \/>\n\u2013<u>\u00a027,11<\/u>\u00a0euro pour un duplicata (en cas de perte ou de vol d\u2019une carte en cours de validit\u00e9 ou si votre carte est d\u00e9terior\u00e9e).<\/p>\n<p style=\"text-align: justify;\">Le paiement sera effectu\u00e9 le jour du rendez-vous en nos bureaux par carte BANCONTACT uniquement. <u>Les cartes de cr\u00e9dit ne sont pas accept\u00e9es<\/u>.<\/p>\n<ul style=\"text-align: justify;\">\n<li><strong>Comment demander la C.I.E.?<\/strong><\/li>\n<\/ul>\n<p style=\"text-align: justify;\">La demande C.I.E. se fait uniquement sur le site\u00a0<a href=\"https:\/\/prenotami.esteri.it\/\">Prenot@mi<\/a>\u00a0o\u00f9 vous pourrez choisir le jour de votre rendez-vous apr\u00e8s vous \u00eatre pr\u00e9alablement enregistr\u00e9.<\/p>\n<p style=\"text-align: justify;\">Les demandes re\u00e7ues par d\u2019autres moyens (t\u00e9l\u00e9phone, email ou aux guichets) ne seront pas prises en compte.<\/p>\n<p style=\"text-align: justify;\"><u>Si le demandeur de la C.I.E est majeur (&gt;18 ans), il devra se pr\u00e9senter le jour du rendez-vous avec :<\/u><\/p>\n<p style=\"text-align: justify;\">\u2013 une photo d\u2019identit\u00e9 couleur r\u00e9cente (de moins de 6 mois) sur fond blanc conforme aux <u>standards ICAO<\/u><\/p>\n<p style=\"text-align: justify;\">\u2013 la carte d\u2019identit\u00e9 pr\u00e9c\u00e9dente (ou une d\u00e9claration de perte de la police si perdue ou vol\u00e9e)<\/p>\n<p style=\"text-align: justify;\">\u2013 Le permis de s\u00e9jour ou carte d\u2019identit\u00e9 belge<\/p>\n<p style=\"text-align: justify;\"><u>Si le demandeur de la C.I.E est mineur d\u2019\u00e2ge (&gt;18 ans):<\/u><\/p>\n<p style=\"text-align: justify;\"><strong>L\u2019enfant mineur devra devra \u00eatre accompagn\u00e9 d\u2019au moins un de ses deux parents (ou tuteur l\u00e9gal).<\/strong><\/p>\n<p style=\"text-align: justify;\">\u2013 une photo d\u2019identit\u00e9 couleur r\u00e9cente (de moins de 6 mois) sur fond blanc conforme aux <u>standards ICAO<\/u><\/p>\n<p style=\"text-align: justify;\">\u2013 la carte d\u2019identit\u00e9 pr\u00e9c\u00e9dente (ou une d\u00e9claration de perte de la police si perdue ou vol\u00e9e)<\/p>\n<p style=\"text-align: justify;\">\u2013 Le permis de s\u00e9jour ou carte d\u2019identit\u00e9 belge<\/p>\n<p style=\"text-align: justify;\">\u2013\u00a0<a href=\"https:\/\/conscharleroi.esteri.it\/wp-content\/uploads\/2024\/07\/ASSENSO-Charleroi.pdf\">Le document \u201cassenso\u201d<\/a>\u00a0compl\u00e9t\u00e9 et sign\u00e9 par le parent qui serait absent le jour du rendez-vous, auquel il devra joindre copie de sa pi\u00e8ce d\u2019identit\u00e9 (<strong>le document \u201cassenso\u201d ne doit pas \u00eatre fourni si les deux parents sont pr\u00e9sents<\/strong>)<br \/>\n<u>ATTENTION:<\/u><\/p>\n<p style=\"text-align: justify;\">Si le parent qui doit compl\u00e9ter le document le document \u201cassenso\u201d\u00a0n\u2019est pas citoyen de l\u2019Union Europ\u00e9enne, sa signature devra \u00eatre authentifi\u00e9e aupr\u00e8s des autorit\u00e9s belges ou au consulat italien le plus proche s\u2019il r\u00e9side \u00e0 l\u2019\u00e9tranger.<\/p>\n<ul style=\"text-align: justify;\">\n<li><strong>Quand et comment est d\u00e9livr\u00e9e la C.I.E.?<\/strong><\/li>\n<\/ul>\n<p style=\"text-align: justify;\">La C.I.E. est envoy\u00e9e au domicile du demandeur par l\u2019Istituto Poligrafico e Zecca dello Stato dans les 15 jours suivant le rendez-vous fix\u00e9 au Consulat.<\/p>\n<p style=\"text-align: justify;\">Un num\u00e9ro de suivi postal de l\u2019envoi sera donn\u00e9 au demandeur.<\/p>\n<p style=\"text-align: justify;\">Si la carte n\u2019arrivait pas dans le d\u00e9lai imparti, le demandeur est tenu de le signaler au bureau des postes belges et au Consulat.<\/p>\n<ul style=\"text-align: justify;\">\n<li><strong>Peut-on changer l\u2019adresse mentionn\u00e9e sur la C.I.E.?<\/strong><\/li>\n<\/ul>\n<p style=\"text-align: justify;\">Non. Les changements d\u2019adresse, la profession ou l\u2019\u00e9tat civil du titulaire n\u2019induisent ni le renouvellement, ni la modification de la C.I.E en cours de validit\u00e9. Nous rappelons toutefois qu&rsquo;aux termes des dispositions l\u00e9gales, le citoyen italien est tenu de communiquer tout changement dans sa situation personnelle (adresse, \u00e9tat civil, etc.) via le site <a href=\"https:\/\/serviziconsolari.esteri.it\/ScoFE\/index.sco\">Fast It.<\/a><\/p>\n<p style=\"text-align: justify;\">\n","protected":false},"excerpt":{"rendered":"Les pi\u00e8ces d\u2019identit\u00e9 italiennes sont d\u00e9livr\u00e9es sur rendez-vous, que vous pouvez fixer en vous connectant sur le site\u00a0Prenot@mi. Vous trouverez un compl\u00e9ment d\u2019information\u00a0ainsi qu\u2019une\u00a0vid\u00e9o explicative\u00a0sur la page\u00a0Prendre un rendez-vous. Nous conseillons la prise d\u2019un rendez-vous durant les moments o\u00f9 nous rencontrons le moins d\u2019affluence en nos bureaux, \u00e0 savoir entre\u00a0septembre et avril. Nous rappelons que [&hellip;]","protected":false},"author":3,"featured_media":0,"parent":172,"menu_order":35,"comment_status":"closed","ping_status":"closed","template":"","meta":{"footnotes":""},"class_list":["post-305","page","type-page","status-publish","hentry"],"_links":{"self":[{"href":"https:\/\/conscharleroi.esteri.it\/fr\/wp-json\/wp\/v2\/pages\/305","targetHints":{"allow":["GET"]}}],"collection":[{"href":"https:\/\/conscharleroi.esteri.it\/fr\/wp-json\/wp\/v2\/pages"}],"about":[{"href":"https:\/\/conscharleroi.esteri.it\/fr\/wp-json\/wp\/v2\/types\/page"}],"author":[{"embeddable":true,"href":"https:\/\/conscharleroi.esteri.it\/fr\/wp-json\/wp\/v2\/users\/3"}],"replies":[{"embeddable":true,"href":"https:\/\/conscharleroi.esteri.it\/fr\/wp-json\/wp\/v2\/comments?post=305"}],"version-history":[{"count":6,"href":"https:\/\/conscharleroi.esteri.it\/fr\/wp-json\/wp\/v2\/pages\/305\/revisions"}],"predecessor-version":[{"id":2526,"href":"https:\/\/conscharleroi.esteri.it\/fr\/wp-json\/wp\/v2\/pages\/305\/revisions\/2526"}],"up":[{"embeddable":true,"href":"https:\/\/conscharleroi.esteri.it\/fr\/wp-json\/wp\/v2\/pages\/172"}],"wp:attachment":[{"href":"https:\/\/conscharleroi.esteri.it\/fr\/wp-json\/wp\/v2\/media?parent=305"}],"curies":[{"name":"wp","href":"https:\/\/api.w.org\/{rel}","templated":true}]}}