{"id":3150,"date":"2025-04-17T13:46:27","date_gmt":"2025-04-17T11:46:27","guid":{"rendered":"https:\/\/conscharleroi.esteri.it\/?page_id=3150"},"modified":"2025-12-03T13:00:48","modified_gmt":"2025-12-03T11:00:48","slug":"certificats-detat-civil","status":"publish","type":"page","link":"https:\/\/conscharleroi.esteri.it\/fr\/servizi-consolari-e-visti\/servizi-per-il-cittadino-italiano\/stato-civile\/certificats-detat-civil\/","title":{"rendered":"Certificats d&rsquo;\u00e9tat civil"},"content":{"rendered":"<p>Les certificats d&rsquo;\u00e9tat civil sont des documents attestant des situations issues des archives de l&rsquo;\u00e9tat civil, telles que le statut marital ou la citoyennet\u00e9.<\/p>\n<p>Le service de l&rsquo;\u00e9tat civil d\u00e9livre, sur la base des actes officiels, les certificats attestant de l&rsquo;\u00ab \u00e9tat civil \u00bb de chaque individu : statut marital, citoyennet\u00e9, coutume, capacit\u00e9 matrimoniale et individualit\u00e9.<\/p>\n<p>&nbsp;<\/p>\n<p style=\"text-align: center;\"><span style=\"text-decoration: underline;\">CERTIFICATS D\u00c9LIVR\u00c9S PAR CE CONSULAT G\u00c9N\u00c9RAL<\/span><\/p>\n<p>&nbsp;<\/p>\n<p>Les compatriotes inscrits dans la circonscription consulaire de Charleroi peuvent demander les certificats suivants aupr\u00e8s de ce Consulat G\u00e9n\u00e9ral :<\/p>\n<ol>\n<li><strong>Certificat de c\u00e9libat<\/strong> : <a href=\"https:\/\/conscharleroi.esteri.it\/wp-content\/uploads\/2025\/11\/MODULO-DI-RICHIESTA-CERTIFICATO-DI-STATO-CIVILE-.pdf\">Formulaire de demande de certificat d&rsquo;\u00e9tat civil<\/a>\u00a0(*)<\/li>\n<li><strong>Certificat de nationalit\u00e9<\/strong> : <a href=\"https:\/\/conscharleroi.esteri.it\/wp-content\/uploads\/2025\/11\/MODULO-CERT-CITTADINANZA.pdf\">Formulaire de demande de certificat de citoyennet\u00e9<\/a> (*)<\/li>\n<li><strong>Certificat de coutume<\/strong> : <a href=\"https:\/\/conscharleroi.esteri.it\/wp-content\/uploads\/2025\/11\/MODULO-RICHIESTA-CERTIFICATO-LEGISLATION-ET-COUTUME.pdf\">Formulaire de demande de certificat \u00ab\u00a0l\u00e9gislation et coutume\u00a0\u00bb<\/a> (*)<\/li>\n<li><strong>Certificat cumulatif<\/strong> : <a href=\"https:\/\/conscharleroi.esteri.it\/wp-content\/uploads\/2025\/11\/MODULO-DI-RICHIESTA-PER-POSTA-DI-UN-CERT-CUMULATIVO.pdf\">Formulaire de demande de certificat cumulatif<\/a> (*)<\/li>\n<li><strong>Certificat de capacit\u00e9 matrimoniale \/ Nulla Osta<\/strong> : (**)<\/li>\n<li><strong>Certificat d&rsquo;individualit\u00e9<\/strong> : (**)<\/li>\n<\/ol>\n<p>(*) Demande \u00e0 effectuer <strong>par courrier (Consulat G\u00e9n\u00e9ral d\u2019Italie \u2013 rue Willy Ernst 23 \u2013 6000 Charleroi)<\/strong>, en envoyant les formulaires correspondants t\u00e9l\u00e9chargeables depuis les liens ci-dessus.<\/p>\n<p>(**) Demande \u00e0 effectuer par e-mail \u00e0 l&rsquo;adresse suivante : <a href=\"mailto:consgencharleroi.certificati@esteri.it\">consgencharleroi.certificati@esteri.it<\/a>, \u00e9galement joignable pour d&rsquo;\u00e9ventuelles clarifications.<\/p>\n<p>&nbsp;<\/p>\n<p>&nbsp;<\/p>\n<p style=\"text-align: center;\"><span style=\"text-decoration: underline;\">CERTIFICATS ET ACTES D&rsquo;\u00c9TAT CIVIL D\u00c9LIVR\u00c9S PAR L&rsquo;ITALIE<\/span><\/p>\n<p>&nbsp;<\/p>\n<p>Les certificats d&rsquo;\u00e9tat civil, y compris celui de naissance, <span style=\"text-decoration: underline;\">\u00e9mis par les communes italiennes<\/span> doivent \u00eatre demand\u00e9s directement \u00e0 la commune italienne par l&rsquo;int\u00e9ress\u00e9 :<\/p>\n<ul>\n<li>En envoyant au commune italienne le formulaire : <a href=\"https:\/\/conscharleroi.esteri.it\/resource\/2016\/06\/130987_f_RICHIESTA_CERTIFICATO_COMUNE.pdf\">cliquez ici<\/a> \u2013 <strong>par courrier ou par e-mail<\/strong>.<\/li>\n<li>En t\u00e9l\u00e9chargeant l&rsquo;acte requis depuis la plateforme <strong>ANPR<\/strong> :<\/li>\n<\/ul>\n<p><a href=\"https:\/\/www.anagrafenazionale.interno.it\/area-cittadino\/certificati\/\">https:\/\/www.anagrafenazionale.interno.it\/area-cittadino\/certificati\/<\/a>.<\/p>\n<p>Depuis le 15\/11\/2021, il est possible de demander les certificats en ligne (14 certificats), y compris pour les inscrits \u00e0 l&rsquo;AIRE, via la nouvelle plateforme ANPR :<\/p>\n<p><a href=\"https:\/\/www.interno.gov.it\/it\/notizie\/anpr-certificati-anagrafici-online-e-gratuiti-i-cittadini\">https:\/\/www.interno.gov.it\/it\/notizie\/anpr-certificati-anagrafici-online-e-gratuiti-i-cittadini<\/a>.<\/p>\n<p>&nbsp;<\/p>\n<p><span style=\"text-decoration: underline;\"><strong>Certificat d&rsquo;inscription \u00e0 l&rsquo;AIRE et certificat de famille historique<\/strong><\/span><\/p>\n<p>Les compatriotes peuvent demander ces certificats :<\/p>\n<ul>\n<li>Directement \u00e0 leur commune d&rsquo;inscription \u00e0 l&rsquo;AIRE ;<\/li>\n<li>Ou les t\u00e9l\u00e9charger eux-m\u00eames depuis la plateforme <strong>ANPR<\/strong> :<\/li>\n<\/ul>\n<p><a href=\"https:\/\/www.anagrafenazionale.interno.it\/area-cittadino\/certificati\/\">https:\/\/www.anagrafenazionale.interno.it\/area-cittadino\/certificati\/<\/a>.<\/p>\n","protected":false},"excerpt":{"rendered":"Les certificats d&rsquo;\u00e9tat civil sont des documents attestant des situations issues des archives de l&rsquo;\u00e9tat civil, telles que le statut marital ou la citoyennet\u00e9. Le service de l&rsquo;\u00e9tat civil d\u00e9livre, sur la base des actes officiels, les certificats attestant de l&rsquo;\u00ab \u00e9tat civil \u00bb de chaque individu : statut marital, citoyennet\u00e9, coutume, capacit\u00e9 matrimoniale et [&hellip;]","protected":false},"author":4,"featured_media":0,"parent":189,"menu_order":1,"comment_status":"closed","ping_status":"closed","template":"","meta":{"footnotes":""},"class_list":["post-3150","page","type-page","status-publish","hentry"],"_links":{"self":[{"href":"https:\/\/conscharleroi.esteri.it\/fr\/wp-json\/wp\/v2\/pages\/3150","targetHints":{"allow":["GET"]}}],"collection":[{"href":"https:\/\/conscharleroi.esteri.it\/fr\/wp-json\/wp\/v2\/pages"}],"about":[{"href":"https:\/\/conscharleroi.esteri.it\/fr\/wp-json\/wp\/v2\/types\/page"}],"author":[{"embeddable":true,"href":"https:\/\/conscharleroi.esteri.it\/fr\/wp-json\/wp\/v2\/users\/4"}],"replies":[{"embeddable":true,"href":"https:\/\/conscharleroi.esteri.it\/fr\/wp-json\/wp\/v2\/comments?post=3150"}],"version-history":[{"count":4,"href":"https:\/\/conscharleroi.esteri.it\/fr\/wp-json\/wp\/v2\/pages\/3150\/revisions"}],"predecessor-version":[{"id":3762,"href":"https:\/\/conscharleroi.esteri.it\/fr\/wp-json\/wp\/v2\/pages\/3150\/revisions\/3762"}],"up":[{"embeddable":true,"href":"https:\/\/conscharleroi.esteri.it\/fr\/wp-json\/wp\/v2\/pages\/189"}],"wp:attachment":[{"href":"https:\/\/conscharleroi.esteri.it\/fr\/wp-json\/wp\/v2\/media?parent=3150"}],"curies":[{"name":"wp","href":"https:\/\/api.w.org\/{rel}","templated":true}]}}