{"id":3157,"date":"2023-09-18T10:40:35","date_gmt":"2023-09-18T08:40:35","guid":{"rendered":"https:\/\/conscharleroi.esteri.it\/?page_id=3157"},"modified":"2025-05-08T14:55:32","modified_gmt":"2025-05-08T12:55:32","slug":"code-fiscal","status":"publish","type":"page","link":"https:\/\/conscharleroi.esteri.it\/fr\/servizi-consolari-e-visti\/servizi-per-il-cittadino-straniero\/code-fiscal\/","title":{"rendered":"Code fiscal"},"content":{"rendered":"<p style=\"text-align: justify;\"><span style=\"text-decoration: underline;\">QU\u2019EST-CE QUE C\u2019EST<\/span><\/p>\n<p style=\"text-align: justify;\">Le code fiscal est un code alphanum\u00e9rique d\u00e9livr\u00e9 par l\u2019Agenzia delle Entrate pour identifier le citoyen (italien ou \u00e9tranger) dans ses relations avec les administrations publiques, les entit\u00e9s priv\u00e9es et les organismes italiens. Pour les personnes physiques, le code fiscal est d\u00e9termin\u00e9 \u00e0 partir des donn\u00e9es d\u2019\u00e9tat civil. Il est d\u00e9livr\u00e9 gratuitement et, une fois g\u00e9n\u00e9r\u00e9 et attribu\u00e9, il n\u2019a pas de date d\u2019expiration.<\/p>\n<p style=\"text-align: justify;\"><span style=\"text-decoration: underline;\">\u00c0 QUOI SERT-IL<\/span><\/p>\n<p style=\"text-align: justify;\">Toute formalit\u00e9 administrative (paiement de taxes, imp\u00f4ts, redevances, etc.) ou activit\u00e9 contractuelle (acceptation d\u2019h\u00e9ritage, contrats avec des entit\u00e9s publiques ou priv\u00e9es, demande de financement, parrainages, locations ou pr\u00eats de biens immobiliers, etc.) exige l\u2019indication du code fiscal de la personne qui l\u2019accomplit.<\/p>\n<p style=\"text-align: justify;\"><span style=\"text-decoration: underline;\">COMMENT FAIRE LA DEMANDE SI L\u2019ON R\u00c9SIDE \u00c0 L\u2019\u00c9TRANGER<\/span><\/p>\n<p style=\"text-align: justify;\"><span style=\"text-decoration: underline;\"><strong>Les citoyens italiens<\/strong> <\/span><strong>r\u00e9sidant \u00e0 l\u2019\u00e9tranger<\/strong> peuvent demander le code fiscal p<strong>ar l\u2019interm\u00e9diaire du Bureau consulaire, ainsi que directement aupr\u00e8s des bureaux de l\u2019Agenzia delle Entrate situ\u00e9s sur le territoire italien<\/strong>, conform\u00e9ment \u00e0 l\u2019art. 1 du d\u00e9cret minist\u00e9riel d\u2019application du 17 mai 2001, n. 281, compte tenu de l\u2019organisation \u00e9tendue et de la large diffusion des bureaux de l\u2019Agenzia delle Entrate en Italie.<\/p>\n<p>&nbsp;<\/p>\n<p style=\"text-align: justify;\"><span style=\"text-decoration: underline;\"><strong>A<\/strong>_ CITOYENS ITALIENS R\u00c9SIDANT \u00c0 L\u2019\u00c9TRANGER INSCRITS \u00c0 L\u2019AIRE<\/span><\/p>\n<p style=\"text-align: justify;\">Les citoyens italiens majeurs inscrits \u00e0 l\u2019AIRE dans la circonscription consulaire de Charleroi peuvent <strong>demander le code fiscal<\/strong>, pour eux-m\u00eames et pour leurs enfants mineurs (\u00e9galement italiens, inscrits \u00e0 l\u2019AIRE et figurant dans le noyau familial du parent), via le portail t\u00e9l\u00e9matique Fast-it, en acc\u00e9dant au service d\u00e9di\u00e9 et en suivant les instructions. Toujours via le portail Fast-it, il sera possible de t\u00e9l\u00e9charger le <strong>certificat d\u2019attribution du code fiscal<\/strong>, une fois que le traitement de la demande aura \u00e9t\u00e9 compl\u00e9t\u00e9.<\/p>\n<p style=\"text-align: justify;\"><strong><span style=\"text-decoration: underline;\">Proc\u00e9dure via FAST-IT<\/span> :<\/strong><\/p>\n<ul style=\"text-align: justify;\">\n<li>Acc\u00e9dez au portail Fast-it ;<\/li>\n<li>Cliquez sur \u00ab Anagrafe Consolare e AIRE \u00bb, puis sur \u00ab Attribuzione Codice Fiscale \u00bb ;<\/li>\n<li>Confirmez les donn\u00e9es et lancez la demande ;<\/li>\n<li>Une fois la demande trait\u00e9e par le Consulat, vous pourrez t\u00e9l\u00e9charger <strong>en toute autonomie<\/strong> le certificat d\u2019attribution du code fiscal.<\/li>\n<\/ul>\n<p style=\"text-align: justify;\"><strong>Si vous ne parvenez pas \u00e0 t\u00e9l\u00e9charger le certificat d\u2019attribution du code fiscal :<\/strong><\/p>\n<ul style=\"text-align: justify;\">\n<li>Enregistrez-vous sur le portail FAST-IT, ou connectez-vous si vous avez d\u00e9j\u00e0 un compte actif ;<\/li>\n<li>Demandez l\u2019<strong>\u00ab Association en ligne \u00bb<\/strong> en cliquant sur \u00ab Anagrafe Consolare e AIRE \u00bb, puis sur \u00ab Visualiser votre fiche d\u2019\u00e9tat civil \u00bb ;<\/li>\n<li>Vous recevrez un message de confirmation d\u2019association sur votre bo\u00eete mail ;<\/li>\n<li>Connectez-vous de nouveau au portail et t\u00e9l\u00e9chargez le certificat.<\/li>\n<\/ul>\n<p style=\"text-align: justify;\">Les citoyens majeurs inscrits \u00e0 l\u2019AIRE qui <strong>poss\u00e8dent d\u00e9j\u00e0<\/strong> un code fiscal peuvent t\u00e9l\u00e9charger directement le <strong>certificat d\u2019attestation<\/strong> du code fiscal via le portail Fast-it en acc\u00e9dant au service et en suivant les m\u00eames instructions ; dans ce cas, <strong>l\u2019intervention du Consulat ne sera pas n\u00e9cessaire<\/strong> pour l\u2019\u00e9mission du certificat.<\/p>\n<p style=\"text-align: justify;\">Il est pr\u00e9cis\u00e9 que <strong>l\u2019impression du certificat d\u2019attribution du code fiscal<\/strong>, rev\u00eatu du <strong>cachet et de la signature<\/strong> de la Repr\u00e9sentation diplomatique-consulaire, <strong>a la m\u00eame valeur que la carte plastifi\u00e9e<\/strong>.<\/p>\n<p style=\"text-align: justify;\"><strong>La d\u00e9livrance de la carte plastifi\u00e9e n\u2019est pas pr\u00e9vue<\/strong> par ce Consulat G\u00e9n\u00e9ral, sauf dans des cas de <strong>n\u00e9cessit\u00e9 av\u00e9r\u00e9e<\/strong>. Dans ces cas, une demande sp\u00e9cifique devra \u00eatre envoy\u00e9e par courrier (Consolato Generale d\u2019Italia \/ Servizio Codice Fiscale, rue Willy Ernst 23, 6000 Charleroi), en joignant <strong>le formulaire pr\u00e9vu d\u00fbment rempli et sign\u00e9<\/strong>, une <strong>copie recto\/verso d\u2019un document d\u2019identit\u00e9<\/strong>, ainsi qu\u2019une <strong>enveloppe affranchie et correctement libell\u00e9e<\/strong>. La carte plastifi\u00e9e arrivera au Consulat G\u00e9n\u00e9ral <strong>dans un d\u00e9lai de 4 \u00e0 6 semaines<\/strong>, puis sera envoy\u00e9e \u00e0 l\u2019adresse indiqu\u00e9e dans la demande.<\/p>\n<p style=\"text-align: justify;\">En cas de <strong>perte ou de destruction<\/strong> du certificat papier ou de la carte plastifi\u00e9e, un <strong>duplicata peut \u00eatre demand\u00e9 selon la m\u00eame proc\u00e9dure que l\u2019attribution<\/strong> initiale.<\/p>\n<p style=\"text-align: justify;\">En cas de demande pour des <strong>enfants mineurs n\u00e9s \u00e0 l\u2019\u00e9tranger<\/strong>, il est n\u00e9cessaire que :<\/p>\n<ul style=\"text-align: justify;\">\n<li>L\u2019acte de naissance ait \u00e9t\u00e9 <strong>transcrit par la Commune de r\u00e9sidence<\/strong> ;<\/li>\n<li>Le mineur soit <strong>inscrit \u00e0 l\u2019AIRE<\/strong>.<\/li>\n<\/ul>\n<p style=\"text-align: justify;\">Une fois la <strong>confirmation de la transcription de l\u2019acte de naissance<\/strong> et de l\u2019inscription AIRE du mineur obtenue de la part de la Commune en Italie, le parent pourra acc\u00e9der au portail avec ses propres identifiants et t\u00e9l\u00e9charger le certificat.<\/p>\n<p>&nbsp;<\/p>\n<p style=\"text-align: justify;\"><span style=\"text-decoration: underline;\"><strong>B<\/strong>_ CITOYENS ITALIENS NON INSCRITS \u00c0 L\u2019AIRE ET H\u00c9RITIERS AGISSANT POUR LE COMPTE D\u2019UNE PERSONNE D\u00c9C\u00c9D\u00c9E<\/span><\/p>\n<p style=\"text-align: justify;\">Les citoyens italiens <strong>non inscrits \u00e0 l\u2019AIRE<\/strong> et les <strong>h\u00e9ritiers<\/strong> d\u2019une personne d\u00e9c\u00e9d\u00e9e r\u00e9sidant dans la circonscription consulaire de Charleroi peuvent demander l\u2019attribution du code fiscal <strong>exclusivement par e-mail<\/strong> \u00e0 l\u2019adresse suivante : <a href=\"mailto:charleroi.codicefiscale@esteri.it\">charleroi.codicefiscale@esteri.it<\/a><\/p>\n<p style=\"text-align: justify;\"><strong>Documents (au format pdf) \u00e0 joindre pour les citoyens non inscrits \u00e0 l\u2019AIRE :<\/strong><\/p>\n<ul style=\"text-align: justify;\">\n<li>le <strong>formulaire de demande AA4_8<\/strong> (esteri.it) ;<\/li>\n<li>une <strong>copie recto\/verso d\u2019un document d\u2019identit\u00e9 valide<\/strong>.<\/li>\n<\/ul>\n<p style=\"text-align: justify;\"><strong>Documents (au format pdf) \u00e0 joindre pour les h\u00e9ritiers d\u2019une personne d\u00e9c\u00e9d\u00e9e :<\/strong><\/p>\n<ul style=\"text-align: justify;\">\n<li>une copie du document d\u2019identit\u00e9 du d\u00e9funt ;<\/li>\n<li>le <strong>certificat de d\u00e9c\u00e8s<\/strong> ;<\/li>\n<li>une copie du document d\u2019identit\u00e9 du demandeur\/h\u00e9ritier ;<\/li>\n<li>une <strong>preuve de r\u00e9sidence r\u00e9cente<\/strong> du demandeur\/h\u00e9ritier.<\/li>\n<\/ul>\n<p style=\"text-align: justify;\">Le <strong>code fiscal sera envoy\u00e9 au demandeur par e-mail<\/strong> apr\u00e8s la v\u00e9rification des documents.<\/p>\n<p>&nbsp;<\/p>\n<p style=\"text-align: justify;\"><span style=\"text-decoration: underline;\"><strong>C<\/strong>_ CITOYENS \u00c9TRANGERS NON R\u00c9SIDANT EN ITALIE<\/span><\/p>\n<p style=\"text-align: justify;\">Un citoyen \u00e9tranger non r\u00e9sident en Italie peut <strong>mandater une personne de confiance<\/strong> pour pr\u00e9senter la demande de code fiscal directement aupr\u00e8s des bureaux de l\u2019Agenzia delle Entrate situ\u00e9s sur le territoire italien, conform\u00e9ment \u00e0 l\u2019art. 1 du d\u00e9cret minist\u00e9riel du 17 mai 2001, n. 281.<\/p>\n<p style=\"text-align: justify;\">Les adresses des bureaux de l\u2019Agenzia delle Entrate sont disponibles sur le site Internet : <a href=\"https:\/\/www.agenziaentrate.it\/\">www.agenziaentrate.it<\/a><\/p>\n<p style=\"text-align: justify;\">Le code fiscal peut \u00eatre demand\u00e9 par un citoyen \u00e9tranger <strong>r\u00e9sidant dans la circonscription consulaire de Charleroi<\/strong>, par e-mail \u00e0 ce Bureau consulaire (selon les modalit\u00e9s ci-dessus), <strong>uniquement dans les cas o\u00f9 le code fiscal est requis pour des d\u00e9marches en ligne et\/ou dans l\u2019impossibilit\u00e9 de mandater un tiers<\/strong> pour la demande aupr\u00e8s de l\u2019Agenzia delle Entrate : dans ces cas, le Bureau consulaire transmettra la demande \u00e0 l\u2019Agenzia delle Entrate en Italie.<\/p>\n<p>&nbsp;<\/p>\n<p style=\"text-align: justify;\"><span style=\"text-decoration: underline;\">\u00c9TUDIANTS<\/span><\/p>\n<p style=\"text-align: justify;\">Les <strong>\u00e9tudiants<\/strong> qui ont besoin d\u2019un code fiscal pour leur <strong>pr\u00e9inscription universitaire<\/strong> peuvent l\u2019obtenir automatiquement via le portail <a href=\"https:\/\/www.universitaly.it\/\"><strong>UNIVERSITALY<\/strong><\/a> lors de la soumission de leur demande de pr\u00e9inscription. L\u2019attribution du code fiscal pourra ensuite \u00eatre finalis\u00e9e :<\/p>\n<ul style=\"text-align: justify;\">\n<li>aupr\u00e8s du <strong>Guichet unique pour l\u2019immigration<\/strong> ou par la <strong>Pr\u00e9fecture de police (Questura)<\/strong> lors de la demande de permis de s\u00e9jour pour les \u00e9tudiants <strong>non europ\u00e9ens<\/strong> ;<\/li>\n<li>aupr\u00e8s de l\u2019<strong>Agenzia delle Entrate<\/strong> en pr\u00e9sentant le formulaire <a href=\"https:\/\/conscharleroi.esteri.it\/wp-content\/uploads\/2023\/06\/modello_domanda_codice_fiscale.pdf\"><strong>AA4\/8<\/strong><\/a>, pour les \u00e9tudiants <strong>europ\u00e9ens<\/strong>.<\/li>\n<\/ul>\n<p>&nbsp;<\/p>\n<p style=\"text-align: justify;\">Les <strong>citoyens \u00e9trangers<\/strong> qui ont besoin d\u2019un code fiscal pour <strong>l\u2019achat de biens immobiliers ou pour d\u2019autres activit\u00e9s commerciales\/financi\u00e8res en Italie<\/strong> peuvent mandater un repr\u00e9sentant pour en faire la demande aupr\u00e8s de l\u2019Agenzia delle Entrate en leur nom.<\/p>\n<p style=\"text-align: justify;\">Les <strong>citoyens de pays non membres de l\u2019UE<\/strong> qui souhaitent s\u00e9journer en Italie peuvent se voir attribuer le code fiscal :<\/p>\n<p style=\"text-align: justify;\">\u2013 par le <strong>Guichet unique pour l\u2019immigration<\/strong>, pr\u00e9sent dans chaque Pr\u00e9fecture, pour les citoyens \u00e9trangers demandant un permis de s\u00e9jour pour <strong>travail salari\u00e9 ou regroupement familial<\/strong> ;<\/p>\n<p style=\"text-align: justify;\">\u2013 par la <strong>Pr\u00e9fecture de police (Questura)<\/strong>, pour les citoyens \u00e9trangers sollicitant <strong>d\u2019autres types de permis de s\u00e9jour<\/strong>.<\/p>\n<p>&nbsp;<\/p>\n<p style=\"text-align: justify;\"><span style=\"text-decoration: underline;\"><strong>Les citoyens de l\u2019UE qui souhaitent s\u00e9journer en Italie<\/strong><\/span> peuvent demander le code fiscal en pr\u00e9sentant le formulaire <strong>AA4\/8<\/strong> \u00e0 un bureau territorial de l\u2019Agenzia delle Entrate. La demande doit \u00eatre <strong>motiv\u00e9e et accompagn\u00e9e d\u2019un document valide<\/strong> (passeport ou carte d\u2019identit\u00e9 valable pour voyager \u00e0 l\u2019\u00e9tranger).<\/p>\n<p style=\"text-align: justify;\"><span style=\"text-decoration: underline;\">Le citoyen \u00e9tranger qui a besoin d\u2019un code fiscal<strong> pour entamer une proc\u00e9dure judiciaire en Italie<\/strong><\/span> peut inclure, parmi les d\u00e9l\u00e9gations donn\u00e9es \u00e0 l\u2019avocat qu\u2019il mandate, celle de demander le code fiscal aupr\u00e8s de n\u2019importe quel bureau de l\u2019Agenzia delle Entrate ; les adresses des bureaux sont disponibles sur le site Internet : <a href=\"https:\/\/www.agenziaentrate.it\/\">www.agenziaentrate.it<\/a>.<\/p>\n<p style=\"text-align: justify;\">Pour tout <strong>renseignement compl\u00e9mentaire<\/strong>, merci de nous contacter par e-mail \u00e0 l\u2019adresse suivante : <a href=\"mailto:charleroi.codicefiscale@esteri.it\"><strong>charleroi.codicefiscale@esteri.it<\/strong><\/a>.<\/p>\n<p>&nbsp;<\/p>\n<p>&nbsp;<\/p>\n","protected":false},"excerpt":{"rendered":"QU\u2019EST-CE QUE C\u2019EST Le code fiscal est un code alphanum\u00e9rique d\u00e9livr\u00e9 par l\u2019Agenzia delle Entrate pour identifier le citoyen (italien ou \u00e9tranger) dans ses relations avec les administrations publiques, les entit\u00e9s priv\u00e9es et les organismes italiens. Pour les personnes physiques, le code fiscal est d\u00e9termin\u00e9 \u00e0 partir des donn\u00e9es d\u2019\u00e9tat civil. Il est d\u00e9livr\u00e9 gratuitement [&hellip;]","protected":false},"author":4,"featured_media":0,"parent":199,"menu_order":7,"comment_status":"closed","ping_status":"closed","template":"","meta":{"footnotes":""},"class_list":["post-3157","page","type-page","status-publish","hentry"],"_links":{"self":[{"href":"https:\/\/conscharleroi.esteri.it\/fr\/wp-json\/wp\/v2\/pages\/3157","targetHints":{"allow":["GET"]}}],"collection":[{"href":"https:\/\/conscharleroi.esteri.it\/fr\/wp-json\/wp\/v2\/pages"}],"about":[{"href":"https:\/\/conscharleroi.esteri.it\/fr\/wp-json\/wp\/v2\/types\/page"}],"author":[{"embeddable":true,"href":"https:\/\/conscharleroi.esteri.it\/fr\/wp-json\/wp\/v2\/users\/4"}],"replies":[{"embeddable":true,"href":"https:\/\/conscharleroi.esteri.it\/fr\/wp-json\/wp\/v2\/comments?post=3157"}],"version-history":[{"count":3,"href":"https:\/\/conscharleroi.esteri.it\/fr\/wp-json\/wp\/v2\/pages\/3157\/revisions"}],"predecessor-version":[{"id":3164,"href":"https:\/\/conscharleroi.esteri.it\/fr\/wp-json\/wp\/v2\/pages\/3157\/revisions\/3164"}],"up":[{"embeddable":true,"href":"https:\/\/conscharleroi.esteri.it\/fr\/wp-json\/wp\/v2\/pages\/199"}],"wp:attachment":[{"href":"https:\/\/conscharleroi.esteri.it\/fr\/wp-json\/wp\/v2\/media?parent=3157"}],"curies":[{"name":"wp","href":"https:\/\/api.w.org\/{rel}","templated":true}]}}