{"id":803,"date":"2023-06-27T14:36:54","date_gmt":"2023-06-27T12:36:54","guid":{"rendered":"https:\/\/conscharleroi.esteri.it\/?page_id=803"},"modified":"2024-04-24T10:28:38","modified_gmt":"2024-04-24T08:28:38","slug":"mariage","status":"publish","type":"page","link":"https:\/\/conscharleroi.esteri.it\/fr\/servizi-consolari-e-visti\/servizi-per-il-cittadino-italiano\/stato-civile\/mariage\/","title":{"rendered":"Mariage"},"content":{"rendered":"<p>Le mariage d\u2019un citoyen italien c\u00e9l\u00e9br\u00e9 \u00e0 l\u2019\u00e9tranger <strong>doit \u00eatre transcrit<\/strong> <strong>en Italie<\/strong>.<\/p>\n<p>Pour signaler un mariage, vous devez nous faire <strong>par email en format <\/strong><strong>PDF<\/strong> (\u00e0 <a href=\"mailto:charleroi.matrimoni@esteri.it\">charleroi.matrimoni@esteri.it<\/a>) <strong>ou par voie postale<\/strong>\u00a0(\u00e0\u00a0<em>Consolato Generale d\u2019Italia Charleroi \/ Stato Civile \u2013 rue Willy Ernst 23, 6000 Charleroi)\u00a0<\/em>:<\/p>\n<ol>\n<li>l&rsquo;acte de mariage sur formulaire <strong>international <\/strong>(selon la Convention de Vienne)*<\/li>\n<li><strong><u><a href=\"https:\/\/conscharleroi.esteri.it\/wp-content\/uploads\/2024\/04\/MODULO-RICHIESTA-DI-TRASCRIZIONE-ATTO-DI-MATRIMONIO.pdf\">ce formulaire<\/a><\/u><\/strong> compl\u00e9t\u00e9 et sign\u00e9, accompagn\u00e9 d&rsquo;une copie d\u2019un document d&rsquo;identit\u00e9<\/li>\n<\/ol>\n<p>* Si le mariage a \u00e9t\u00e9 c\u00e9l\u00e9br\u00e9 en Belgique ou dans l\u2019un de ces pays: Autriche, Bosnia-Erzegovine, Croatie, France, Allemagne, Luxembourg, Mac\u00e9doine du Nord, Mont\u00e9n\u00e9gro, Pays-Bas, Portugal, Serbie, Slov\u00e9nie, Suisse, Turquie, le formulaire <u>international<\/u> est suffisant.<\/p>\n<p>L&rsquo;acte de mariage international est disponible\u00a0aupr\u00e8s de votre maison communale ou via les services en ligne E-GUICHET de votre commune.<\/p>\n<p>Pour un mariage c\u00e9l\u00e9br\u00e9 dans d\u2019autres que ceux \u00e9num\u00e9r\u00e9s ci-dessus, vous devez vous informer directement aupr\u00e8s du consulat italien pr\u00e9sent dans le pays du mariage pour conna\u00eetre les formalit\u00e9s \u00e0 effectuer.<\/p>\n<p>Selon <a href=\"https:\/\/conscharleroi.esteri.it\/wp-content\/uploads\/2023\/08\/art.-12-del-D.-Lgs.-71-2011-1.pdf\">l\u2019art. 12 du D. Lgs. 71\/2011<\/a> le consulat italien peut \u00e9galement recevoir les demandes de mariage \u00e0 c\u00e9l\u00e9brer au sein m\u00eame du consulat.<\/p>\n<p>&nbsp;<\/p>\n","protected":false},"excerpt":{"rendered":"Le mariage d\u2019un citoyen italien c\u00e9l\u00e9br\u00e9 \u00e0 l\u2019\u00e9tranger doit \u00eatre transcrit en Italie. Pour signaler un mariage, vous devez nous faire par email en format PDF (\u00e0 charleroi.matrimoni@esteri.it) ou par voie postale\u00a0(\u00e0\u00a0Consolato Generale d\u2019Italia Charleroi \/ Stato Civile \u2013 rue Willy Ernst 23, 6000 Charleroi)\u00a0: l&rsquo;acte de mariage sur formulaire international (selon la Convention de [&hellip;]","protected":false},"author":4,"featured_media":0,"parent":189,"menu_order":5,"comment_status":"closed","ping_status":"closed","template":"","meta":{"footnotes":""},"class_list":["post-803","page","type-page","status-publish","hentry"],"_links":{"self":[{"href":"https:\/\/conscharleroi.esteri.it\/fr\/wp-json\/wp\/v2\/pages\/803","targetHints":{"allow":["GET"]}}],"collection":[{"href":"https:\/\/conscharleroi.esteri.it\/fr\/wp-json\/wp\/v2\/pages"}],"about":[{"href":"https:\/\/conscharleroi.esteri.it\/fr\/wp-json\/wp\/v2\/types\/page"}],"author":[{"embeddable":true,"href":"https:\/\/conscharleroi.esteri.it\/fr\/wp-json\/wp\/v2\/users\/4"}],"replies":[{"embeddable":true,"href":"https:\/\/conscharleroi.esteri.it\/fr\/wp-json\/wp\/v2\/comments?post=803"}],"version-history":[{"count":5,"href":"https:\/\/conscharleroi.esteri.it\/fr\/wp-json\/wp\/v2\/pages\/803\/revisions"}],"predecessor-version":[{"id":2122,"href":"https:\/\/conscharleroi.esteri.it\/fr\/wp-json\/wp\/v2\/pages\/803\/revisions\/2122"}],"up":[{"embeddable":true,"href":"https:\/\/conscharleroi.esteri.it\/fr\/wp-json\/wp\/v2\/pages\/189"}],"wp:attachment":[{"href":"https:\/\/conscharleroi.esteri.it\/fr\/wp-json\/wp\/v2\/media?parent=803"}],"curies":[{"name":"wp","href":"https:\/\/api.w.org\/{rel}","templated":true}]}}