{"id":837,"date":"2023-06-27T14:42:36","date_gmt":"2023-06-27T12:42:36","guid":{"rendered":"https:\/\/conscharleroi.esteri.it\/?page_id=837"},"modified":"2024-04-23T15:09:39","modified_gmt":"2024-04-23T13:09:39","slug":"deces","status":"publish","type":"page","link":"https:\/\/conscharleroi.esteri.it\/fr\/servizi-consolari-e-visti\/servizi-per-il-cittadino-italiano\/stato-civile\/deces\/","title":{"rendered":"D\u00e9c\u00e8s"},"content":{"rendered":"<p>Le d\u00e9c\u00e8s d&rsquo;un citoyen italien qui survient \u00e0 l&rsquo;\u00e9tranger doit \u00eatre signal\u00e9 \u00e0 l&rsquo;Italie.<\/p>\n<p style=\"text-align: justify;\">Le document \u00e0 nous faire parvenir <strong>par email en format <\/strong><strong>PDF<\/strong> (\u00e0 <a href=\"mailto:charleroi.dcd@esteri.it\">charleroi.dcd@esteri.it<\/a>) ou <strong>par voie postale<\/strong>\u00a0(\u00e0\u00a0<em>Consolato Generale d\u2019Italia Charleroi \/ Stato Civile \u2013 rue Willy Ernst 23, 6000 Charleroi)\u00a0<\/em>: acte de d\u00e9c\u00e8s sur formulaire <strong>international <\/strong>(selon la Convention di Vienne), d\u00e9livr\u00e9 par la commune belge<\/p>\n<p style=\"text-align: justify;\">\n","protected":false},"excerpt":{"rendered":"Le d\u00e9c\u00e8s d&rsquo;un citoyen italien qui survient \u00e0 l&rsquo;\u00e9tranger doit \u00eatre signal\u00e9 \u00e0 l&rsquo;Italie. Le document \u00e0 nous faire parvenir par email en format PDF (\u00e0 charleroi.dcd@esteri.it) ou par voie postale\u00a0(\u00e0\u00a0Consolato Generale d\u2019Italia Charleroi \/ Stato Civile \u2013 rue Willy Ernst 23, 6000 Charleroi)\u00a0: acte de d\u00e9c\u00e8s sur formulaire international (selon la Convention di Vienne), [&hellip;]","protected":false},"author":4,"featured_media":0,"parent":189,"menu_order":9,"comment_status":"closed","ping_status":"closed","template":"","meta":{"footnotes":""},"class_list":["post-837","page","type-page","status-publish","hentry"],"_links":{"self":[{"href":"https:\/\/conscharleroi.esteri.it\/fr\/wp-json\/wp\/v2\/pages\/837","targetHints":{"allow":["GET"]}}],"collection":[{"href":"https:\/\/conscharleroi.esteri.it\/fr\/wp-json\/wp\/v2\/pages"}],"about":[{"href":"https:\/\/conscharleroi.esteri.it\/fr\/wp-json\/wp\/v2\/types\/page"}],"author":[{"embeddable":true,"href":"https:\/\/conscharleroi.esteri.it\/fr\/wp-json\/wp\/v2\/users\/4"}],"replies":[{"embeddable":true,"href":"https:\/\/conscharleroi.esteri.it\/fr\/wp-json\/wp\/v2\/comments?post=837"}],"version-history":[{"count":5,"href":"https:\/\/conscharleroi.esteri.it\/fr\/wp-json\/wp\/v2\/pages\/837\/revisions"}],"predecessor-version":[{"id":2108,"href":"https:\/\/conscharleroi.esteri.it\/fr\/wp-json\/wp\/v2\/pages\/837\/revisions\/2108"}],"up":[{"embeddable":true,"href":"https:\/\/conscharleroi.esteri.it\/fr\/wp-json\/wp\/v2\/pages\/189"}],"wp:attachment":[{"href":"https:\/\/conscharleroi.esteri.it\/fr\/wp-json\/wp\/v2\/media?parent=837"}],"curies":[{"name":"wp","href":"https:\/\/api.w.org\/{rel}","templated":true}]}}