{"id":883,"date":"2023-09-14T09:51:08","date_gmt":"2023-09-14T07:51:08","guid":{"rendered":"https:\/\/conscharleroi.esteri.it\/?page_id=883"},"modified":"2026-03-25T10:49:33","modified_gmt":"2026-03-25T08:49:33","slug":"prendre-un-rendez-vous","status":"publish","type":"page","link":"https:\/\/conscharleroi.esteri.it\/fr\/servizi-consolari-e-visti\/servizi-per-il-cittadino-italiano\/prendre-un-rendez-vous\/","title":{"rendered":"Prendre un rendez-vous"},"content":{"rendered":"<h3>La prise de rendez-vous aupr\u00e8s du Consulat G\u00e9n\u00e9ral est enti\u00e8rement gratuite. Il est fortement recommand\u00e9 de ne pas recourir aux services d&rsquo;interm\u00e9diaires non autoris\u00e9s proposant cette prestation moyennant paiement.<\/h3>\n<p>&nbsp;<\/p>\n<p>Le portail <a href=\"https:\/\/prenotami.esteri.it\/\">Prenot@mi<\/a> permet au citoyen italien de prendre rendez-vous pour les services suivants :<\/p>\n<p>1.<strong> Demande d\u2019une carte d\u2019identit\u00e9 \u00e9lectronique (CIE)<\/strong> aupr\u00e8s du Consulat G\u00e9n\u00e9ral d\u2019Italie de Charleroi (si vous r\u00e9sidez dans une commune belge dont le code postal est compris entre 4000 \u00e0 7999);<\/p>\n<p>2.<strong> D\u00e9livrance d\u2019un passeport<\/strong> aupr\u00e8s du Consulat G\u00e9n\u00e9ral d\u2019Italie de Charleroi (si vous r\u00e9sidez dans une commune belge dont le code postal est compris entre 4000 \u00e0 7999) ou au Consulat Honoraire \u00e0 Li\u00e8ge (service disponible si vous r\u00e9sidez dans une commune belge dont le code postal est compris entre 4000 \u00e0 4990 et entre 6600 et 6999).<\/p>\n<p><span style=\"text-decoration: underline;\"><strong>Les rendez-vous pour les services ci-dessus doivent \u00eatre pris uniquement sur le site Prenot@mi (et non par t\u00e9l\u00e9phone).<\/strong><\/span><\/p>\n<p>Vous trouverez ci-apr\u00e8s deux <strong>vid\u00e9os explicatives<\/strong> pour la prise d\u2019un rendez-vous pour soi-m\u00eame et pour une tierce personne:<\/p>\n<p style=\"text-align: center;\"><iframe loading=\"lazy\" title=\"YouTube video player\" src=\"https:\/\/www.youtube.com\/embed\/AiswIlswMF0\" width=\"339\" height=\"250\" frameborder=\"0\" allowfullscreen=\"allowfullscreen\" data-mce-fragment=\"1\"><\/iframe> <iframe loading=\"lazy\" title=\"YouTube video player\" src=\"https:\/\/www.youtube.com\/embed\/mDRB4z8A878\" width=\"339\" height=\"250\" frameborder=\"0\" allowfullscreen=\"allowfullscreen\" data-mce-fragment=\"1\"><\/iframe><\/p>\n<p>&nbsp;<\/p>\n<p><strong>N.B<\/strong>. : il est indispensable de vous munir de votre carte belge (de s\u00e9jour ou d\u2019identit\u00e9) afin d\u2019en indiquer le num\u00e9ro lors de la prise de rendez-vous en ligne:<\/p>\n<p><img loading=\"lazy\" decoding=\"async\" class=\"aligncenter\" src=\"https:\/\/conscharleroi.esteri.it\/wp-content\/uploads\/2024\/09\/prenotami-id-be.jpg\" alt=\"Id - sejour BE\" width=\"831\" height=\"433\" \/><\/p>\n<p>&nbsp;<\/p>\n","protected":false},"excerpt":{"rendered":"La prise de rendez-vous aupr\u00e8s du Consulat G\u00e9n\u00e9ral est enti\u00e8rement gratuite. Il est fortement recommand\u00e9 de ne pas recourir aux services d&rsquo;interm\u00e9diaires non autoris\u00e9s proposant cette prestation moyennant paiement. &nbsp; Le portail Prenot@mi permet au citoyen italien de prendre rendez-vous pour les services suivants : 1. Demande d\u2019une carte d\u2019identit\u00e9 \u00e9lectronique (CIE) aupr\u00e8s du Consulat [&hellip;]","protected":false},"author":4,"featured_media":0,"parent":172,"menu_order":5,"comment_status":"closed","ping_status":"closed","template":"","meta":{"footnotes":""},"class_list":["post-883","page","type-page","status-publish","hentry"],"_links":{"self":[{"href":"https:\/\/conscharleroi.esteri.it\/fr\/wp-json\/wp\/v2\/pages\/883","targetHints":{"allow":["GET"]}}],"collection":[{"href":"https:\/\/conscharleroi.esteri.it\/fr\/wp-json\/wp\/v2\/pages"}],"about":[{"href":"https:\/\/conscharleroi.esteri.it\/fr\/wp-json\/wp\/v2\/types\/page"}],"author":[{"embeddable":true,"href":"https:\/\/conscharleroi.esteri.it\/fr\/wp-json\/wp\/v2\/users\/4"}],"replies":[{"embeddable":true,"href":"https:\/\/conscharleroi.esteri.it\/fr\/wp-json\/wp\/v2\/comments?post=883"}],"version-history":[{"count":7,"href":"https:\/\/conscharleroi.esteri.it\/fr\/wp-json\/wp\/v2\/pages\/883\/revisions"}],"predecessor-version":[{"id":3454,"href":"https:\/\/conscharleroi.esteri.it\/fr\/wp-json\/wp\/v2\/pages\/883\/revisions\/3454"}],"up":[{"embeddable":true,"href":"https:\/\/conscharleroi.esteri.it\/fr\/wp-json\/wp\/v2\/pages\/172"}],"wp:attachment":[{"href":"https:\/\/conscharleroi.esteri.it\/fr\/wp-json\/wp\/v2\/media?parent=883"}],"curies":[{"name":"wp","href":"https:\/\/api.w.org\/{rel}","templated":true}]}}