{"id":910,"date":"2023-06-26T12:22:29","date_gmt":"2023-06-26T10:22:29","guid":{"rendered":"https:\/\/conscharleroi.esteri.it\/?page_id=910"},"modified":"2023-09-29T12:12:05","modified_gmt":"2023-09-29T10:12:05","slug":"le-consulat-onoraire-de-liege","status":"publish","type":"page","link":"https:\/\/conscharleroi.esteri.it\/fr\/chi-siamo\/la-rete-consolare\/le-consulat-onoraire-de-liege\/","title":{"rendered":"Le Consulat Honoraire de Li\u00e8ge"},"content":{"rendered":"<p style=\"text-align: justify;\"><strong>Qu&rsquo;est-ce que le Consulat Honoraire de Li\u00e8ge?<\/strong><\/p>\n<p>Le Consulat Honoraire a une fonction repr\u00e9sentative et compl\u00e8te la mission du Consulat de Charleroi pour la d\u00e9livrance certains services sp\u00e9cifiques.<\/p>\n<p>Il a un r\u00f4le d&rsquo;assistance et de proximit\u00e9 aupr\u00e8s des ressortissants italiens qui r\u00e9sident dans la R\u00e9gion Li\u00e9goise.<\/p>\n<p>&nbsp;<\/p>\n<p style=\"text-align: justify;\"><strong>Est-il possible de renouveler son passeport au Consulat Honoraire de Li\u00e8ge?<\/strong><\/p>\n<p>Une demande de passeport peut \u00eatre pr\u00e9sent\u00e9e au Consulat Honoraire de Li\u00e8ge, uniquement sur <a href=\"https:\/\/conscharleroi.esteri.it\/it\/servizi-consolari-e-visti\/servizi-per-il-cittadino-italiano\/prenota-un-appuntamento\/\">rendez-vous<\/a>, pour les ressortissants italiens qui r\u00e9sident dans sa circonscription (communes ayant un code postal allant de 4000 \u00e0 4990 et de 6600 \u00e0 6999). Le passeport sera ensuite imprim\u00e9 au Consulat G\u00e9n\u00e9ral de Charleroi et envoy\u00e9 par recommand\u00e9 au domicile du demandeur.<\/p>\n<p>&nbsp;<\/p>\n<p style=\"text-align: justify;\"><strong>Est-il possible de renouveler sa carte d&rsquo;identit\u00e9 italienne au Consulat Honoraire de Li\u00e8ge?<\/strong><\/p>\n<p>Il n&rsquo;est actuellement pas possible de faire une carte d&rsquo;identit\u00e9 au Consulat Honoraire de Li\u00e8ge.<\/p>\n<p>Les demandes de carte d&rsquo;identit\u00e9 italienne doivent \u00eatre pr\u00e9sent\u00e9es au Consulat G\u00e9n\u00e9ral d&rsquo;Italie de Charleroi, sur <a href=\"https:\/\/conscharleroi.esteri.it\/it\/servizi-consolari-e-visti\/servizi-per-il-cittadino-italiano\/prenota-un-appuntamento\/\">rendez-vous<\/a>.<\/p>\n<p>&nbsp;<\/p>\n<p>&nbsp;<\/p>\n","protected":false},"excerpt":{"rendered":"Qu&rsquo;est-ce que le Consulat Honoraire de Li\u00e8ge? Le Consulat Honoraire a une fonction repr\u00e9sentative et compl\u00e8te la mission du Consulat de Charleroi pour la d\u00e9livrance certains services sp\u00e9cifiques. Il a un r\u00f4le d&rsquo;assistance et de proximit\u00e9 aupr\u00e8s des ressortissants italiens qui r\u00e9sident dans la R\u00e9gion Li\u00e9goise. &nbsp; Est-il possible de renouveler son passeport au Consulat [&hellip;]","protected":false},"author":4,"featured_media":0,"parent":144,"menu_order":0,"comment_status":"closed","ping_status":"closed","template":"","meta":{"footnotes":""},"class_list":["post-910","page","type-page","status-publish","hentry"],"_links":{"self":[{"href":"https:\/\/conscharleroi.esteri.it\/fr\/wp-json\/wp\/v2\/pages\/910","targetHints":{"allow":["GET"]}}],"collection":[{"href":"https:\/\/conscharleroi.esteri.it\/fr\/wp-json\/wp\/v2\/pages"}],"about":[{"href":"https:\/\/conscharleroi.esteri.it\/fr\/wp-json\/wp\/v2\/types\/page"}],"author":[{"embeddable":true,"href":"https:\/\/conscharleroi.esteri.it\/fr\/wp-json\/wp\/v2\/users\/4"}],"replies":[{"embeddable":true,"href":"https:\/\/conscharleroi.esteri.it\/fr\/wp-json\/wp\/v2\/comments?post=910"}],"version-history":[{"count":15,"href":"https:\/\/conscharleroi.esteri.it\/fr\/wp-json\/wp\/v2\/pages\/910\/revisions"}],"predecessor-version":[{"id":994,"href":"https:\/\/conscharleroi.esteri.it\/fr\/wp-json\/wp\/v2\/pages\/910\/revisions\/994"}],"up":[{"embeddable":true,"href":"https:\/\/conscharleroi.esteri.it\/fr\/wp-json\/wp\/v2\/pages\/144"}],"wp:attachment":[{"href":"https:\/\/conscharleroi.esteri.it\/fr\/wp-json\/wp\/v2\/media?parent=910"}],"curies":[{"name":"wp","href":"https:\/\/api.w.org\/{rel}","templated":true}]}}