{"id":971,"date":"2023-09-22T12:00:19","date_gmt":"2023-09-22T10:00:19","guid":{"rendered":"https:\/\/conscharleroi.esteri.it\/?page_id=971"},"modified":"2026-04-09T11:02:16","modified_gmt":"2026-04-09T09:02:16","slug":"formulaires","status":"publish","type":"page","link":"https:\/\/conscharleroi.esteri.it\/fr\/servizi-consolari-e-visti\/servizi-per-il-cittadino-italiano\/formulaires\/","title":{"rendered":"Formulaires"},"content":{"rendered":"<p>Vous trouverez ci-dessous les diff\u00e9rents formulaires pour acc\u00e9der aux diff\u00e9rents services consulaires.<\/p>\n<p><strong>Certificats envoy\u00e9 par voie postale<\/strong><\/p>\n<ul style=\"text-align: justify;\">\n<li><a href=\"https:\/\/conscharleroi.esteri.it\/wp-content\/uploads\/2025\/11\/MODULO-DI-RICHIESTA-PER-POSTA-DI-UN-CERT-CUMULATIVO.pdf\">Formulaire de demande de certificat cumulatif<\/a><\/li>\n<li><a href=\"https:\/\/conscharleroi.esteri.it\/wp-content\/uploads\/2025\/11\/MODULO-DI-RICHIESTA-CERTIFICATO-DI-STATO-CIVILE-.pdf\">Formulaire de demande de certificat d&rsquo;\u00e9tat civil<\/a><\/li>\n<li><a href=\"https:\/\/conscharleroi.esteri.it\/wp-content\/uploads\/2025\/11\/MODULO-RICHIESTA-CERTIFICATO-LEGISLATION-ET-COUTUME.pdf\">Formulaire de demande de certificat de coutume<\/a><\/li>\n<li><a href=\"https:\/\/conscharleroi.esteri.it\/wp-content\/uploads\/2025\/11\/MODULO-CERT-CITTADINANZA.pdf\">Formulaire de demande de certificat de nationalit\u00e9<\/a><\/li>\n<\/ul>\n<p><b>\u00c9tat Civil<\/b><\/p>\n<ul style=\"text-align: justify;\">\n<li><a href=\"https:\/\/conscharleroi.esteri.it\/wp-content\/uploads\/2025\/10\/Mod.-di-richiesta-di-trascrizione-atto-di-nascita.pdf\">Formulaire de demande de transcription de naissance<\/a><\/li>\n<li><a href=\"https:\/\/conscharleroi.esteri.it\/wp-content\/uploads\/2024\/04\/MODULO-RICHIESTA-DI-TRASCRIZIONE-ATTO-DI-MATRIMONIO.pdf\">Formulaire de demande de transcription de mariage<\/a><\/li>\n<li><a class=\"focus--mouse\" href=\"https:\/\/conscharleroi.esteri.it\/wp-content\/uploads\/2024\/03\/ISTANZA-TRASCRIZIONE-SENTENZA-DIVORZIO-prima-del-2001.pdf\" data-focus-mouse=\"true\">Formulaire de demande de transcription d&rsquo;un divorce prononc\u00e9 AVANT le 10\/03\/2001<\/a><\/li>\n<li><a href=\"https:\/\/conscharleroi.esteri.it\/wp-content\/uploads\/2023\/07\/Istanza-di-trascrizione-di-sentenza-di-divorzio-emessa-dopo-il-2001.pdf\">Formulaire de demande de transcription d&rsquo;un divorce prononc\u00e9 ENTRE le 10\/03\/2001 et le 31\/07\/2022<\/a><\/li>\n<li><a href=\"https:\/\/conscharleroi.esteri.it\/wp-content\/uploads\/2024\/03\/MODULO-DI-RICHIESTA-DI-TRASCRIZIONE-DIVORZIO-ART36.pdf\">Formulaire de demande de transcription d&rsquo;un divorce prononc\u00e9 \u00c0 PARTIR du 01\/08\/2022 et jusqu&rsquo;\u00e0 aujourd&rsquo;hui<\/a><\/li>\n<li><a href=\"https:\/\/conscharleroi.esteri.it\/wp-content\/uploads\/2023\/10\/Modello-per-atti-st.civile-comuni-It.pdf\">Formulaire de demande d&rsquo;actes dress\u00e9s par les communes italiennes (naissances\/mariages\/d\u00e9c\u00e8s ayant eu lieu en Italie)<\/a><\/li>\n<li><a href=\"https:\/\/conscharleroi.esteri.it\/wp-content\/uploads\/2026\/04\/DICHIARAZIONE-ASSENSO-ISCRIZIONE-AIRE.pdf\">D\u00e9claration de consentement \u00e0 l\u2019inscription \u00e0 l\u2019 AIRE<\/a><\/li>\n<li><a href=\"https:\/\/conscharleroi.esteri.it\/wp-content\/uploads\/2026\/04\/DICHIARAZIONE-ASSENSO-TRASFERIMENTO-SEDE.pdf\">D\u00e9claration de consentement au transfert du consulat de comp\u00e9tence<\/a><\/li>\n<\/ul>\n<p><b>Passeport \/ Carte d&rsquo;identit\u00e9<\/b><\/p>\n<ul style=\"text-align: justify;\">\n<li><a href=\"https:\/\/conscharleroi.esteri.it\/wp-content\/uploads\/2024\/07\/ASSENSO-Charleroi.pdf\">Acte de consentement (atto di assenso)<\/a><\/li>\n<\/ul>\n<p style=\"text-align: justify;\">\n","protected":false},"excerpt":{"rendered":"Vous trouverez ci-dessous les diff\u00e9rents formulaires pour acc\u00e9der aux diff\u00e9rents services consulaires. Certificats envoy\u00e9 par voie postale Formulaire de demande de certificat cumulatif Formulaire de demande de certificat d&rsquo;\u00e9tat civil Formulaire de demande de certificat de coutume Formulaire de demande de certificat de nationalit\u00e9 \u00c9tat Civil Formulaire de demande de transcription de naissance Formulaire de [&hellip;]","protected":false},"author":4,"featured_media":0,"parent":172,"menu_order":10,"comment_status":"closed","ping_status":"closed","template":"","meta":{"footnotes":""},"class_list":["post-971","page","type-page","status-publish","hentry"],"_links":{"self":[{"href":"https:\/\/conscharleroi.esteri.it\/fr\/wp-json\/wp\/v2\/pages\/971","targetHints":{"allow":["GET"]}}],"collection":[{"href":"https:\/\/conscharleroi.esteri.it\/fr\/wp-json\/wp\/v2\/pages"}],"about":[{"href":"https:\/\/conscharleroi.esteri.it\/fr\/wp-json\/wp\/v2\/types\/page"}],"author":[{"embeddable":true,"href":"https:\/\/conscharleroi.esteri.it\/fr\/wp-json\/wp\/v2\/users\/4"}],"replies":[{"embeddable":true,"href":"https:\/\/conscharleroi.esteri.it\/fr\/wp-json\/wp\/v2\/comments?post=971"}],"version-history":[{"count":6,"href":"https:\/\/conscharleroi.esteri.it\/fr\/wp-json\/wp\/v2\/pages\/971\/revisions"}],"predecessor-version":[{"id":4156,"href":"https:\/\/conscharleroi.esteri.it\/fr\/wp-json\/wp\/v2\/pages\/971\/revisions\/4156"}],"up":[{"embeddable":true,"href":"https:\/\/conscharleroi.esteri.it\/fr\/wp-json\/wp\/v2\/pages\/172"}],"wp:attachment":[{"href":"https:\/\/conscharleroi.esteri.it\/fr\/wp-json\/wp\/v2\/media?parent=971"}],"curies":[{"name":"wp","href":"https:\/\/api.w.org\/{rel}","templated":true}]}}