{"id":13,"date":"2023-04-03T18:23:20","date_gmt":"2023-04-03T16:23:20","guid":{"rendered":"https:\/\/consolatozurigo.esteri.it\/?page_id=13"},"modified":"2026-03-31T10:45:26","modified_gmt":"2026-03-31T08:45:26","slug":"chi-siamo","status":"publish","type":"page","link":"https:\/\/conscharleroi.esteri.it\/it\/chi-siamo\/","title":{"rendered":"Chi siamo"},"content":{"rendered":"<p style=\"text-align: justify;\">Il Consolato Generale d&#8217;Italia a Charleroi \u00e8 competente per le province di Hainaut, Namur, Liegi e Lussemburgo.<\/p>\n<p style=\"text-align: justify;\"><strong>Console Generale: Pier Luigi Gentile<\/strong><\/p>\n<p><strong>Indirizzo:<\/strong> Rue Willy Ernst, 23 &#8211; 6000 Charleroi (Belgio) \u00a0<strong><a href=\"https:\/\/www.google.be\/maps\/place\/Rue+Willy+Ernst+23,+6000+Charleroi\/@50.4093663,4.4465616,17z\/data=!3m1!4b1!4m5!3m4!1s0x47c2260d22320ffb:0x336165e7db9c7c34!8m2!3d50.4093663!4d4.4487503?hl=fr\">Visualizza mappa<\/a><\/strong><\/p>\n<p><strong>Telefono:<\/strong> +32 (0) 71 32 86 50<\/p>\n<p><strong>Prenotazione appuntamento: <a href=\"https:\/\/conscharleroi.esteri.it\/it\/servizi-consolari-e-visti\/servizi-per-il-cittadino-italiano\/prenota-un-appuntamento\/\">Qui<\/a><\/strong><\/p>\n<p><strong>Orari:<\/strong> solo su <strong><a href=\"https:\/\/conscharleroi.esteri.it\/it\/servizi-consolari-e-visti\/servizi-per-il-cittadino-italiano\/prenota-un-appuntamento\/\">appuntamento<\/a><\/strong>\u00a0dal luned\u00ec al venerd\u00ec dalle 9.00 alle 12.30 e il mercoled\u00ec dalle 9.00 alle 12.30 e dalle 14.00 alle 16.00.<\/p>\n<p>&nbsp;<\/p>\n","protected":false},"excerpt":{"rendered":"Il Consolato Generale d&#8217;Italia a Charleroi \u00e8 competente per le province di Hainaut, Namur, Liegi e Lussemburgo. Console Generale: Pier Luigi Gentile Indirizzo: Rue Willy Ernst, 23 &#8211; 6000 Charleroi (Belgio) \u00a0Visualizza mappa Telefono: +32 (0) 71 32 86 50 Prenotazione appuntamento: Qui Orari: solo su appuntamento\u00a0dal luned\u00ec al venerd\u00ec dalle 9.00 alle 12.30 e [&hellip;]","protected":false},"author":1,"featured_media":0,"parent":0,"menu_order":2,"comment_status":"closed","ping_status":"closed","template":"","meta":{"footnotes":""},"class_list":["post-13","page","type-page","status-publish","hentry"],"_links":{"self":[{"href":"https:\/\/conscharleroi.esteri.it\/it\/wp-json\/wp\/v2\/pages\/13","targetHints":{"allow":["GET"]}}],"collection":[{"href":"https:\/\/conscharleroi.esteri.it\/it\/wp-json\/wp\/v2\/pages"}],"about":[{"href":"https:\/\/conscharleroi.esteri.it\/it\/wp-json\/wp\/v2\/types\/page"}],"author":[{"embeddable":true,"href":"https:\/\/conscharleroi.esteri.it\/it\/wp-json\/wp\/v2\/users\/1"}],"replies":[{"embeddable":true,"href":"https:\/\/conscharleroi.esteri.it\/it\/wp-json\/wp\/v2\/comments?post=13"}],"version-history":[{"count":9,"href":"https:\/\/conscharleroi.esteri.it\/it\/wp-json\/wp\/v2\/pages\/13\/revisions"}],"predecessor-version":[{"id":4105,"href":"https:\/\/conscharleroi.esteri.it\/it\/wp-json\/wp\/v2\/pages\/13\/revisions\/4105"}],"wp:attachment":[{"href":"https:\/\/conscharleroi.esteri.it\/it\/wp-json\/wp\/v2\/media?parent=13"}],"curies":[{"name":"wp","href":"https:\/\/api.w.org\/{rel}","templated":true}]}}