{"id":3310,"date":"2025-06-30T12:43:38","date_gmt":"2025-06-30T10:43:38","guid":{"rendered":"https:\/\/conscharleroi.esteri.it\/?page_id=3310"},"modified":"2026-03-05T18:08:30","modified_gmt":"2026-03-05T16:08:30","slug":"acquisto-della-cittadinanza-per-beneficio-di-legge-figli-minori-nati-allestero","status":"publish","type":"page","link":"https:\/\/conscharleroi.esteri.it\/it\/servizi-consolari-e-visti\/servizi-per-il-cittadino-straniero\/cittadinanza\/acquisto-della-cittadinanza-per-beneficio-di-legge-figli-minori-nati-allestero\/","title":{"rendered":"Acquisto della Cittadinanza Italiana per \u201cBeneficio di Legge\u201d (figli minori nati all\u2019estero) \u2013 Aggiornamenti 2026"},"content":{"rendered":"<p style=\"text-align: justify;\">Dal <strong>1\u00b0 gennaio 2026<\/strong> la Legge di Bilancio ha introdotto modifiche importanti per l\u2019acquisto della cittadinanza italiana per beneficio di legge da parte dei figli minori stranieri nati all\u2019estero da genitori italiani per nascita.<\/p>\n<p style=\"text-align: justify;\"><strong>Chi pu\u00f2 beneficiarne<\/strong><\/p>\n<p style=\"text-align: justify;\">I figli minorenni nati all\u2019estero da genitori italiani che <strong>non trasmettono automaticamente la cittadinanza<\/strong> possono acquisire la cittadinanza italiana secondo due casi principali:<\/p>\n<ol style=\"text-align: justify;\">\n<li><strong>Comma 1-bis dell\u2019articolo 4 della legge n. 91\/1992<\/strong><\/li>\n<li><strong>Comma 1-ter dell\u2019articolo 1 del decreto-legge n. 36\/2025<\/strong><\/li>\n<\/ol>\n<p style=\"text-align: justify;\">Il minore che acquista la cittadinanza in questo modo <strong>non \u00e8 cittadino per nascita (iure sanguinis)<\/strong>, ma acquisisce la cittadinanza dal giorno successivo in cui si saranno verificate le condizioni previste dalla legge, in base all\u2019articolo 15 della legge n. 91\/1992.<\/p>\n<p style=\"text-align: justify;\"><strong>Primo caso: Comma 1-bis, legge n. 91\/1992<\/strong><\/p>\n<p style=\"text-align: justify;\">Per poter usufruire di questo beneficio, devono concorrere i seguenti presupposti:<\/p>\n<ul style=\"text-align: justify;\">\n<li><strong>Genitore cittadino per nascita:<\/strong> coloro che hanno acquisito la cittadinanza per naturalizzazione, matrimonio, riacquisto o ad altro titolo non possono avvalersi di questa opzione.\n<ul>\n<li><strong>Dichiarazione di volont\u00e0:<\/strong> entrambi i genitori (o il tutore) devono presentare la dichiarazione di volont\u00e0 di acquisto entro <strong>3 anni dalla nascita del figlio<\/strong> (o dalla data successiva in cui \u00e8 stabilita la filiazione da cittadino italiano o in cui \u00e8 decisa l\u2019adozione da parte di cittadino italiano durante la minore et\u00e0 del figlio; se la filiazione viene riconosciuta in momenti diversi, il termine decorre dal primo riconoscimento da parte del genitore cittadino per nascita).<\/li>\n<li>La dichiarazione deve essere resa in presenza ad un ufficiale di stato civile. Se i genitori non rendono la dichiarazione contestualmente, il requisito di legge si considera soddisfatto alla data in cui \u00e8 presentata la dichiarazione del secondo genitore.<\/li>\n<li>Se un genitore \u00e8 deceduto o la filiazione riguarda un solo genitore, sar\u00e0 sufficiente la dichiarazione del genitore presente.<\/li>\n<\/ul>\n<\/li>\n<\/ul>\n<p style=\"text-align: justify;\"><strong>Residenza in Italia:<\/strong> se il minore \u00e8 residente in Italia, la dichiarazione pu\u00f2 essere presentata anche dopo il termine sopra indicato, purch\u00e9 la residenza duri almeno due anni continuativi dopo la dichiarazione di volont\u00e0 di acquisto della cittadinanza presentata dai genitori.<\/p>\n<p>&nbsp;<\/p>\n<p style=\"text-align: justify;\"><strong>Secondo caso: Comma 1-ter, decreto-legge n. 36\/2025<\/strong><\/p>\n<p style=\"text-align: justify;\">Questa possibilit\u00e0 riguarda coloro che soddisfano tutti i requisiti sottoelencati:<\/p>\n<ul style=\"text-align: justify;\">\n<li>erano minorenni alla data del 24 maggio 2025 (data di entrata in vigore della L. 74\/2025);<\/li>\n<li>sono figli di cittadini italiani per nascita, la cui cittadinanza \u00e8 stata riconosciuta a seguito di domanda presentata entro le 23:59 del 27 marzo 2025 (oppure con appuntamento offerto entro tale data), in base all\u2019articolo 3-bis, lettere a), a-bis) e b), della legge n. 91\/1992;<\/li>\n<li>i genitori presentano una dichiarazione di volont\u00e0 di acquisto della cittadinanza <strong>entro il 31 maggio 2029 (la scadenza, inizialmente prevista per il 31 maggio 2026, \u00e8 stata prorogata con Legge 26\/2026)<\/strong>. Se il minore compie 18 anni prima di tale data, la dichiarazione dovr\u00e0 essere presentata personalmente dal diretto interessato entro il 31 maggio 2029.<\/li>\n<\/ul>\n<p style=\"text-align: justify;\"><strong>Richiesta di appuntamento<\/strong><\/p>\n<p style=\"text-align: justify;\">Le dichiarazioni di acquisto di cittadinanza per beneficio di legge si effettuano in Consolato <strong>previo appuntamento<\/strong>, che sar\u00e0 fissato solo dopo l\u2019invio per posta cartacea della necessaria documentazione e la verifica delle condizioni sopra indicate.<\/p>\n<p style=\"text-align: justify;\">Per richiedere l\u2019appuntamento:<\/p>\n<p style=\"text-align: justify;\"><a href=\"https:\/\/conscharleroi.esteri.it\/wp-content\/uploads\/2026\/01\/ISTANZA-ex-Comma-1-bis-legge-n.-91-1992.pdf\">ISTANZA ex Comma 1-bis, legge n. 91\/1992<\/a><\/p>\n<p style=\"text-align: justify;\"><a href=\"https:\/\/conscharleroi.esteri.it\/wp-content\/uploads\/2026\/01\/ISTANZA-ex-Comma-1-ter-decreto-legge-n.-36-2025.pdf\">ISTANZA ex Comma 1-ter, decreto-legge n. 36\/2025<\/a><\/p>\n<p style=\"text-align: justify;\"><strong>Costi e modalit\u00e0 di pagamento<\/strong><\/p>\n<p style=\"text-align: justify;\"><strong>Novit\u00e0 2026:<\/strong><\/p>\n<ul style=\"text-align: justify;\">\n<li>La procedura \u00e8 <strong>gratuita<\/strong>: non \u00e8 pi\u00f9 richiesto il contributo di \u20ac250 previsto dall\u2019articolo 9-bis della legge n. 91\/1992 per pratiche presentate successivamente a<strong>l 1\u00b0 gennaio 2026<\/strong>.<\/li>\n<\/ul>\n<p style=\"text-align: justify;\"><strong>Estremi del bonifico bancario <u>per pratiche precedenti al 2026<\/u>:<\/strong><\/p>\n<p style=\"text-align: justify;\">Euro 250<\/p>\n<p style=\"text-align: justify;\">\u201cMinistero dell\u2019Interno D.L.C.I Cittadinanza\u201d<\/p>\n<p style=\"text-align: justify;\">Nome della Banca: Poste Italiane S.p.A.<\/p>\n<p style=\"text-align: justify;\">Codice IBAN: IT54D0760103200000000809020<\/p>\n<p style=\"text-align: justify;\">Causale del versamento: Acquisto cittadinanza a seguito di dichiarazione ex art. 9-bis L. 91\/1992 e nome e cognome del richiedente<\/p>\n<p style=\"text-align: justify;\">Codice BIC\/SWIFT di Poste Italiane: BPPIITRRXXX (per bonifici esteri)<\/p>\n<p style=\"text-align: justify;\">Codice BIC\/SWIFT: PIBPITRA (per operazioni del circuito EUROGIRO)<\/p>\n<p style=\"text-align: justify;\"><strong>Rinuncia alla cittadinanza<\/strong><\/p>\n<p style=\"text-align: justify;\">Una volta raggiunta la maggiore et\u00e0, il cittadino per beneficio di legge pu\u00f2 fare rinuncia alla cittadinanza italiana, <strong>purch\u00e9 non risulti apolide<\/strong>.<\/p>\n","protected":false},"excerpt":{"rendered":"Dal 1\u00b0 gennaio 2026 la Legge di Bilancio ha introdotto modifiche importanti per l\u2019acquisto della cittadinanza italiana per beneficio di legge da parte dei figli minori stranieri nati all\u2019estero da genitori italiani per nascita. Chi pu\u00f2 beneficiarne I figli minorenni nati all\u2019estero da genitori italiani che non trasmettono automaticamente la cittadinanza possono acquisire la cittadinanza [&hellip;]","protected":false},"author":4,"featured_media":0,"parent":96,"menu_order":6,"comment_status":"closed","ping_status":"closed","template":"","meta":{"footnotes":""},"class_list":["post-3310","page","type-page","status-publish","hentry"],"_links":{"self":[{"href":"https:\/\/conscharleroi.esteri.it\/it\/wp-json\/wp\/v2\/pages\/3310","targetHints":{"allow":["GET"]}}],"collection":[{"href":"https:\/\/conscharleroi.esteri.it\/it\/wp-json\/wp\/v2\/pages"}],"about":[{"href":"https:\/\/conscharleroi.esteri.it\/it\/wp-json\/wp\/v2\/types\/page"}],"author":[{"embeddable":true,"href":"https:\/\/conscharleroi.esteri.it\/it\/wp-json\/wp\/v2\/users\/4"}],"replies":[{"embeddable":true,"href":"https:\/\/conscharleroi.esteri.it\/it\/wp-json\/wp\/v2\/comments?post=3310"}],"version-history":[{"count":6,"href":"https:\/\/conscharleroi.esteri.it\/it\/wp-json\/wp\/v2\/pages\/3310\/revisions"}],"predecessor-version":[{"id":3954,"href":"https:\/\/conscharleroi.esteri.it\/it\/wp-json\/wp\/v2\/pages\/3310\/revisions\/3954"}],"up":[{"embeddable":true,"href":"https:\/\/conscharleroi.esteri.it\/it\/wp-json\/wp\/v2\/pages\/96"}],"wp:attachment":[{"href":"https:\/\/conscharleroi.esteri.it\/it\/wp-json\/wp\/v2\/media?parent=3310"}],"curies":[{"name":"wp","href":"https:\/\/api.w.org\/{rel}","templated":true}]}}