{"id":35,"date":"2023-04-03T19:15:30","date_gmt":"2023-04-03T17:15:30","guid":{"rendered":"https:\/\/consolatozurigo.esteri.it\/?page_id=35"},"modified":"2023-09-19T10:23:16","modified_gmt":"2023-09-19T08:23:16","slug":"la-sede","status":"publish","type":"page","link":"https:\/\/conscharleroi.esteri.it\/it\/chi-siamo\/la-sede\/","title":{"rendered":"La Sede"},"content":{"rendered":"<p style=\"text-align: justify;\">L&#8217;attuale sede del Consolato Generale d&#8217;Italia a Charleroi a Rue Willy Ernst 23 \u00e8 stata inaugurata il 12 novembre 2012 alla presenza di numerosi esponenti delle autorit\u00e0 italiane e belghe. L&#8217;edificio \u00e8 moderno e caratterizzato da ampie vetrate che si affacciano su Parc Astrid. Per saperne di pi\u00f9 sull&#8217;attuale sede \u00e8 possibile consultare i seguenti documenti:<\/p>\n<ul>\n<li><a href=\"https:\/\/conscharleroi.esteri.it\/wp-content\/uploads\/2023\/09\/15243_f_cons97Inaugurazionenuovasede.pdf\">Report inaugurazione Sede<\/a><\/li>\n<li><a href=\"https:\/\/www.youtube.com\/watch?v=SCExVz364DM\">Video inaugurazione Sede<\/a><\/li>\n<\/ul>\n<p><img loading=\"lazy\" decoding=\"async\" class=\"img-fluid alignnone wp-image-286 \" src=\"https:\/\/conscharleroi.esteri.it\/wp-content\/uploads\/2023\/06\/sede-imm-siti-fotone-1-1024x768.jpg\" alt=\"\" width=\"583\" height=\"437\" srcset=\"https:\/\/conscharleroi.esteri.it\/wp-content\/uploads\/2023\/06\/sede-imm-siti-fotone-1-1024x768.jpg 1024w, https:\/\/conscharleroi.esteri.it\/wp-content\/uploads\/2023\/06\/sede-imm-siti-fotone-1-300x225.jpg 300w, https:\/\/conscharleroi.esteri.it\/wp-content\/uploads\/2023\/06\/sede-imm-siti-fotone-1-768x576.jpg 768w\" sizes=\"auto, (max-width: 583px) 100vw, 583px\" \/><\/p>\n<p><strong>Cenni Storici<\/strong><\/p>\n<p style=\"text-align: justify;\"><span lang=\"IT\">Prima del 2012 l\u2019edificio che ospitava il Consolato Generale d\u2019Italia a Charleroi si trovava presso Boulevard Audent in una struttura considerata patrimonio artistico della Citt\u00e0 di Charleroi. L&#8217;edificio venne costruito nel 1877 da Jules Audent, Borgomastro di Charleroi. La palazzina \u00e8 caratterizzato da uno stile architettonico neo-rinascimentale. Prima di essere la sede del Consolato essa ha ospitato nei suoi locali sia il comando militare tedesco che quello alleato. L\u2019interno del fabbricato presenta uno scalone in \u201cboiserie\u201d, delle pregiate vetrate a colori e soffitti dorati ornati di affreschi.<br \/>\n<\/span><\/p>\n","protected":false},"excerpt":{"rendered":"L&#8217;attuale sede del Consolato Generale d&#8217;Italia a Charleroi a Rue Willy Ernst 23 \u00e8 stata inaugurata il 12 novembre 2012 alla presenza di numerosi esponenti delle autorit\u00e0 italiane e belghe. L&#8217;edificio \u00e8 moderno e caratterizzato da ampie vetrate che si affacciano su Parc Astrid. Per saperne di pi\u00f9 sull&#8217;attuale sede \u00e8 possibile consultare i seguenti [&hellip;]","protected":false},"author":1,"featured_media":0,"parent":13,"menu_order":2,"comment_status":"closed","ping_status":"closed","template":"","meta":{"footnotes":""},"class_list":["post-35","page","type-page","status-publish","hentry"],"_links":{"self":[{"href":"https:\/\/conscharleroi.esteri.it\/it\/wp-json\/wp\/v2\/pages\/35","targetHints":{"allow":["GET"]}}],"collection":[{"href":"https:\/\/conscharleroi.esteri.it\/it\/wp-json\/wp\/v2\/pages"}],"about":[{"href":"https:\/\/conscharleroi.esteri.it\/it\/wp-json\/wp\/v2\/types\/page"}],"author":[{"embeddable":true,"href":"https:\/\/conscharleroi.esteri.it\/it\/wp-json\/wp\/v2\/users\/1"}],"replies":[{"embeddable":true,"href":"https:\/\/conscharleroi.esteri.it\/it\/wp-json\/wp\/v2\/comments?post=35"}],"version-history":[{"count":13,"href":"https:\/\/conscharleroi.esteri.it\/it\/wp-json\/wp\/v2\/pages\/35\/revisions"}],"predecessor-version":[{"id":676,"href":"https:\/\/conscharleroi.esteri.it\/it\/wp-json\/wp\/v2\/pages\/35\/revisions\/676"}],"up":[{"embeddable":true,"href":"https:\/\/conscharleroi.esteri.it\/it\/wp-json\/wp\/v2\/pages\/13"}],"wp:attachment":[{"href":"https:\/\/conscharleroi.esteri.it\/it\/wp-json\/wp\/v2\/media?parent=35"}],"curies":[{"name":"wp","href":"https:\/\/api.w.org\/{rel}","templated":true}]}}