{"id":36,"date":"2023-04-03T19:15:47","date_gmt":"2023-04-03T17:15:47","guid":{"rendered":"https:\/\/consolatozurigo.esteri.it\/?page_id=36"},"modified":"2026-01-26T10:05:44","modified_gmt":"2026-01-26T08:05:44","slug":"gli-uffici","status":"publish","type":"page","link":"https:\/\/conscharleroi.esteri.it\/it\/chi-siamo\/gli-uffici\/","title":{"rendered":"Gli Uffici"},"content":{"rendered":"<p style=\"text-align: left;\">Gli uffici sono accessibili al pubblico <span style=\"text-decoration: underline;\">soltanto su <a href=\"https:\/\/conscharleroi.esteri.it\/it\/servizi-consolari-e-visti\/servizi-per-il-cittadino-italiano\/prenota-un-appuntamento\/\">appuntamento<\/a><\/span><\/p>\n<ul>\n<li style=\"text-align: left;\">mattina: dal luned\u00ec al venerd\u00ec dalle 09.00 alle 12.30<\/li>\n<li style=\"text-align: left;\">pomeriggio: il mercoled\u00ec dalle 14.00 alle 16.00<\/li>\n<\/ul>\n<h1><\/h1>\n<table style=\"height: 1729px;\" width=\"1242\">\n<tbody>\n<tr>\n<td width=\"158\"><strong>Servizio \/ Ufficio<\/strong><\/td>\n<td width=\"227\"><strong>Email di riferimento<\/strong><\/td>\n<td width=\"95\"><strong>Telefono<\/strong><\/td>\n<td width=\"170\"><strong>Orari di contatto pomeridiano<\/strong><\/td>\n<\/tr>\n<tr>\n<td colspan=\"4\" width=\"650\"><strong>SERVIZI CONSOLARI<\/strong><\/td>\n<\/tr>\n<tr>\n<td width=\"158\"><a href=\"https:\/\/conscharleroi.esteri.it\/it\/servizi-consolari-e-visti\/servizi-per-il-cittadino-italiano\/anagrafe-degli-italiani-residenti-allestero-aire\/\">Anagrafe \/ AIRE<\/a><\/td>\n<td width=\"227\">charleroi.aire@esteri.it<\/td>\n<td width=\"95\">071 32 86 50<\/td>\n<td width=\"170\">Lun, Mar, Gio \u2013 14:30 \/ 16:00<\/td>\n<\/tr>\n<tr>\n<td width=\"158\"><a href=\"https:\/\/conscharleroi.esteri.it\/it\/servizi-consolari-e-visti\/servizi-per-il-cittadino-italiano\/la-carta-didentita-elettronica-c-i-e\/\">Carte d\u2019identit\u00e0<\/a><\/td>\n<td width=\"227\">charleroi.ci@esteri.it<\/td>\n<td width=\"95\">071 32 86 50<\/td>\n<td width=\"170\">Lun, Mar, Gio \u2013 14:30 \/ 16:00<\/td>\n<\/tr>\n<tr>\n<td width=\"158\"><a href=\"https:\/\/conscharleroi.esteri.it\/it\/servizi-consolari-e-visti\/servizi-per-il-cittadino-italiano\/passaporti-e-carte-didentita\/\">Passaporti<\/a> \/ <a href=\"https:\/\/conscharleroi.esteri.it\/it\/servizi-consolari-e-visti\/servizi-per-il-cittadino-italiano\/emergency-travel-documents-etd\/\">ETD<\/a><\/p>\n<p>Passaporti di servizio<\/td>\n<td width=\"227\">charleroi.passaporti@esteri.it<\/p>\n<p>charleroi.servpass@esteri.it<\/td>\n<td width=\"95\">071 32 86 50<\/td>\n<td width=\"170\">Lun, Mar, Gio \u2013 14:30 \/ 16:00<\/td>\n<\/tr>\n<tr>\n<td width=\"158\"><a href=\"https:\/\/conscharleroi.esteri.it\/it\/servizi-consolari-e-visti\/servizi-per-il-cittadino-straniero\/cittadinanza\/\">Cittadinanza<\/a><\/p>\n<p><a href=\"https:\/\/conscharleroi.esteri.it\/it\/servizi-consolari-e-visti\/servizi-per-il-cittadino-italiano\/stato-civile\/matrimonio\/le-pubblicazioni-di-matrimonio\/\">Pubblicazioni di matrimonio<\/a><\/td>\n<td width=\"227\">charleroi.cittadinanza@esteri.it<\/td>\n<td width=\"95\">071 32 86 50<\/td>\n<td width=\"170\">Lun, Mar, Gio \u2013 14:30 \/ 16:00<\/td>\n<\/tr>\n<tr>\n<td width=\"158\"><a href=\"https:\/\/conscharleroi.esteri.it\/it\/servizi-consolari-e-visti\/servizi-per-il-cittadino-italiano\/codice-fiscale\/\">Codice fiscale<\/a><\/td>\n<td width=\"227\">charleroi.codicefiscale@esteri.it<\/td>\n<td width=\"95\">071 32 86 50<\/td>\n<td width=\"170\">Lun, Mar, Gio \u2013 14:30 \/ 16:00<\/td>\n<\/tr>\n<tr>\n<td width=\"158\"><a href=\"https:\/\/conscharleroi.esteri.it\/it\/servizi-consolari-e-visti\/servizi-per-il-cittadino-italiano\/servizi-notarili\/\">Servizi notarili (atti, deleghe, autentiche)<\/a><\/td>\n<td width=\"227\">charleroi.notarile@esteri.it<\/td>\n<td width=\"95\"><\/td>\n<td width=\"170\"><\/td>\n<\/tr>\n<tr>\n<td width=\"158\"><a href=\"https:\/\/conscharleroi.esteri.it\/it\/servizi-consolari-e-visti\/servizi-per-il-cittadino-italiano\/assistenza-ai-cittadini-allestero\/\">Assistenza sociale \/ Pensioni \/ Rimpatri<\/a><\/td>\n<td width=\"227\">charleroi.sociale@esteri.it<\/td>\n<td width=\"95\">071 32 86 50<\/td>\n<td width=\"170\">Lun, Mar, Gio \u2013 14:30 \/ 16:00<\/td>\n<\/tr>\n<tr>\n<td width=\"158\"><a href=\"https:\/\/conscharleroi.esteri.it\/it\/servizi-consolari-e-visti\/servizi-per-il-cittadino-italiano\/studi\/\">Titoli di studio \/ Dichiarazioni di valore<\/a><\/td>\n<td width=\"227\">charleroi.studi@esteri.it<\/td>\n<td width=\"95\">071 32 86 50<\/td>\n<td width=\"170\">Lun, Mar, Gio \u2013 14:30 \/ 16:00<\/td>\n<\/tr>\n<tr>\n<td width=\"158\"><a href=\"https:\/\/conscharleroi.esteri.it\/it\/servizi-consolari-e-visti\/servizi-per-il-cittadino-italiano\/servizi-elettorali\/\">Elettorale (voto all\u2019estero)<\/a><\/td>\n<td width=\"227\">charleroi.elezioni@esteri.it<\/td>\n<td width=\"95\">071 32 86 50<\/td>\n<td width=\"170\">Lun, Mar, Gio \u2013 14:30 \/ 16:00<\/td>\n<\/tr>\n<tr>\n<td colspan=\"4\" width=\"650\"><a href=\"https:\/\/conscharleroi.esteri.it\/it\/servizi-consolari-e-visti\/servizi-per-il-cittadino-italiano\/stato-civile\/\"><strong>STATO CIVILE<\/strong><\/a><\/td>\n<\/tr>\n<tr>\n<td width=\"158\"><a href=\"https:\/\/conscharleroi.esteri.it\/it\/servizi-consolari-e-visti\/servizi-per-il-cittadino-italiano\/stato-civile\/nascita\/\">Nascite<\/a><\/td>\n<td width=\"227\">charleroi.nascite@esteri.it<\/td>\n<td width=\"95\">071 32 86 50<\/td>\n<td width=\"170\">Lun, Mar, Gio \u2013 14:30 \/ 16:00<\/td>\n<\/tr>\n<tr>\n<td width=\"158\"><a href=\"https:\/\/conscharleroi.esteri.it\/it\/servizi-consolari-e-visti\/servizi-per-il-cittadino-italiano\/stato-civile\/matrimonio\/\">Matrimoni<\/a> \/ <a href=\"https:\/\/conscharleroi.esteri.it\/it\/servizi-consolari-e-visti\/servizi-per-il-cittadino-italiano\/stato-civile\/unioni-civili-convivenze-di-fatto\/\">Unioni civili<\/a><\/td>\n<td width=\"227\">charleroi.matrimoni@esteri.it<\/td>\n<td width=\"95\">071 32 86 50<\/td>\n<td width=\"170\">Lun, Mar, Gio \u2013 14:30 \/ 16:00<\/td>\n<\/tr>\n<tr>\n<td width=\"158\"><a href=\"https:\/\/conscharleroi.esteri.it\/it\/servizi-consolari-e-visti\/servizi-per-il-cittadino-italiano\/stato-civile\/divorzio\/\">Divorzi<\/a><\/td>\n<td width=\"227\">charleroi.divorzi@esteri.it<\/td>\n<td width=\"95\">071 32 86 50<\/td>\n<td width=\"170\">Lun, Mar, Gio \u2013 14:30 \/ 16:00<\/td>\n<\/tr>\n<tr>\n<td width=\"158\"><a href=\"https:\/\/conscharleroi.esteri.it\/it\/servizi-consolari-e-visti\/servizi-per-il-cittadino-italiano\/stato-civile\/morte\/\">Decessi<\/a><\/td>\n<td width=\"227\">charleroi.dcd@esteri.it<\/td>\n<td width=\"95\">071 32 86 50<\/td>\n<td width=\"170\">Lun, Mar, Gio \u2013 14:30 \/ 16:00<\/td>\n<\/tr>\n<tr>\n<td width=\"158\"><a href=\"https:\/\/conscharleroi.esteri.it\/it\/servizi-consolari-e-visti\/servizi-per-il-cittadino-italiano\/stato-civile\/certificati-di-stato-civile\/\">Richieste di certificati di Stato Civile<\/a><\/td>\n<td width=\"227\">consgencharleroi.certificati@esteri.it<\/td>\n<td width=\"95\">071 32 86 50<\/td>\n<td width=\"170\">Lun, Mar, Gio \u2013 14:30 \/ 16:00<\/td>\n<\/tr>\n<tr>\n<td colspan=\"4\" width=\"650\"><strong>ALTRI CONTATTI<\/strong><\/td>\n<\/tr>\n<tr>\n<td width=\"158\">Segreteria del Console Generale<\/td>\n<td width=\"227\">charleroi.segreteria@esteri.it<\/td>\n<td width=\"95\"><\/td>\n<td width=\"170\"><\/td>\n<\/tr>\n<\/tbody>\n<\/table>\n<p>&nbsp;<\/p>\n","protected":false},"excerpt":{"rendered":"Gli uffici sono accessibili al pubblico soltanto su appuntamento mattina: dal luned\u00ec al venerd\u00ec dalle 09.00 alle 12.30 pomeriggio: il mercoled\u00ec dalle 14.00 alle 16.00 Servizio \/ Ufficio Email di riferimento Telefono Orari di contatto pomeridiano SERVIZI CONSOLARI Anagrafe \/ AIRE charleroi.aire@esteri.it 071 32 86 50 Lun, Mar, Gio \u2013 14:30 \/ 16:00 Carte d\u2019identit\u00e0 [&hellip;]","protected":false},"author":1,"featured_media":0,"parent":13,"menu_order":6,"comment_status":"closed","ping_status":"closed","template":"","meta":{"footnotes":""},"class_list":["post-36","page","type-page","status-publish","hentry"],"_links":{"self":[{"href":"https:\/\/conscharleroi.esteri.it\/it\/wp-json\/wp\/v2\/pages\/36","targetHints":{"allow":["GET"]}}],"collection":[{"href":"https:\/\/conscharleroi.esteri.it\/it\/wp-json\/wp\/v2\/pages"}],"about":[{"href":"https:\/\/conscharleroi.esteri.it\/it\/wp-json\/wp\/v2\/types\/page"}],"author":[{"embeddable":true,"href":"https:\/\/conscharleroi.esteri.it\/it\/wp-json\/wp\/v2\/users\/1"}],"replies":[{"embeddable":true,"href":"https:\/\/conscharleroi.esteri.it\/it\/wp-json\/wp\/v2\/comments?post=36"}],"version-history":[{"count":6,"href":"https:\/\/conscharleroi.esteri.it\/it\/wp-json\/wp\/v2\/pages\/36\/revisions"}],"predecessor-version":[{"id":3881,"href":"https:\/\/conscharleroi.esteri.it\/it\/wp-json\/wp\/v2\/pages\/36\/revisions\/3881"}],"up":[{"embeddable":true,"href":"https:\/\/conscharleroi.esteri.it\/it\/wp-json\/wp\/v2\/pages\/13"}],"wp:attachment":[{"href":"https:\/\/conscharleroi.esteri.it\/it\/wp-json\/wp\/v2\/media?parent=36"}],"curies":[{"name":"wp","href":"https:\/\/api.w.org\/{rel}","templated":true}]}}