{"id":3795,"date":"2025-12-18T17:34:35","date_gmt":"2025-12-18T15:34:35","guid":{"rendered":"https:\/\/conscharleroi.esteri.it\/?page_id=3795"},"modified":"2025-12-18T17:40:24","modified_gmt":"2025-12-18T15:40:24","slug":"cambio-del-nome-o-del-cognome","status":"publish","type":"page","link":"https:\/\/conscharleroi.esteri.it\/it\/servizi-consolari-e-visti\/servizi-per-il-cittadino-italiano\/stato-civile\/cambio-del-nome-o-del-cognome\/","title":{"rendered":"Cambio del Nome o del Cognome"},"content":{"rendered":"<p style=\"text-align: justify;\">Ai sensi del D.P.R. 396\/2000, qualsiasi cittadino italiano che intenda modificare il proprio nome e\/o cognome deve farne richiesta ed essere autorizzato dal <strong>Prefetto competente<\/strong>.<\/p>\n<p style=\"text-align: justify;\">La Prefettura competente a ricevere la domanda \u00e8 quella della provincia del luogo di residenza o, in alternativa, del luogo nella cui circoscrizione \u00e8 situato l&#8217;ufficio di stato civile dove \u00e8 stato registrato l&#8217;atto di nascita del richiedente.<\/p>\n<p style=\"text-align: justify;\">Le istanze di cambio nome e\/o cognome rivestono carattere <strong>eccezionale<\/strong> e sono accolte in presenza di situazioni oggettivamente rilevanti, supportate da adeguata documentazione e da significative motivazioni: cognomi o nomi <strong>ridicoli o vergognosi<\/strong> o che rivelano <strong>origine naturale, ecc.<\/strong><\/p>\n<p style=\"text-align: justify;\">In nessun caso pu\u00f2 essere richiesta l&#8217;attribuzione di cognomi di importanza storica o comunque tali da indurre in errore circa l&#8217;appartenenza del richiedente a famiglie illustri o particolarmente note nel luogo in cui si trova registrato l&#8217;atto di nascita del richiedente o nel luogo di sua residenza.<\/p>\n<p style=\"text-align: justify;\"><strong>L&#8217;istanza pu\u00f2 essere presentata per il tramite di questo Consolato Generale solo da cittadini italiani residenti nella circoscrizione consolare di Charleroi, regolarmente iscritti all\u2019AIRE. <\/strong><\/p>\n<p style=\"text-align: justify;\">A tal fine, il\/la richiedente deve fornire i seguenti documenti:<\/p>\n<p style=\"text-align: justify;\">1) atto di nascita integrale (<em>mod\u00e8le copie<\/em>) con traduzione giurata*;<\/p>\n<p style=\"text-align: justify;\">2) atto di cambio di cognome (<em>mod\u00e8le copie<\/em>) con traduzione giurata*;<\/p>\n<p style=\"text-align: justify;\">3) atto di nascita su modulo internazionale secondo la Convenzione di Vienna (\u201cmodello 16\u201d);<\/p>\n<p style=\"text-align: justify;\">4) composizione del nucleo familiare (<em>composition de m\u00e9nage<\/em>);<\/p>\n<p style=\"text-align: justify;\">5) copia dei suoi documenti di identit\u00e0 belgi e italiani;<\/p>\n<p style=\"text-align: justify;\">5) modulo di richiesta di cambio nome\/cognome disponibile sulla pagina dedicata al cambio di nome\/cognome della Prefettura legata al suo comune AIRE;<\/p>\n<p style=\"text-align: justify;\">6) prova di pagamento dell\u2019imposta di bollo (vedasi punto: come effettuare il pagamento dell\u2019imposta di bollo).<\/p>\n<p style=\"text-align: justify;\">* Gli atti devono essere tradotti da un traduttore giurato di <a href=\"https:\/\/conscharleroi.esteri.it\/wp-content\/uploads\/2023\/12\/traduttori-Charleroi.pdf\">questo elenco.<\/a><\/p>\n<p style=\"text-align: justify;\">L\u2019insieme dei documenti deve esserci inviato per posta ordinaria.<\/p>\n<p style=\"text-align: justify;\">Il Consolato Generale non ha alcun potere decisionale sulle pratiche di cambiamento del nome e\/o cognome, agendo da semplice intermediario tra il cittadino e la competente Prefettura italiana e non ha alcun potere di intervento sulla tempistica del procedimento che \u00e8 determinata da una serie di passaggi regolati dal Codice Civile e dai tempi di risposta della Prefettura.<\/p>\n<p>&nbsp;<\/p>\n<p style=\"text-align: justify;\"><strong>FASI E PROCEDURA DELLE DOMANDE<\/strong><\/p>\n<ul style=\"text-align: justify;\">\n<li>richiesta dell\u2019interessato su apposito formulario: a cura del cittadino;<\/li>\n<li>primo pagamento dell\u2019<u>imposta di bollo<\/u> per la presentazione dell\u2019istanza: a cura del cittadino (vedasi punto: come effettuare il pagamento dell\u2019imposta di bollo);<\/li>\n<li>inoltro della domanda alla Prefettura competente: a cura del Consolato Generale;<\/li>\n<li>in caso di valutazione favorevole dell\u2019istanza, ricevimento del Decreto Provvisorio al cambiamento del nome o cognome da parte della Prefettura;<\/li>\n<li>effettuazione della pubblicazione nell\u2019albo consolare del Consolato Generale di un avviso contenente il sunto della domanda per 30 gg.;<\/li>\n<li>secondo pagamento della relativa <u>imposta di bollo<\/u> da parte del cittadino;<\/li>\n<li>notizia alla Prefettura competente dell\u2019avvenuta pubblicazione, a cura del Consolato Generale;<\/li>\n<li>il Prefetto, accertata la regolarit\u00e0 delle affissioni e vagliate le eventuali opposizioni, provveder\u00e0 ad adottare il decreto definitivo di cambio del nome e\/o del cognome;<\/li>\n<li>consegna da parte del Consolato Generale all\u2019interessato\/a del Decreto Definitivo;<\/li>\n<li>terzo e ultimo pagamento della relativa <u>imposta di bollo<\/u> da parte del cittadino;<\/li>\n<\/ul>\n<p style=\"text-align: justify;\">Il Consolato Generale, su richiesta dell\u2019interessato\/a, richiede al Comune di nascita o di registrazione della nascita, di trascrivere ed annotare il Decreto Definitivo del cambiamento di nome o di cognome.<\/p>\n<p style=\"text-align: justify;\">Il Comune comunicher\u00e0 l\u2019avvenuta trascrizione ed annotazione al Consolato che, a sua volta, ne informer\u00e0 l\u2019interessato: da questo momento in poi, il cambiamento produrr\u00e0 i suoi effetti.<\/p>\n<p>&nbsp;<\/p>\n<p style=\"text-align: justify;\"><strong>PAGAMENTO DELL\u2019IMPOSTA DI BOLLO<\/strong><\/p>\n<p style=\"text-align: justify;\">L\u2019imposta di bollo si paga tramite bonifico bancario:<\/p>\n<p style=\"text-align: justify;\">BENEFICIARIO: Ministero dell\u2019Economia e delle Finanze<\/p>\n<p style=\"text-align: justify;\">IBAN: IT79Z0100003245BE00000000QK<\/p>\n<p style=\"text-align: justify;\">BIC: BITAITRRENT<\/p>\n<p style=\"text-align: justify;\">CAUSALE: \u201c[codice fiscale del contribuente] \u2013 Bollo 1552 &#8211; istanza cambio nome\/cognome prefettura di [luogo della prefettura]\u201d<\/p>\n<p style=\"text-align: justify;\">IMPORTO: 16,00 euro<\/p>\n<p>&nbsp;<\/p>\n<p>&nbsp;<\/p>\n<p>&nbsp;<\/p>\n<p>&nbsp;<\/p>\n<p>&nbsp;<\/p>\n","protected":false},"excerpt":{"rendered":"Ai sensi del D.P.R. 396\/2000, qualsiasi cittadino italiano che intenda modificare il proprio nome e\/o cognome deve farne richiesta ed essere autorizzato dal Prefetto competente. La Prefettura competente a ricevere la domanda \u00e8 quella della provincia del luogo di residenza o, in alternativa, del luogo nella cui circoscrizione \u00e8 situato l&#8217;ufficio di stato civile dove [&hellip;]","protected":false},"author":4,"featured_media":0,"parent":86,"menu_order":14,"comment_status":"closed","ping_status":"closed","template":"","meta":{"footnotes":""},"class_list":["post-3795","page","type-page","status-publish","hentry"],"_links":{"self":[{"href":"https:\/\/conscharleroi.esteri.it\/it\/wp-json\/wp\/v2\/pages\/3795","targetHints":{"allow":["GET"]}}],"collection":[{"href":"https:\/\/conscharleroi.esteri.it\/it\/wp-json\/wp\/v2\/pages"}],"about":[{"href":"https:\/\/conscharleroi.esteri.it\/it\/wp-json\/wp\/v2\/types\/page"}],"author":[{"embeddable":true,"href":"https:\/\/conscharleroi.esteri.it\/it\/wp-json\/wp\/v2\/users\/4"}],"replies":[{"embeddable":true,"href":"https:\/\/conscharleroi.esteri.it\/it\/wp-json\/wp\/v2\/comments?post=3795"}],"version-history":[{"count":4,"href":"https:\/\/conscharleroi.esteri.it\/it\/wp-json\/wp\/v2\/pages\/3795\/revisions"}],"predecessor-version":[{"id":3805,"href":"https:\/\/conscharleroi.esteri.it\/it\/wp-json\/wp\/v2\/pages\/3795\/revisions\/3805"}],"up":[{"embeddable":true,"href":"https:\/\/conscharleroi.esteri.it\/it\/wp-json\/wp\/v2\/pages\/86"}],"wp:attachment":[{"href":"https:\/\/conscharleroi.esteri.it\/it\/wp-json\/wp\/v2\/media?parent=3795"}],"curies":[{"name":"wp","href":"https:\/\/api.w.org\/{rel}","templated":true}]}}