{"id":38,"date":"2023-04-03T19:16:15","date_gmt":"2023-04-03T17:16:15","guid":{"rendered":"https:\/\/consolatozurigo.esteri.it\/?page_id=38"},"modified":"2026-04-03T12:27:37","modified_gmt":"2026-04-03T10:27:37","slug":"numeri-di-emergenza","status":"publish","type":"page","link":"https:\/\/conscharleroi.esteri.it\/it\/chi-siamo\/numeri-di-emergenza\/","title":{"rendered":"Numeri di emergenza"},"content":{"rendered":"<h2 class=\"entry-title h3\" style=\"text-align: center;\">Rilascio ETD temporaneamente non disponibile<\/h2>\n<p><img loading=\"lazy\" decoding=\"async\" class=\"size-medium wp-image-4137 img-fluid aligncenter\" src=\"https:\/\/conscharleroi.esteri.it\/wp-content\/uploads\/2026\/04\/etd-sito-1-1-300x177.jpg\" alt=\"\" width=\"300\" height=\"177\" srcset=\"https:\/\/conscharleroi.esteri.it\/wp-content\/uploads\/2026\/04\/etd-sito-1-1-300x177.jpg 300w, https:\/\/conscharleroi.esteri.it\/wp-content\/uploads\/2026\/04\/etd-sito-1-1-768x454.jpg 768w, https:\/\/conscharleroi.esteri.it\/wp-content\/uploads\/2026\/04\/etd-sito-1-1.jpg 961w\" sizes=\"auto, (max-width: 300px) 100vw, 300px\" \/><\/p>\n<p><strong><em>Data aggiornamento &#8211; 03\/04\/2026<\/em><\/strong><\/p>\n<p style=\"text-align: justify;\">Si informa che, eccezionalmente e per motivi tecnici, non \u00e8 al momento possibile procedere al rilascio degli ETD (Emergency Travel Document).<\/p>\n<p style=\"text-align: justify;\">La situazione ha carattere strettamente temporaneo e il servizio sar\u00e0 ripristinato non appena possibile.<\/p>\n<p style=\"text-align: justify;\">Ulteriori aggiornamenti saranno pubblicati non appena disponibili sul sito del Consolato.<\/p>\n<hr \/>\n<p>&nbsp;<\/p>\n<p>&nbsp;<\/p>\n<p style=\"text-align: justify;\">I servizi di pronto intervento sono raggiungibili 24 ore su 24 al numero 112 da qualsiasi telefono fisso o mobile e in qualunque paese dell\u2019unione europea.<\/p>\n<p style=\"text-align: justify;\">Il telefono per le <strong>emergenze consolari<\/strong> (da utilizzare <strong>solo in caso di effettiva urgenza e non per richiedere informazioni<\/strong>) attivo durante gli orari di chiusura del Consolato Generale \u00e8:<\/p>\n<p style=\"text-align: center;\"><strong>+32 (0) 476 221 865 (<\/strong><span style=\"text-decoration: underline;\"><strong>solo emergenze consolari)<\/strong><\/span><\/p>\n<p style=\"text-align: justify;\">Il numero \u00e8 attivo dal luned\u00ec al venerd\u00ec dalle ore 17:00 alle ore 22:00; il sabato, la domenica e i festivi dalle ore 08:00 alle ore 22:00.<\/p>\n<p style=\"text-align: justify;\"><strong>Richieste concernenti passaporti, appuntamenti e informazioni di vario genere non possono essere considerate emergenze. <\/strong>I contatti per richiedere informazioni possono essere trovati <a href=\"https:\/\/conscharleroi.esteri.it\/it\/chi-siamo\/gli-uffici\/\">qui<\/a><\/p>\n<p>Per conoscere i requisiti per il rilascio di un <strong><u>passaporto in urgenza<\/u><\/strong>, si prega di consultare <a href=\"https:\/\/conscharleroi.esteri.it\/it\/servizi-consolari-e-visti\/servizi-per-il-cittadino-italiano\/passaporti-e-carte-didentita\/procedure-per-il-rilascio-del-passaporto-di-urgenza\/\">questa pagina<\/a> del sito <u>prima di contattarci al numero di emergenza<\/u>.<\/p>\n<p style=\"text-align: justify;\">Il Funzionario di turno del Ministero degli Affari Esteri e della Cooperazione Internazionale \u00e8 operativo per tutte le altre fasce orarie al numero + 39 06 3691 2666.<\/p>\n","protected":false},"excerpt":{"rendered":"Rilascio ETD temporaneamente non disponibile Data aggiornamento &#8211; 03\/04\/2026 Si informa che, eccezionalmente e per motivi tecnici, non \u00e8 al momento possibile procedere al rilascio degli ETD (Emergency Travel Document). La situazione ha carattere strettamente temporaneo e il servizio sar\u00e0 ripristinato non appena possibile. Ulteriori aggiornamenti saranno pubblicati non appena disponibili sul sito del Consolato. [&hellip;]","protected":false},"author":1,"featured_media":0,"parent":13,"menu_order":10,"comment_status":"closed","ping_status":"closed","template":"","meta":{"footnotes":""},"class_list":["post-38","page","type-page","status-publish","hentry"],"_links":{"self":[{"href":"https:\/\/conscharleroi.esteri.it\/it\/wp-json\/wp\/v2\/pages\/38","targetHints":{"allow":["GET"]}}],"collection":[{"href":"https:\/\/conscharleroi.esteri.it\/it\/wp-json\/wp\/v2\/pages"}],"about":[{"href":"https:\/\/conscharleroi.esteri.it\/it\/wp-json\/wp\/v2\/types\/page"}],"author":[{"embeddable":true,"href":"https:\/\/conscharleroi.esteri.it\/it\/wp-json\/wp\/v2\/users\/1"}],"replies":[{"embeddable":true,"href":"https:\/\/conscharleroi.esteri.it\/it\/wp-json\/wp\/v2\/comments?post=38"}],"version-history":[{"count":8,"href":"https:\/\/conscharleroi.esteri.it\/it\/wp-json\/wp\/v2\/pages\/38\/revisions"}],"predecessor-version":[{"id":4139,"href":"https:\/\/conscharleroi.esteri.it\/it\/wp-json\/wp\/v2\/pages\/38\/revisions\/4139"}],"up":[{"embeddable":true,"href":"https:\/\/conscharleroi.esteri.it\/it\/wp-json\/wp\/v2\/pages\/13"}],"wp:attachment":[{"href":"https:\/\/conscharleroi.esteri.it\/it\/wp-json\/wp\/v2\/media?parent=38"}],"curies":[{"name":"wp","href":"https:\/\/api.w.org\/{rel}","templated":true}]}}