{"id":444,"date":"2023-07-03T10:48:51","date_gmt":"2023-07-03T08:48:51","guid":{"rendered":"https:\/\/conscharleroi.esteri.it\/?page_id=444"},"modified":"2026-03-05T18:10:03","modified_gmt":"2026-03-05T16:10:03","slug":"cittadinanza-per-matrimonio-art-5-legge-n-91-1992","status":"publish","type":"page","link":"https:\/\/conscharleroi.esteri.it\/it\/servizi-consolari-e-visti\/servizi-per-il-cittadino-straniero\/cittadinanza\/cittadinanza-per-matrimonio-art-5-legge-n-91-1992\/","title":{"rendered":"Naturalizzazione per matrimonio"},"content":{"rendered":"<p style=\"text-align: justify;\"><u>TERMINI DI LEGGE<\/u><\/p>\n<p style=\"text-align: justify;\">Ai sensi dell\u2019art. 5 della legge n. 91 del 5\/2\/1992 (e successive modifiche), il coniuge di cittadino italiano pu\u00f2 presentare istanza per la concessione della cittadinanza italiana <strong>dopo tre anni<\/strong> dalla data del matrimonio (se residente all\u2019estero) oppure dopo tre anni dalla data di acquisto o riacquisto della cittadinanza italiana (da parte del coniuge italiano).<\/p>\n<p style=\"text-align: justify;\">Questi <strong>termini sono ridotti della met\u00e0 (ossia 18 mesi) in presenza di figli nati o adottati dai coniugi.<\/strong><\/p>\n<p style=\"text-align: justify;\">L\u2019art. 14, comma 1, lett. c) del D.L. 4 ottobre 2018, n. 113, convertito con modificazioni dalla L. 1\u00b0 dicembre 2018, n. 132, ha fissato in <strong>48 mesi il termine di definizione per i procedimenti di cittadinanza in corso alla data del 5 ottobre 2018<\/strong>, quindi anche per le domande presentate prima di quella data e non ancora definite.<\/p>\n<p style=\"text-align: justify;\">Successivamente, l\u2019art. 4, comma 5 del D.L. 21 ottobre 2020, n. 130, convertito con modificazioni dalla L. 18 dicembre 2020, n. 173 ha stabilito <strong>il nuovo termine di 24 mesi prorogabili fino al massimo di 36 mesi solo per le istanze presentate dal 20.12.2020<\/strong> (data di entrata in vigore della legge di conversione) in poi.<\/p>\n<p>&nbsp;<\/p>\n<p style=\"text-align: justify;\"><u>REQUISITI<\/u><\/p>\n<p style=\"text-align: justify;\">Ai sensi della vigente normativa, al momento dell\u2019adozione del provvedimento di conferimento della cittadinanza italiana:<\/p>\n<ul style=\"text-align: justify;\">\n<li><strong>Non <\/strong>deve essere intervenuto<strong> scioglimento, annullamento o cessazione <\/strong>degli effetti civili del matrimonio<strong> e non <\/strong>deve sussistere la<strong> separazione personale <\/strong>dei coniugi.<\/li>\n<\/ul>\n<ul style=\"text-align: justify;\">\n<li>E\u2019 indispensabile che <strong>l\u2019atto di matrimonio dei coniugi sia stato trascritto <\/strong>nei registri di stato civile del Comune italiano. \u00c8 pertanto consigliabile, prima di presentare la domanda, chiedere in Italia un estratto per riassunto dell\u2019atto di matrimonio. Il richiedente dovr\u00e0 indirizzare la domanda alla Rappresentanza diplomatico-consolare competente.<\/li>\n<\/ul>\n<ul style=\"text-align: justify;\">\n<li>Il coniuge\/parte dell\u2019unione civile di nazionalit\u00e0 italiana deve essere <strong>residente, regolarmente iscritto all\u2019AIRE<\/strong> <strong>della circoscrizione consolare di competenza e convivente allo stesso indirizzo<\/strong> del richiedente la cittadinanza.<\/li>\n<\/ul>\n<p>&nbsp;<\/p>\n<p style=\"text-align: justify;\"><u>COME PRESENTARE LA DOMANDA\u00a0<\/u><\/p>\n<p style=\"text-align: justify;\">Dal 1\u00b0 agosto 2015 la domanda di cittadinanza pu\u00f2 essere presentata<strong> <u>esclusivamente online<\/u> <\/strong>attraverso una procedura messa a punto dal Ministero dell\u2019Interno \u2013 Dipartimento per le Libert\u00e0 civili e l\u2019Immigrazione \u2013 direzione centrale per i Diritti civili, la Cittadinanza e le Minoranze.<\/p>\n<p style=\"text-align: justify;\">I primi due passaggi sono i seguenti:<\/p>\n<ol style=\"text-align: justify;\">\n<li><strong>Registrarsi<\/strong> sul\u00a0<a href=\"https:\/\/portaleservizi.dlci.interno.it\/\">Portale Servizi del Dipartimento per le Libert\u00e0 Civili e l\u2019Immigrazione<\/a><u>;<\/u><\/li>\n<\/ol>\n<ol style=\"text-align: justify;\" start=\"2\">\n<li><strong>Compilare la domanda (modello AE) <\/strong>utilizzando le credenziali d\u2019accesso ricevute.<\/li>\n<\/ol>\n<p>&nbsp;<\/p>\n<p style=\"text-align: justify;\"><u>IMPORTANTI ACCORGIMENTI<\/u><\/p>\n<ul>\n<li><strong><u>Prima dell\u2019invio della domanda<\/u><\/strong><strong>,<\/strong> <strong>una volta in possesso di tutta la documentazione<\/strong> necessaria che sar\u00e0 sotto esposta, \u00e8 vivamente consigliato <strong>contattarci a charleroi.cittadinanza@esteri.it<\/strong>, comunicando un proprio recapito telefonico, al fine di fissare un appuntamento per la verifica documentale e le eventuali legalizzazioni.<\/li>\n<li>Il richiedente \u00e8 tenuto a<strong> <u>registrare i propri dati con la massima attenzione<\/u><\/strong>, verificando che quelli presenti su tutti i documenti siano concordanti e che vi sia l\u2019esatta indicazione del Comune di nascita. Una volta registrati, infatti, i dati non potranno essere modificati e, in caso di errore, la domanda verr\u00e0 rifiutata e occorrer\u00e0 procedere ad una nuova registrazione con altro indirizzo e-mail.<\/li>\n<\/ul>\n<p><span style=\"text-decoration: underline;\">In particolare<\/span>:<\/p>\n<p>In fase di registrazione, <strong>n<\/strong><strong>on andranno riportati caratteri o segni speciali<\/strong> (per esempio la cediglia, accenti acuti o gravi all\u2019interno della parola, accenti circonflessi, ecc.). Sar\u00e0 possibile inserire solo l\u2019accento sull\u2019ultima lettera utilizzando l\u2019apostrofo, qualora ci sia anche nella lingua di origine.<\/p>\n<p>In fase di compilazione del modello (AE) di domanda, vanno inseriti <strong>COGNOME-NOME-DATA E LUOGO DI NASCITA cos\u00ec come indicati nell\u2019atto di nascita<\/strong>. Le donne devono inserire il cognome da nubile SALVO CHE sull\u2019atto di nascita sia stato annotato il nuovo cognome assunto dopo il matrimonio. Le donne il cui nome sull\u2019atto di nascita \u00e8 composto anche dal patronimico DOVRANNO presentare la domanda online con nome + patronimico, salvo diversamente specificato in nota a margine dell\u2019atto di nascita o matrimonio.<\/p>\n<ul style=\"text-align: justify;\">\n<li><strong>I certificati<\/strong> da allegare alla domanda hanno una <strong><u>validit\u00e0 di 6 mesi<\/u><\/strong> dalla data del rilascio. Per il certificato penale questa regola vale, oltre che per la traduzione, anche per l\u2019originale. <strong>L\u2019atto di nascita<\/strong> ha invece una <strong><u>validit\u00e0 illimitata purch\u00e9<\/u><\/strong> non siano intervenute modifiche in analogia a quanto disposto dall\u2019art. 42 del D.P.R. 445\/2000: in caso contrario o in caso di dubbi, presentare un atto di nascita con validit\u00e0 di non oltre sei mesi dal rilascio da parte del Paese in cui si \u00e8 nati.<\/li>\n<\/ul>\n<p>&nbsp;<\/p>\n<p style=\"text-align: justify;\"><u>DOCUMENTAZIONE DA ALLEGARE ALLA DOMANDA<\/u><\/p>\n<ul style=\"text-align: justify;\">\n<li><strong>ESTRATTO PER RIASSUNTO DELL\u2019ATTO DI MATRIMONIO<\/strong><\/li>\n<\/ul>\n<p style=\"text-align: justify;\">Rilasciato dal Comune italiano dove il matrimonio \u00e8 stato <u>trascritto o celebrato<\/u>.<\/p>\n<ul style=\"text-align: justify;\">\n<li><strong>CERTIFICATO DI CONOSCENZA DELLA LINGUA ITALIANA<\/strong><\/li>\n<\/ul>\n<p style=\"text-align: justify;\">Tale certificato\u00a0non deve essere inferiore al livello B1 del Quadro Comune Europeo di Riferimento (QCER).<\/p>\n<p style=\"text-align: justify;\"><u>Le certificazioni ammesse sono esclusivamente le seguenti<\/u>:<\/p>\n<ul style=\"text-align: justify;\">\n<li>PLIDA della Societ\u00e0 Dante Alighieri<\/li>\n<li>CertIt dell\u2019Universit\u00e0 Roma Tre<\/li>\n<li>CILS dell\u2019Universit\u00e0 per stranieri di Siena<\/li>\n<li>CELI dell\u2019Universit\u00e0 per stranieri di Perugia<\/li>\n<li>Co.L dell\u2019Universit\u00e0 per stranieri di Reggio Calabria<\/li>\n<\/ul>\n<p style=\"text-align: justify;\">Altre certificazioni provenienti dai suddetti Enti o da altre istituzioni non sono idonee e non potranno essere accettate.<\/p>\n<p style=\"text-align: justify;\">L\u2019Istituto Italiano di Cultura di Bruxelles, unica sede autorizzata in Belgio, offre la possibilit\u00e0 di ottenere <a href=\"https:\/\/iicbruxelles.esteri.it\/it\/lingua-e-cultura\/certificazioni\/\"><strong>la Certificazione di conoscenza della lingua italiana (CELI)<\/strong><\/a> presso l\u2019Universit\u00e0 per Stranieri di Perugia. L\u2019esame CELI si svolge ogni anno nei mesi di giugno e novembre presso l\u2019Istituto.<\/p>\n<p>&nbsp;<\/p>\n<p style=\"text-align: justify;\"><strong><u>NON sono, invece, tenuti alla presentazione di tale certificato:<\/u><\/strong><\/p>\n<ul style=\"text-align: justify;\">\n<li>Gli stranieri (anche se residenti all\u2019estero) che abbiano sottoscritto l\u2019Accordo di integrazione di cui all\u2019art. 4 bis del D.Lgs. n. 286\/1998 Testo Unico Immigrazione.<\/li>\n<li>I titolari di permesso di soggiorno per soggiornanti di lungo periodo UE (o CE) di cui all\u2019articolo 9 del medesimo Testo Unico (anche se residenti all\u2019estero), solo se rilasciato dalle Autorit\u00e0 italiane. I permessi di soggiorno per motivi familiari o quelli emessi da altri Stati non sono idonei.<\/li>\n<li>Coloro che abbiano conseguito un titolo di studio emesso da un istituto di istruzione pubblico o paritario riconosciuto dal Ministero dell\u2019Istruzione, dell\u2019Universit\u00e0 e della Ricerca e\/o dal Ministero degli Affari Esteri e della Cooperazione internazionale.<\/li>\n<\/ul>\n<ul style=\"text-align: justify;\">\n<li><strong>ATTO DI NASCITA<\/strong><\/li>\n<\/ul>\n<p style=\"text-align: justify;\">L\u2019atto di nascita deve essere completo delle generalit\u00e0 dei genitori (incluse paternit\u00e0 e maternit\u00e0).<\/p>\n<p style=\"text-align: justify;\"><strong><u>In che formato va presentato l\u2019atto di nascita?<\/u><\/strong><\/p>\n<p><strong>a)<\/strong> se il Paese di nascita ha firmato la <a href=\"http:\/\/www.prefettura.it\/FILES\/docs\/1173\/Convenzione_Aja_Stato_applicazione.pdf\"><strong>Convenzione dell\u2019Aja del 5 ottobre 1961<\/strong><\/a><strong>:<\/strong><\/p>\n<ul>\n<li style=\"text-align: justify;\"><strong>atto originale con Apostille + traduzione in italiano con Apostille<\/strong><\/li>\n<\/ul>\n<p><strong>b)<\/strong> se il Paese di nascita<strong> <u>NON<\/u> <\/strong>ha firmato la <a href=\"http:\/\/www.prefettura.it\/FILES\/docs\/1173\/Convenzione_Aja_Stato_applicazione.pdf\"><strong>Convenzione dell\u2019Aja del 5 ottobre 1961<\/strong><\/a><strong>:<\/strong><\/p>\n<ul>\n<li style=\"text-align: justify;\"><strong>atto originale con legalizzazione della Rappresentanza italiana nel paese di rilascio + traduzione in italiano con legalizzazione della Rappresentanza italiana nel paese di rilascio<\/strong><\/li>\n<\/ul>\n<p><strong>c) <span style=\"text-decoration: underline;\">per i cittadini belgi<\/span>:<\/strong><\/p>\n<ul style=\"text-align: justify;\">\n<li><strong>Estratto dell\u2019atto di nascita plurilingue (sur formulaire internationale)<\/strong>, rilasciato in applicazione della Convenzione n\u00b0 16 firmata a Vienna l\u20198 settembre 1976, che non necessita di legalizzazione n\u00e9 di traduzione.<\/li>\n<\/ul>\n<p>&nbsp;<\/p>\n<ul style=\"text-align: justify;\">\n<li><strong>CERTIFICATO PENALE DEL PAESE DI NASCITA, SE DIVERSO DALL\u2019ITALIA, E DI TUTTI I PAESI TERZI DI RESIDENZA <\/strong><\/li>\n<\/ul>\n<p style=\"text-align: justify;\">Il richiedente che \u00e8 vissuto in Italia NON deve presentare alcun certificato penale italiano.<\/p>\n<p style=\"text-align: justify;\">Sar\u00e0 necessario produrre i certificati penali solamente a partire dal 14\u00b0 anno di et\u00e0, tranne se il richiedente abbia acquisito e conservato la cittadinanza del paese di nascita pur non avendovi mai risieduto.<\/p>\n<p style=\"text-align: justify;\"><strong>\u00a0<\/strong><\/p>\n<ul style=\"text-align: justify;\">\n<li><strong>CERTIFICATO PENALE DEL BELGIO \u2013 EXTRAIT DU CASIER JUDICIAIRE CENTRAL<\/strong><\/li>\n<\/ul>\n<p style=\"text-align: justify;\">Tale certificato va richiesto al Comune belga di residenza e deve essere munito di traduzione. La traduzione deve essere eseguita da un <a href=\"https:\/\/conscharleroi.esteri.it\/wp-content\/uploads\/2024\/11\/elenco-nov24.pdf\">traduttore giurato<\/a> la cui firma sia stata depositata presso questo Consolato Generale.<\/p>\n<p style=\"text-align: justify;\">La successiva legalizzazione della firma del traduttore \u00e8 un servizio erogato a pagamento da questo Consolato Generale prima dell\u2019invio della domanda online (rivolgersi a <a href=\"mailto:charleroi.cittadinanza@esteri.it\">charleroi.cittadinanza@esteri.it<\/a>).<\/p>\n<p style=\"text-align: justify;\"><strong>\u00a0<\/strong><\/p>\n<ul style=\"text-align: justify;\">\n<li><strong>COPIA CONFORME DEL PASSAPORTO IN CORSO DI VALIDITA\u2019<\/strong><\/li>\n<\/ul>\n<p style=\"text-align: justify;\">E\u2019 sufficiente inviare la copia delle sole pagine riportanti: i dati personali, la foto, la firma e le date di rilascio e scadenza. La copia conforme \u00e8 un servizio erogato a pagamento da questo Consolato Generale.<\/p>\n<p style=\"text-align: justify;\"><strong>\u00a0<\/strong><\/p>\n<ul style=\"text-align: justify;\">\n<li><strong>FOTOCOPIA DEL PERMESSO DI SOGGIORNO BELGA<\/strong><strong> IN CORSO DI VALIDITA\u2019<\/strong><\/li>\n<\/ul>\n<p style=\"text-align: justify;\">Pregasi di inviare la fotocopia sia fronte sia retro.<\/p>\n<p style=\"text-align: justify;\"><strong>\u00a0<\/strong><\/p>\n<ul style=\"text-align: justify;\">\n<li><strong>RICEVUTA DEL PAGAMENTO DEL CONTRIBUTO DI EURO 250,00<\/strong><\/li>\n<\/ul>\n<p style=\"text-align: justify;\">Il contributo di 250\u20ac a favore del Ministero dell\u2019Interno pu\u00f2 essere pagato <strong>pi\u00f9 agevolmente<\/strong> durante la compilazione della domanda <strong>tramite <a href=\"https:\/\/www.pagopa.gov.it\/\">PagoPa<\/a> o in alternativa <u>tramite bonifico<\/u><\/strong> sul conto corrente indicato dal Ministero dell\u2019Interno (ricevuta da inserire nella domanda online) con eventuali spese a carico di chi dispone il bonifico:<\/p>\n<p style=\"text-align: justify;\"><strong>\u201cMinistero dell\u2019Interno D.L.C.I Cittadinanza\u201d<\/strong><\/p>\n<p style=\"text-align: justify;\"><strong>Nome della Banca: Poste Italiane S.p.A.<\/strong><\/p>\n<p style=\"text-align: justify;\"><strong>Codice IBAN: IT54D0760103200000000809020<\/strong><\/p>\n<p style=\"text-align: justify;\"><strong>Causale del versamento: Richiesta cittadinanza per matrimonio ex art. 5 L. 91\/1992 e nome e cognome del richiedente<\/strong><\/p>\n<p style=\"text-align: justify;\"><strong>Codice BIC\/SWIFT di Poste Italiane: BPPIITRRXXX (per bonifici esteri)<\/strong><\/p>\n<p style=\"text-align: justify;\"><strong>Codice BIC\/SWIFT: PIBPITRA (per operazioni del circuito EUROGIRO)<\/strong><\/p>\n<p style=\"text-align: justify;\">Il richiedente che, in caso di rifiuto dell\u2019istanza, voglia ripresentare la domanda potr\u00e0 recuperare automaticamente il pagamento gi\u00e0 effettuato.<\/p>\n<p>&nbsp;<\/p>\n<p style=\"text-align: justify;\"><strong><em><u>ATTENZIONE<\/u><\/em><\/strong><\/p>\n<ul>\n<li><strong><em>Per conoscere la <u>forma richiesta per ciascun certificato (apostille o legalizzazione<\/u><\/em><\/strong><em> dell\u2019autorit\u00e0 diplomatico\/consolare italiana presente nel Paese di provenienza degli atti), <strong>consultare la\u00a0<\/strong><\/em><a href=\"http:\/\/www.prefettura.it\/FILES\/docs\/1173\/DocumentiCittadinanza.pdf\"><strong><em>SUPERTABELLA<\/em><\/strong><\/a><em>, ovvero\u00a0 la\u00a0 guida alla presentazione degli atti e documenti esteri e alle procedure per il loro riconoscimento.<\/em><\/li>\n<\/ul>\n<p>&nbsp;<\/p>\n<p style=\"text-align: justify;\"><u>PROCEDURA A SEGUITO DELL\u2019INVIO DELLA DOMANDA<\/u><\/p>\n<p style=\"text-align: justify;\">Una volta compilata la domanda e inserita tutta la documentazione sopra indicata, sar\u00e0 generato un <strong>documento riepilogativo e la ricevuta d\u2019invio<\/strong>, con l\u2019assegnazione di un numero di pratica provvisorio (BEL000\u2026).<\/p>\n<p style=\"text-align: justify;\">Questo Consolato Generale sar\u00e0 automaticamente informato della presentazione della domanda e proceder\u00e0 alle necessarie verifiche. Il richiedente ricever\u00e0 quindi, o tramite il nostro Ufficio Cittadinanza o direttamente consultando il portale dedicato, una comunicazione relativa all\u2019<strong>accettazione<\/strong> o all\u2019<strong>accettazione con riserva<\/strong> (richiesta di eventuali integrazioni), oppure al <strong>rifiuto<\/strong> della domanda stessa.<\/p>\n<p>&nbsp;<\/p>\n<p style=\"text-align: justify;\"><u>IN CASO DI ACCETTAZIONE DELLA DOMANDA<\/u><\/p>\n<p style=\"text-align: justify;\">Successivamente all\u2019accettazione della domanda, <strong>il richiedente sar\u00e0 convocato, con il coniuge cittadino italiano<\/strong>, da questo Consolato Generale al quale dovr\u00e0 consegnare, il giorno dell\u2019appuntamento:<\/p>\n<ul style=\"text-align: justify;\">\n<li><strong>tutta la documentazione<\/strong> <strong>in originale<\/strong>, gi\u00e0 trasmessa per via telematica;<\/li>\n<li><strong>una \u201ccomposition de m\u00e9nage r\u00e9cente\u201d<\/strong>, che non necessita di traduzione in italiano;<\/li>\n<li><strong>copia di un documento d\u2019identit\u00e0 del coniuge italiano e del permesso di soggiorno del richiedente<\/strong>.<\/li>\n<\/ul>\n<p style=\"text-align: justify;\">Nella medesima occasione, verranno effettuati presso il Consolato Generale anche i seguenti pagamenti:<\/p>\n<ul style=\"text-align: justify;\">\n<li><strong>Euro 20,00<\/strong> per l\u2019autentica di firma sulla domanda di cittadinanza,<\/li>\n<li><strong>Euro 24,00<\/strong> per la legalizzazione della firma del traduttore sul casellario giudiziale,<\/li>\n<li><strong>Euro 10,00<\/strong> per la copia conforme del passaporto.<\/li>\n<\/ul>\n<p style=\"text-align: justify;\">Per ulteriori dettagli o chiarimenti, contattarci all\u2019indirizzo e-mail <a href=\"mailto:charleroi.cittadinanza@esteri.it\">charleroi.cittadinanza@esteri.it<\/a>, comunicando anche un recapito telefonico.<\/p>\n","protected":false},"excerpt":{"rendered":"TERMINI DI LEGGE Ai sensi dell\u2019art. 5 della legge n. 91 del 5\/2\/1992 (e successive modifiche), il coniuge di cittadino italiano pu\u00f2 presentare istanza per la concessione della cittadinanza italiana dopo tre anni dalla data del matrimonio (se residente all\u2019estero) oppure dopo tre anni dalla data di acquisto o riacquisto della cittadinanza italiana (da parte [&hellip;]","protected":false},"author":4,"featured_media":0,"parent":96,"menu_order":21,"comment_status":"closed","ping_status":"closed","template":"","meta":{"footnotes":""},"class_list":["post-444","page","type-page","status-publish","hentry"],"_links":{"self":[{"href":"https:\/\/conscharleroi.esteri.it\/it\/wp-json\/wp\/v2\/pages\/444","targetHints":{"allow":["GET"]}}],"collection":[{"href":"https:\/\/conscharleroi.esteri.it\/it\/wp-json\/wp\/v2\/pages"}],"about":[{"href":"https:\/\/conscharleroi.esteri.it\/it\/wp-json\/wp\/v2\/types\/page"}],"author":[{"embeddable":true,"href":"https:\/\/conscharleroi.esteri.it\/it\/wp-json\/wp\/v2\/users\/4"}],"replies":[{"embeddable":true,"href":"https:\/\/conscharleroi.esteri.it\/it\/wp-json\/wp\/v2\/comments?post=444"}],"version-history":[{"count":8,"href":"https:\/\/conscharleroi.esteri.it\/it\/wp-json\/wp\/v2\/pages\/444\/revisions"}],"predecessor-version":[{"id":3351,"href":"https:\/\/conscharleroi.esteri.it\/it\/wp-json\/wp\/v2\/pages\/444\/revisions\/3351"}],"up":[{"embeddable":true,"href":"https:\/\/conscharleroi.esteri.it\/it\/wp-json\/wp\/v2\/pages\/96"}],"wp:attachment":[{"href":"https:\/\/conscharleroi.esteri.it\/it\/wp-json\/wp\/v2\/media?parent=444"}],"curies":[{"name":"wp","href":"https:\/\/api.w.org\/{rel}","templated":true}]}}