{"id":587,"date":"2023-08-18T12:01:05","date_gmt":"2023-08-18T10:01:05","guid":{"rendered":"https:\/\/conscharleroi.esteri.it\/?page_id=587"},"modified":"2025-01-23T12:05:06","modified_gmt":"2025-01-23T10:05:06","slug":"studi","status":"publish","type":"page","link":"https:\/\/conscharleroi.esteri.it\/it\/servizi-consolari-e-visti\/servizi-per-il-cittadino-italiano\/studi\/","title":{"rendered":"Studi"},"content":{"rendered":"<p style=\"text-align: justify;\">L\u2019ufficio studi gestisce le dichiarazioni di titoli di studio conseguiti presso istituti e universit\u00e0 presenti nella circoscrizione consolare di Charleroi.<\/p>\n<p><strong>Dichiarazioni di Valore<\/strong><\/p>\n<p style=\"text-align: justify;\">L\u2019Ufficio Titoli di studio del Consolato Generale d\u2019Italia in Charleroi \u00e8 competente unicamente per il rilascio di \u201cDichiarazioni di Valore\u201d (DV) relative a Titoli di studio riconosciuti che rientrano nell\u2019ordinamento scolastico\/universitario belga conseguiti nella provincia di Hainaut, la provincia di Namur, la provincia di Liegi e la provincia di Lussemburgo.<\/p>\n<p style=\"text-align: justify;\">La procedura di riconoscimento in Italia dei titoli di studio belgi, sia per il proseguimento degli studi (Scuola\/Universit\u00e0), che per fini lavorativi, prevede da parte del Consolato d\u2019Italia territorialmente competente il rilascio della \u201cDichiarazione di Valore in Loco\u201d.<\/p>\n<p style=\"text-align: justify;\">In tale documento il Consolato dichiara il valore dei titoli di studio conseguiti in Belgio con riferimento all\u2019ordinamento locale.<\/p>\n<p style=\"text-align: justify;\"><u>La DV non corrisponde ad un certificato d\u2019equipollenza od equivalenza<\/u>. Saranno, successivamente, le competenti Amministrazioni italiane (Ministero dell\u2019Istruzione, Ministero dell\u2019Universit\u00e0 e della Ricerca, Uffici Scolastici Provinciali, Universit\u00e0, ecc.) a dichiarare l\u2019equivalenza (o l\u2019equipollenza) dei titoli stranieri ad analoghi titoli italiani.<\/p>\n<p style=\"text-align: justify;\">Si ricorda che il\u00a0<strong>CIMEA<\/strong>\u00a0(<strong>Centro di Informazione sulla Mobilit\u00e0 e le Equivalenze Accademiche<\/strong>) offre la possibilit\u00e0 di richiedere, on line,\u00a0<strong>Attestati di comparabilit\u00e0<\/strong>\u00a0e\u00a0<strong>Verifica dei Titoli<\/strong>\u00a0sia per i riconoscimenti accademici che per quelli non accademici:\u00a0\u00a0<a href=\"https:\/\/www.cimea.it\/pagina-attestati-di-comparabilita-e-verifica-dei-titoli\">https:\/\/www.cimea.it\/pagina-attestati-di-comparabilita-e-verifica-dei-titoli<\/a>.<\/p>\n<p style=\"text-align: justify;\">Tali attestati di comparabilit\u00e0 rilasciati dal CIMEA sono accettati da varie universit\u00e0\u00a0<a href=\"https:\/\/www.cimea.it\/pagina-attestati-universita\">https:\/\/www.cimea.it\/pagina-attestati-universita<\/a>\u00a0e da varie istituzioni (riconoscimenti non accademici come ad esempio per concorsi pubblici e per fini previdenziali)\u00a0<a href=\"https:\/\/www.cimea.it\/pagina-riconoscimento-non-accademico\">https:\/\/www.cimea.it\/pagina-riconoscimento-non-accademico<\/a>.<\/p>\n<p style=\"text-align: justify;\"><strong>Riconoscimento in Belgio di Titoli di Studio italiani<\/strong><\/p>\n<p style=\"text-align: justify;\">Coloro i quali fossero interessati al riconoscimento in Belgio di titoli di studio conseguiti in Italia ovvero altrove dovranno rivolgersi a la Fed\u00e9ration Wallonie Bruxelles\u00a0<a href=\"https:\/\/www.equivalences.cfwb.be\/\">https:\/\/www.equivalences.cfwb.be\/<\/a>.<\/p>\n<p style=\"text-align: justify;\">Per quanto riguarda le traduzioni in lingua francese di titoli di studio italiani, si precisa che questo Consolato Generale non autentica le traduzioni effettuate dagli interessati.<\/p>\n<p style=\"text-align: justify;\">Le traduzioni dovranno essere effettuate da \u201ctraducteur jur\u00e9\u201d la cui firma \u00e8 depositata presso questo Consolato Generale, che su richiesta, provveder\u00e0 alla legalizzazione previo pagamento della relativa tariffa art.69 (vedi qui per il costo). La lista di traduttori \u00e8 disponibile sul sito del Consolato Generale nella sezione\u00a0<a href=\"https:\/\/conscharleroi.esteri.it\/it\/servizi-consolari-e-visti\/servizi-per-il-cittadino-straniero\/traduzione-e-legalizzazione-dei-documenti\/\">Traduzione e legalizzazione dei documenti<\/a> .<\/p>\n<p style=\"text-align: justify;\"><strong>Modalit\u00e0 di presentazione della domanda<\/strong><\/p>\n<p style=\"text-align: justify;\"><strong><u>Esclusivamente per posta<\/u><\/strong>, inviando la documentazione sotto specificata relativa al tipo di diploma\/certificato in possesso al seguente indirizzo:<\/p>\n<p style=\"text-align: justify;\"><strong>Ufficio Titoli di Studio<\/strong><strong><br \/>\nConsolato Generale d\u2019Italia<br \/>\nRue Willy Ernst,23<br \/>\n6000 CHARLEROI (BELGIO) <\/strong><\/p>\n<p style=\"text-align: justify;\">In considerazione del fatto che la procedura comporta delle spese ed al fine di evitare che nessuna di esse si riveli inutile, in un primo tempo si consiglia di far pervenire, via e-mail (<a href=\"mailto:charleroi.studi@esteri.it\">charleroi.studi@esteri.it<\/a>) e sotto forma di files PDF, la documentazione in semplice copia.<\/p>\n<p style=\"text-align: justify;\">Una volta verificati i documenti, verranno fornite le istruzioni per l\u2019effettuazione del bonifico bancario unitamente all\u2019importo esatto da versare ai sensi delle tariffe vigenti (comprensivo del costo della DV, della legalizzazione della firma del traduttore, della copia conforme del titolo e dei costi d\u2019invio postale tramite raccomandata R\/R).<\/p>\n<p style=\"text-align: justify;\">Il costo della \u201cDichiarazione di Valore in Loco\u201d corrisponde all\u2019art.66N (DV) del <a href=\"https:\/\/conscharleroi.esteri.it\/wp-content\/uploads\/2025\/01\/Tabella_Diritti_Consolari-ch.pdf\">tariffario consolare<\/a>.<\/p>\n<p style=\"text-align: justify;\">Una volta effettuato il pagamento, si prega di inviare la distinta del bonifico effettuato.<\/p>\n<p style=\"text-align: justify;\"><strong><u>Gratuit\u00e0 della DV<\/u><\/strong><\/p>\n<p style=\"text-align: justify;\">La DV viene rilasciata gratuitamente solo se \u00e8 finalizzata al proseguimento degli studi: possono usufruirne i cittadini italiani o stranieri, indipendentemente dalla residenza, dovendo per\u00f2 obbligatoriamente fornire prova di iscrizione ad un Istituto d\u2019istruzione italiano.<\/p>\n<p style=\"text-align: justify;\"><strong><u>Documenti obbligatori<\/u><\/strong><\/p>\n<p style=\"text-align: justify;\">Per poter rilasciare una \u201c<em>Dichiarazione di Valore<\/em>\u201d (DV) di un titolo di studio belga, occorre presentare oltre al\u00a0<a href=\"https:\/\/conscharleroi.esteri.it\/wp-content\/uploads\/2025\/01\/Modulo-di-richiesta-rilascio-Dichiarazione-di-Valore-CH.pdf\">modulo di richiesta<\/a>\u00a0debitamente compilato e firmato e\u00a0<strong>copia di un documento di identit\u00e0\u00a0<\/strong>(passaporto o carta d\u2019identit\u00e0) in corso di validit\u00e0,\u00a0anche <strong>una documentazione\u00a0<em>ad hoc<\/em><\/strong>, che varia a seconda del titolo di studio (si elencano qui di seguito i principali titoli di studio\/professionali):<\/p>\n<ul>\n<li style=\"text-align: justify;\"><strong>Titoli di Scuola primaria<\/strong><strong>:\u00a0(CEB);<\/strong><\/li>\n<li style=\"text-align: justify;\"><strong>Titoli di Scuola Secondaria<\/strong><strong>:\u00a0(CE1D, CE2D, CESS, CQ);<\/strong><\/li>\n<li style=\"text-align: justify;\"><strong>Titoli accademici di primo livello<\/strong><strong>\u00a0(bachelier de transition, bachelier professionalisant, candidature;<\/strong><\/li>\n<li style=\"text-align: justify;\"><strong>Titoli accademici di secondo livello<\/strong><strong>\u00a0(Master, Licence);<\/strong><\/li>\n<li style=\"text-align: justify;\"><strong>Titoli accademici di terzo livello<\/strong><strong>:\u00a0(Doctorat).<\/strong><\/li>\n<\/ul>\n","protected":false},"excerpt":{"rendered":"L\u2019ufficio studi gestisce le dichiarazioni di titoli di studio conseguiti presso istituti e universit\u00e0 presenti nella circoscrizione consolare di Charleroi. Dichiarazioni di Valore L\u2019Ufficio Titoli di studio del Consolato Generale d\u2019Italia in Charleroi \u00e8 competente unicamente per il rilascio di \u201cDichiarazioni di Valore\u201d (DV) relative a Titoli di studio riconosciuti che rientrano nell\u2019ordinamento scolastico\/universitario belga [&hellip;]","protected":false},"author":4,"featured_media":0,"parent":59,"menu_order":60,"comment_status":"closed","ping_status":"closed","template":"","meta":{"footnotes":""},"class_list":["post-587","page","type-page","status-publish","hentry"],"_links":{"self":[{"href":"https:\/\/conscharleroi.esteri.it\/it\/wp-json\/wp\/v2\/pages\/587","targetHints":{"allow":["GET"]}}],"collection":[{"href":"https:\/\/conscharleroi.esteri.it\/it\/wp-json\/wp\/v2\/pages"}],"about":[{"href":"https:\/\/conscharleroi.esteri.it\/it\/wp-json\/wp\/v2\/types\/page"}],"author":[{"embeddable":true,"href":"https:\/\/conscharleroi.esteri.it\/it\/wp-json\/wp\/v2\/users\/4"}],"replies":[{"embeddable":true,"href":"https:\/\/conscharleroi.esteri.it\/it\/wp-json\/wp\/v2\/comments?post=587"}],"version-history":[{"count":6,"href":"https:\/\/conscharleroi.esteri.it\/it\/wp-json\/wp\/v2\/pages\/587\/revisions"}],"predecessor-version":[{"id":2883,"href":"https:\/\/conscharleroi.esteri.it\/it\/wp-json\/wp\/v2\/pages\/587\/revisions\/2883"}],"up":[{"embeddable":true,"href":"https:\/\/conscharleroi.esteri.it\/it\/wp-json\/wp\/v2\/pages\/59"}],"wp:attachment":[{"href":"https:\/\/conscharleroi.esteri.it\/it\/wp-json\/wp\/v2\/media?parent=587"}],"curies":[{"name":"wp","href":"https:\/\/api.w.org\/{rel}","templated":true}]}}