{"id":84,"date":"2023-04-03T19:28:33","date_gmt":"2023-04-03T17:28:33","guid":{"rendered":"https:\/\/consolatozurigo.esteri.it\/?page_id=84"},"modified":"2026-04-03T12:34:11","modified_gmt":"2026-04-03T10:34:11","slug":"emergency-travel-documents-etd","status":"publish","type":"page","link":"https:\/\/conscharleroi.esteri.it\/it\/servizi-consolari-e-visti\/servizi-per-il-cittadino-italiano\/emergency-travel-documents-etd\/","title":{"rendered":"Emergency Travel Documents (ETD)"},"content":{"rendered":"<h2 class=\"entry-title h3\" style=\"text-align: center;\">Rilascio ETD temporaneamente non disponibile<\/h2>\n<p><img loading=\"lazy\" decoding=\"async\" class=\"size-medium wp-image-4137 img-fluid aligncenter\" src=\"https:\/\/conscharleroi.esteri.it\/wp-content\/uploads\/2026\/04\/etd-sito-1-1-300x177.jpg\" alt=\"\" width=\"300\" height=\"177\" srcset=\"https:\/\/conscharleroi.esteri.it\/wp-content\/uploads\/2026\/04\/etd-sito-1-1-300x177.jpg 300w, https:\/\/conscharleroi.esteri.it\/wp-content\/uploads\/2026\/04\/etd-sito-1-1-768x454.jpg 768w, https:\/\/conscharleroi.esteri.it\/wp-content\/uploads\/2026\/04\/etd-sito-1-1.jpg 961w\" sizes=\"auto, (max-width: 300px) 100vw, 300px\" \/><\/p>\n<p><strong><em>Data aggiornamento &#8211; 03\/04\/2026<\/em><\/strong><\/p>\n<p style=\"text-align: justify;\">Si informa che, eccezionalmente e per motivi tecnici, non \u00e8 al momento possibile procedere al rilascio degli ETD (Emergency Travel Document).<\/p>\n<p style=\"text-align: justify;\">La situazione ha carattere strettamente temporaneo e il servizio sar\u00e0 ripristinato non appena possibile.<\/p>\n<p style=\"text-align: justify;\">Ulteriori aggiornamenti saranno pubblicati non appena disponibili sul sito del Consolato.<\/p>\n<hr \/>\n<p>&nbsp;<\/p>\n<p>&nbsp;<\/p>\n<p style=\"text-align: justify;\"><strong>I cittadini\u00a0<\/strong>italiani di passaggio in Belgio (circoscrizione consolare di Charleroi) e che abbiano smarrito il loro passaporto e\/o la loro carta d\u2019identit\u00e0 o ne abbiano subito il furto possono rivolgersi al Consolato Generale di Charleroi al fine di richiedere il rilascio di un Documento di Viaggio Provvisorio (ETD) che consenta loro di rientrare in Italia o nel Paese ove hanno stabilito la loro residenza o, eccezionalmente, in altro Paese.<\/p>\n<p style=\"text-align: justify;\"><u>COME RICHIEDERE L\u2019ETD<\/u><\/p>\n<p style=\"text-align: justify;\">Le persone interessate possono presentarsi al Consolato Generale nei giorni ed orari di apertura al pubblico oppure inviare una e-mail a\u00a0<a href=\"mailto:charleroi.passaporti@esteri.it\">charleroi.passaporti@esteri.it<\/a><\/p>\n<p style=\"text-align: justify;\">Nei giorni di sabato e domenica nonch\u00e9 nei giorni prefestivi e festivi, il rilascio dell\u2019ETD pu\u00f2 essere precluso a causa della chiusura del Consolato Generale e differito al primo giorno lavorativo utile.<\/p>\n<p style=\"text-align: justify;\"><u>Tuttavia, in caso di assoluta e comprovata urgenza<\/u>, il Consolato Generale pu\u00f2 essere contattato attraverso il numero di emergenza\u00a0<u>+ 32 476 22 18 65<\/u>\u00a0attivo dalle ore 17 alle ore 22 (nei giorni feriali) e dalle ore 9 alle ore 22 (il sabato, la domenica e nei giorni festivi).<\/p>\n<p style=\"text-align: justify;\"><strong>QUALE DOCUMENTAZIONE PRODURRE<\/strong><\/p>\n<p style=\"text-align: justify;\"><strong>MAGGIORENNI:<\/strong><\/p>\n<p style=\"text-align: justify;\">Per ottenerlo dovete presentarvi in Consolato portando con voi la seguente\u00a0<strong>documentazione<\/strong>:<\/p>\n<ul style=\"text-align: justify;\">\n<li>dichiarazione di furto o smarrimento del passaporto o di altro documento di viaggio,\u00a0 resa al Consolato ai sensi degli articoli 46 e 47 e con le avvertenze di cui all\u2019art. 76 del D.P.R. 445\/2000;<\/li>\n<li>denuncia del furto o dello smarrimento o della distruzione del passaporto o di altro documento di viaggio alle locali autorit\u00e0 di polizia;<\/li>\n<li>1 fotografia secondo le\u00a0<a href=\"https:\/\/www.esteri.it\/it\/servizi-consolari-e-visti\/italiani-all-estero\/documenti_di_viaggio\/linee-guida-foto-icao\/\">Linee guida foto Icao<\/a>;<\/li>\n<li>il titolo di viaggio, se possibile;<\/li>\n<li>La fotocopia del documento smarrito\/rubato oppure di altro documento di riconoscimento equivalente (es. patente)\u00a0<strong>(*)<\/strong>.<\/li>\n<\/ul>\n<p style=\"text-align: justify;\"><strong>(*)\u00a0<\/strong>ATTENZIONE: in assenza di documenti di riconoscimento, \u00e8 necessaria la presenza di due testimoni estranei alla famiglia muniti di proprio documento per attestare l\u2019identit\u00e0 del richiedente.<\/p>\n<p style=\"text-align: justify;\"><strong>MINORENNI:<\/strong><\/p>\n<ul style=\"text-align: justify;\">\n<li>dichiarazione di furto o smarrimento del passaporto o di altro documento di viaggio,\u00a0 resa al Consolato ai sensi degli articoli 46 e 47 e con le avvertenze di cui all\u2019art. 76 del D.P.R. 445\/2000;<\/li>\n<li>denuncia del furto o dello smarrimento o della distruzione del passaporto o di altro documento di viaggio alle locali autorit\u00e0 di polizia;<\/li>\n<li>1 fotografia secondo le\u00a0<a href=\"https:\/\/www.esteri.it\/it\/servizi-consolari-e-visti\/italiani-all-estero\/documenti_di_viaggio\/linee-guida-foto-icao\/\">Linee guida foto Icao<\/a>;<\/li>\n<li>il titolo di viaggio, se possibile;<\/li>\n<li>Documento di riconoscimento con foto e firma di entrambi i genitori o dell\u2019accompagnatore\u00a0<strong>(*)<\/strong>.<\/li>\n<\/ul>\n<p style=\"text-align: justify;\"><strong>(*)\u00a0<\/strong>ATTENZIONE: in assenza di documenti di riconoscimento, \u00e8 necessaria la presenza di un testimone maggiorenne munito di documento d\u2019identit\u00e0, che sia in grado di identificare il richiedente sotto la propria responsabilit\u00e0. Se uno dei genitori non \u00e8 cittadino europeo, dovr\u00e0 autenticare la propria firma recandosi personalmente in Consolato.<\/p>\n<p style=\"text-align: justify;\">L\u2019ETD pu\u00f2 essere rilasciato\u00a0<strong>anche a cittadini di Paesi membri dell\u2019Unione europea<\/strong>\u00a0previa acquisizione dell\u2019<strong>autorizzazione formale\u00a0<\/strong>da parte di una rappresentanza diplomatico-consolare\u00a0 o del Ministero degli Esteri del Paese di appartenenza del richiedente e della seguente documentazione:<\/p>\n<ol style=\"text-align: justify;\">\n<li>dichiarazione di smarrimento o furto del passaporto o di altro documento di viaggio, resa al Consolato ai sensi degli articoli 46 e 47 e con le avvertenze di cui all\u2019art. 76 del D.P.R. 445\/2000;<\/li>\n<li>denuncia di furto o smarrimento del passaporto o di altro documento di viaggio presso le locali autorit\u00e0 di polizia;<\/li>\n<li>1 fotografia dell\u2019interessato secondo\u00a0<a href=\"https:\/\/www.esteri.it\/it\/servizi-consolari-e-visti\/italiani-all-estero\/documenti_di_viaggio\/linee-guida-foto-icao\/\">Linee guida foto Icao<\/a>;<\/li>\n<li>titolo di viaggio del richiedente, se possibile.<\/li>\n<\/ol>\n<p style=\"text-align: justify;\"><strong>QUANTO COSTA L\u2019ETD E COME SI PAGA<\/strong><\/p>\n<p style=\"text-align: justify;\">L\u2019ETD \u00e8 GRATUITO.<\/p>\n<p style=\"text-align: justify;\">\n","protected":false},"excerpt":{"rendered":"Rilascio ETD temporaneamente non disponibile Data aggiornamento &#8211; 03\/04\/2026 Si informa che, eccezionalmente e per motivi tecnici, non \u00e8 al momento possibile procedere al rilascio degli ETD (Emergency Travel Document). La situazione ha carattere strettamente temporaneo e il servizio sar\u00e0 ripristinato non appena possibile. Ulteriori aggiornamenti saranno pubblicati non appena disponibili sul sito del Consolato. [&hellip;]","protected":false},"author":1,"featured_media":0,"parent":59,"menu_order":45,"comment_status":"closed","ping_status":"closed","template":"","meta":{"footnotes":""},"class_list":["post-84","page","type-page","status-publish","hentry"],"_links":{"self":[{"href":"https:\/\/conscharleroi.esteri.it\/it\/wp-json\/wp\/v2\/pages\/84","targetHints":{"allow":["GET"]}}],"collection":[{"href":"https:\/\/conscharleroi.esteri.it\/it\/wp-json\/wp\/v2\/pages"}],"about":[{"href":"https:\/\/conscharleroi.esteri.it\/it\/wp-json\/wp\/v2\/types\/page"}],"author":[{"embeddable":true,"href":"https:\/\/conscharleroi.esteri.it\/it\/wp-json\/wp\/v2\/users\/1"}],"replies":[{"embeddable":true,"href":"https:\/\/conscharleroi.esteri.it\/it\/wp-json\/wp\/v2\/comments?post=84"}],"version-history":[{"count":7,"href":"https:\/\/conscharleroi.esteri.it\/it\/wp-json\/wp\/v2\/pages\/84\/revisions"}],"predecessor-version":[{"id":4142,"href":"https:\/\/conscharleroi.esteri.it\/it\/wp-json\/wp\/v2\/pages\/84\/revisions\/4142"}],"up":[{"embeddable":true,"href":"https:\/\/conscharleroi.esteri.it\/it\/wp-json\/wp\/v2\/pages\/59"}],"wp:attachment":[{"href":"https:\/\/conscharleroi.esteri.it\/it\/wp-json\/wp\/v2\/media?parent=84"}],"curies":[{"name":"wp","href":"https:\/\/api.w.org\/{rel}","templated":true}]}}