{"id":91,"date":"2023-04-03T19:29:59","date_gmt":"2023-04-03T17:29:59","guid":{"rendered":"https:\/\/consolatozurigo.esteri.it\/?page_id=91"},"modified":"2024-09-27T12:30:39","modified_gmt":"2024-09-27T10:30:39","slug":"autoveicoli-e-patenti-di-guida","status":"publish","type":"page","link":"https:\/\/conscharleroi.esteri.it\/it\/servizi-consolari-e-visti\/servizi-per-il-cittadino-italiano\/servizi-notarili\/autoveicoli-e-patenti-di-guida\/","title":{"rendered":"Patenti di guida"},"content":{"rendered":"<p>Gli Uffici Consolari accreditati\u00a0<strong>in Paesi dell\u2019Unione Europea<\/strong>\u00a0non sono pi\u00f9 abilitati al rilascio o rinnovo delle patenti di guida italiane. Tali competenze sono assegnate esclusivamente alle\u00a0<strong>Autorit\u00e0 locali<\/strong>\u00a0di ciascuno Stato Membro.<\/p>\n<p>Il cittadino italiano che abbia\u00a0<strong>stabilito la propria residenza in Belgio <\/strong>potr\u00e0:<br \/>\n1.\u00a0<strong>convertire la patente di guida italiana in una patente belga<\/strong>\u00a0(attenzione: la conversione \u00e8 una facolt\u00e0, non un obbligo, ma \u00e8 consigliabile per motivi pratici);<br \/>\n2.\u00a0<strong>conservare la patente italiana fino a scadenza<\/strong>\u00a0senza fare nulla (si potrebbero verificare infatti inconvenienti o ritardi in caso di rilascio del duplicato per smarrimento, furto o distruzione, essendo\u00a0necessario richiedere notizie allo Stato che ha inizialmente rilasciato la patente).<\/p>\n<p>In ogni caso,\u00a0<strong>alla scadenza<\/strong>, i cittadini italiani residenti in Belgio\u00a0<strong>devono chiedere il rilascio della nuova patente rivolgendosi esclusivamente alle Autorit\u00e0 locali<\/strong>\u00a0(v. Circolare del Ministero delle Infrastrutture e Trasporti n. 30 del 21 maggio 1999). \u00c8 a tal fine necessario rivolgersi al Comune belga di residenza.<\/p>\n<p>&nbsp;<\/p>\n<p><strong><u>Patenti scadute o smarrite\/rubate<\/u><\/strong><\/p>\n<p>Nei casi di patente italiana <strong>scaduta<\/strong>, oppure di\u00a0<strong>smarrimento\/furto<\/strong>\u00a0della stessa ancora in corso di validit\u00e0, il rilascio di una nuova patente nel territorio dell\u2019Unione Europa\u00a0<strong>\u00e8 competenza esclusiva delle Autorit\u00e0 locali<\/strong>.\u00a0In base alla direttiva europea 91\/439 del 1991, il Comune belga potrebbe richiedere agli interessati un attestato di \u201cpossesso di patente\u201d rilasciato dalle Autorit\u00e0 competenti dello Stato Membro che ha rilasciato la patente iniziale.<\/p>\n<p>Si consiglia di verificare preventivamente con il proprio Comune belga di residenza la precisa documentazione richiesta.<\/p>\n<p>Tale attestato tuttavia non pu\u00f2 essere rilasciato dalle Rappresentanze diplomatico-consolari, in quanto competenti in tal senso sono esclusivamente l\u2019Autorit\u00e0 centrale italiana o gli Uffici della Motorizzazione Civile.\u00a0Pertanto, nel caso in cui il Comune belga richieda l\u2019attestato di \u201cpossesso di patente\u201d, l\u2019interessato dovr\u00e0 presentare, direttamente o per il tramite di un proprio delegato, apposita istanza presso gli Uffici della Motorizzazione Civile italiana, corredata della documentazione attestante il versamento dell\u2019imposta di bollo e dei diritti previsti da disposizioni di legge.<\/p>\n<p>Poich\u00e9 tale attivit\u00e0 di certificazione non \u00e8 legata n\u00e9 al luogo di residenza del richiedente, n\u00e9 all\u2019Ufficio della Motorizzazione Civile che ha rilasciato la patente, l\u2019utente potr\u00e0 rivolgersi <strong>indifferentemente a qualsiasi Ufficio <\/strong><strong>della Motorizzazione sul territorio nazionale.<\/strong><\/p>\n<p>Il cittadino italiano che si reca per brevi periodi in uno Stato Membro della UE pu\u00f2 circolare utilizzando la patente di guida italiana in quanto, in base alla Direttiva comunitaria n. 91\/439\/CEE del 29 luglio 1991, gli Stati membri riconoscono le patenti di guida rilasciate dalle rispettive Autorit\u00e0.<\/p>\n<p>&nbsp;<\/p>\n<p>&nbsp;<\/p>\n","protected":false},"excerpt":{"rendered":"Gli Uffici Consolari accreditati\u00a0in Paesi dell\u2019Unione Europea\u00a0non sono pi\u00f9 abilitati al rilascio o rinnovo delle patenti di guida italiane. Tali competenze sono assegnate esclusivamente alle\u00a0Autorit\u00e0 locali\u00a0di ciascuno Stato Membro. Il cittadino italiano che abbia\u00a0stabilito la propria residenza in Belgio potr\u00e0: 1.\u00a0convertire la patente di guida italiana in una patente belga\u00a0(attenzione: la conversione \u00e8 una facolt\u00e0, [&hellip;]","protected":false},"author":1,"featured_media":0,"parent":89,"menu_order":1,"comment_status":"closed","ping_status":"closed","template":"","meta":{"footnotes":""},"class_list":["post-91","page","type-page","status-publish","hentry"],"_links":{"self":[{"href":"https:\/\/conscharleroi.esteri.it\/it\/wp-json\/wp\/v2\/pages\/91","targetHints":{"allow":["GET"]}}],"collection":[{"href":"https:\/\/conscharleroi.esteri.it\/it\/wp-json\/wp\/v2\/pages"}],"about":[{"href":"https:\/\/conscharleroi.esteri.it\/it\/wp-json\/wp\/v2\/types\/page"}],"author":[{"embeddable":true,"href":"https:\/\/conscharleroi.esteri.it\/it\/wp-json\/wp\/v2\/users\/1"}],"replies":[{"embeddable":true,"href":"https:\/\/conscharleroi.esteri.it\/it\/wp-json\/wp\/v2\/comments?post=91"}],"version-history":[{"count":6,"href":"https:\/\/conscharleroi.esteri.it\/it\/wp-json\/wp\/v2\/pages\/91\/revisions"}],"predecessor-version":[{"id":2545,"href":"https:\/\/conscharleroi.esteri.it\/it\/wp-json\/wp\/v2\/pages\/91\/revisions\/2545"}],"up":[{"embeddable":true,"href":"https:\/\/conscharleroi.esteri.it\/it\/wp-json\/wp\/v2\/pages\/89"}],"wp:attachment":[{"href":"https:\/\/conscharleroi.esteri.it\/it\/wp-json\/wp\/v2\/media?parent=91"}],"curies":[{"name":"wp","href":"https:\/\/api.w.org\/{rel}","templated":true}]}}